{"id":842,"date":"2017-11-15T17:59:17","date_gmt":"2017-11-15T16:59:17","guid":{"rendered":"https:\/\/www.sechsa.com\/?page_id=842"},"modified":"2026-01-20T12:35:26","modified_gmt":"2026-01-20T11:35:26","slug":"carrieres","status":"publish","type":"page","link":"https:\/\/www.sechsa.com\/fr\/about-us\/carrieres\/","title":{"rendered":"Carri\u00e8res"},"content":{"rendered":"<div class=\"wpb-content-wrapper\"><p>[vc_row][vc_column width=\u00a0\u00bb1\/1&Prime;][vc_custom_heading heading_semantic=\u00a0\u00bbh1&Prime; text_size=\u00a0\u00bbh1&Prime; uncode_shortcode_id=\u00a0\u00bb187568&Prime;]Emplois[\/vc_custom_heading][\/vc_column][\/vc_row][vc_row][vc_column width=\u00a0\u00bb1\/1&Prime;][vc_column_text uncode_shortcode_id=\u00a0\u00bb430956&Prime;]Dans le domaine du d\u00e9veloppement et de la commercialisation de solutions taill\u00e9es sur mesure pour les solutions de stockage d\u2019\u00e9nergie et d\u2019alimentation en \u00e9nergie avec des ultra-condensateurs dans le cadre des applications dans le secteur de l\u2019automobile, du transport, de l\u2019\u00e9nergie et aussi de l\u2019industrie, SECH jouit d\u2019un positionnement particuli\u00e8rement bon. De longues ann\u00e9es d\u2019exp\u00e9rience, un vaste savoir-faire et la volont\u00e9 de d\u00e9velopper en permanence nos produits font de nous un partenaire performant et tourn\u00e9 vers des solutions.<br \/>\nNous avons la conviction que l\u2019innovation, l\u2019int\u00e9grit\u00e9, la performance et la \u00ab passion \u00bb sont les \u00e9l\u00e9ments indispensables pour une r\u00e9ussite \u00e0 long terme. Nous proposons de bonnes conditions de travail et nous attendons de notre personnel un haut niveau d\u2019engagement et de motivation.<\/p>\n<h4>Votre emploi chez SECH ?<\/h4>\n<p>Vous souhaitez d\u00e9marrer chez SECH et devenir un \u00e9l\u00e9ment de notre \u00e9quipe \u00e9nerg\u00e9tique ? Nous serons heureux de recevoir votre candidature pour les postes vacants. Vous avez \u00e9galement bien entendu la possibilit\u00e9 de d\u00e9poser une candidature spontan\u00e9e.<\/p>\n<p>Vous en apprendrez plus dans les diff\u00e9rents descriptifs des postes en question.[\/vc_column_text][\/vc_column][\/vc_row][vc_row row_height_percent=\u00a0\u00bb0&Prime; overlay_alpha=\u00a0\u00bb50&Prime; gutter_size=\u00a0\u00bb3&Prime; column_width_percent=\u00a0\u00bb100&Prime; shift_y=\u00a0\u00bb0&Prime; z_index=\u00a0\u00bb0&Prime; desktop_visibility=\u00a0\u00bbyes\u00a0\u00bb medium_visibility=\u00a0\u00bbyes\u00a0\u00bb mobile_visibility=\u00a0\u00bbyes\u00a0\u00bb][vc_column width=\u00a0\u00bb1\/1&Prime;][vc_column_text]Pour notre localisation \u00e0 Villaz-St-Pierre, nous recherchons:[\/vc_column_text][vc_accordion active_tab=\u00a0\u00bb-1&Prime;][vc_accordion_tab title=\u00a0\u00bbApplication Engineer (w\/m)\u00a0\u00bb tab_id=\u00a0\u00bb1508143763-1-83&Prime;][vc_column_text]<\/p>\n<h5>Your mission<\/h5>\n<p>Establish and maintain an excellent and trustful relationship with the R&amp;D and technical staff of the customers<br \/>\nUnderstand customers need and recommend the right solution<br \/>\nPush design-ins at the customers in coordination with Sales and do technical follow-ups during qualification phase<br \/>\nPromote and position SECH product portfolio with customer and feedback market needs<br \/>\nPerform technical customer seminars and trainings<br \/>\nPerform first level trouble-shooting for new applications<br \/>\nConsult and support the customers concerning SECH ultracapacitor products<br \/>\nFeed-in customer experience as input to R&amp;D roadmap<br \/>\nConceive target specifications for new products<\/p>\n<h5>Your profile<\/h5>\n<p>Degree in Engineering, Electromechanical or Electrical background, Applied Physics, or related fields<br \/>\nTechnically oriented with sound experience in the energy storage domain and in electronics applications in automotive, traction, energy and industry<br \/>\nMinimum 5 years working experience in similar position<br \/>\nExcellent problem-solving capability at customer site<br \/>\nCan work independently and under pressure to provide competent solution to customers<br \/>\nAdvanced English and German, French could be an asset<br \/>\nGood interpersonal and communication skills<br \/>\nReliable, precise, flexible and motivated personality<\/p>\n<h5>What we offer<\/h5>\n<p>We offer you an interesting challenge in a young, dynamic company with good development opportunities. Admission immediately or by appointment.<br \/>\nExcited? Then take your chance and advertise for yourself! We look forward to your complete online application.<\/p>\n<p>&nbsp;<\/p>\n<p><strong>SECH SA<\/strong><br \/>\n<strong>Manuela Lauper<\/strong><br \/>\n<strong>Phone: +41 26 552 52 00<\/strong>[\/vc_column_text][\/vc_accordion_tab][\/vc_accordion][\/vc_column][\/vc_row]<\/p>\n<\/div>","protected":false},"excerpt":{"rendered":"<p>[vc_row][vc_column width=\u00a0\u00bb1\/1&Prime;][vc_custom_heading heading_semantic=\u00a0\u00bbh1&Prime; text_size=\u00a0\u00bbh1&Prime; uncode_shortcode_id=\u00a0\u00bb187568&Prime;]Emplois[\/vc_custom_heading][\/vc_column][\/vc_row][vc_row][vc_column width=\u00a0\u00bb1\/1&Prime;][vc_column_text uncode_shortcode_id=\u00a0\u00bb430956&Prime;]Dans le domaine du d\u00e9veloppement et de la commercialisation de solutions taill\u00e9es sur mesure [&hellip;]<\/p>\n","protected":false},"author":2,"featured_media":0,"parent":820,"menu_order":3,"comment_status":"closed","ping_status":"closed","template":"","meta":{"inline_featured_image":false,"_locale":"fr_FR","_original_post":"72","footnotes":""},"class_list":["post-842","page","type-page","status-publish","hentry","fr-FR"],"_links":{"self":[{"href":"https:\/\/www.sechsa.com\/wp-json\/wp\/v2\/pages\/842","targetHints":{"allow":["GET"]}}],"collection":[{"href":"https:\/\/www.sechsa.com\/wp-json\/wp\/v2\/pages"}],"about":[{"href":"https:\/\/www.sechsa.com\/wp-json\/wp\/v2\/types\/page"}],"author":[{"embeddable":true,"href":"https:\/\/www.sechsa.com\/wp-json\/wp\/v2\/users\/2"}],"replies":[{"embeddable":true,"href":"https:\/\/www.sechsa.com\/wp-json\/wp\/v2\/comments?post=842"}],"version-history":[{"count":6,"href":"https:\/\/www.sechsa.com\/wp-json\/wp\/v2\/pages\/842\/revisions"}],"predecessor-version":[{"id":7560,"href":"https:\/\/www.sechsa.com\/wp-json\/wp\/v2\/pages\/842\/revisions\/7560"}],"up":[{"embeddable":true,"href":"https:\/\/www.sechsa.com\/wp-json\/wp\/v2\/pages\/820"}],"wp:attachment":[{"href":"https:\/\/www.sechsa.com\/wp-json\/wp\/v2\/media?parent=842"}],"curies":[{"name":"wp","href":"https:\/\/api.w.org\/{rel}","templated":true}]}}