{"id":836,"date":"2017-11-15T17:36:10","date_gmt":"2017-11-15T16:36:10","guid":{"rendered":"https:\/\/www.sechsa.com\/?page_id=836"},"modified":"2026-01-20T12:27:22","modified_gmt":"2026-01-20T11:27:22","slug":"itineraire","status":"publish","type":"page","link":"https:\/\/www.sechsa.com\/fr\/about-us\/itineraire\/","title":{"rendered":"Emplacement"},"content":{"rendered":"<div class=\"wpb-content-wrapper\"><p>[vc_row][vc_column width=\u00a0\u00bb1\/1&Prime;][vc_custom_heading heading_semantic=\u00a0\u00bbh1&Prime; text_size=\u00a0\u00bbh1&Prime; uncode_shortcode_id=\u00a0\u00bb169111&Prime;]Emplacement[\/vc_custom_heading][\/vc_column][\/vc_row][vc_row][vc_column width=\u00a0\u00bb1\/3&Prime;][vc_column_text uncode_shortcode_id=\u00a0\u00bb124740&Prime;]<\/p>\n<h2>Itin\u00e9raire<\/h2>\n<p>SECH SA est bas\u00e9e au centre technologique \u00ab\u00a0Le Vivier\u00a0\u00bb, situ\u00e9 \u00e0 Villaz-St-Pierre, un village pr\u00e8s de Romont sur l&rsquo;axe entre Fribourg et Lausanne.<\/p>\n<p>La soci\u00e9t\u00e9 est facilement accessible par les transports publics ou en voiture. Les distances par rapport aux villes principales et a\u00e9roports sont:<\/p>\n<p>180 km de l&rsquo;a\u00e9roport de Zurich<br \/>\n110 km de l&rsquo;a\u00e9roport de Gen\u00e8ve<br \/>\n50 km de Berne<br \/>\n20 km de Fribourg[\/vc_column_text][\/vc_column][vc_column column_width_percent=\u00a0\u00bb100&Prime; position_vertical=\u00a0\u00bbmiddle\u00a0\u00bb gutter_size=\u00a0\u00bb3&Prime; override_padding=\u00a0\u00bbyes\u00a0\u00bb column_padding=\u00a0\u00bb0&Prime; expand_height=\u00a0\u00bbyes\u00a0\u00bb back_color=\u00a0\u00bbcolor-xsdn\u00a0\u00bb overlay_alpha=\u00a0\u00bb50&Prime; shift_x=\u00a0\u00bb0&Prime; shift_y=\u00a0\u00bb0&Prime; shift_y_down=\u00a0\u00bb0&Prime; z_index=\u00a0\u00bb0&Prime; medium_width=\u00a0\u00bb0&Prime; mobile_width=\u00a0\u00bb0&Prime; width=\u00a0\u00bb2\/3&Prime; uncode_shortcode_id=\u00a0\u00bb139867&Prime; back_color_type=\u00a0\u00bbuncode-palette\u00a0\u00bb][vc_single_image media=\u00a0\u00bb202&Prime; media_width_percent=\u00a0\u00bb100&Prime; uncode_shortcode_id=\u00a0\u00bb891519&Prime;][\/vc_column][\/vc_row][vc_row][vc_column width=\u00a0\u00bb1\/3&Prime;][vc_column_text uncode_shortcode_id=\u00a0\u00bb178418&Prime;]<\/p>\n<h2>H\u00e9bergement<\/h2>\n<p><b>H\u00f4tel des Innovations<\/b><br \/>\nRoute de l\u2019Ancienne Papeterie 212<br \/>\n1723 Marly<br \/>\n<i id=\"fac_6a01dda986d77\" class=\"fa fa-phone\"><\/i>\n +41 26 436 25 25<br \/>\n<i id=\"fac_6a01dda9898dd\" class=\"fa fa-envelope\"><\/i>\n contact@hdi.ch<br \/>\n<i id=\"fac_6a01dda989f49\" class=\"fa fa-globe\"><\/i>\n www.hdi.ch<\/p>\n<p><b>Hotel aux Remparts<\/b><br \/>\nSitu\u00e9 \u00e0 proximit\u00e9 de la vielle ville<br \/>\nChemin Montrevers 1<br \/>\n1700 Fribourg<br \/>\n<i id=\"fac_6a01dda98a54d\" class=\"fa fa-phone\"><\/i>\n +41 26 347 56 56<br \/>\n<i id=\"fac_6a01dda98ab32\" class=\"fa fa-envelope\"><\/i>\n info@hotelremparts.ch<br \/>\n<i id=\"fac_6a01dda98b0d9\" class=\"fa fa-globe\"><\/i>\n www.hotel-remparts.ch<\/p>\n<p><b>Hotel ibis Fribourg<\/b><br \/>\nSitu\u00e9 \u00e0 proximit\u00e9 de l&rsquo;autoroute<br \/>\nRoute du Lac 21<br \/>\n1763 Granges-Paccot<br \/>\n<i id=\"fac_6a01dda98b668\" class=\"fa fa-phone\"><\/i>\n +41 26 469 79 00<br \/>\n<i id=\"fac_6a01dda98bc97\" class=\"fa fa-envelope\"><\/i>\n h5324@accor.com<br \/>\n<i id=\"fac_6a01dda98c32e\" class=\"fa fa-globe\"><\/i>\n www.ibis.com[\/vc_column_text][\/vc_column][vc_column column_width_percent=\u00a0\u00bb100&Prime; gutter_size=\u00a0\u00bb3&Prime; expand_height=\u00a0\u00bbyes\u00a0\u00bb overlay_alpha=\u00a0\u00bb50&Prime; shift_x=\u00a0\u00bb0&Prime; shift_y=\u00a0\u00bb0&Prime; shift_y_down=\u00a0\u00bb0&Prime; z_index=\u00a0\u00bb0&Prime; medium_width=\u00a0\u00bb0&Prime; mobile_width=\u00a0\u00bb0&Prime; width=\u00a0\u00bb2\/3&Prime;][vc_gmaps latlon=\u00a0\u00bb46.7182019,6.9607082&Prime; map_color=\u00a0\u00bbcolor-116841&Prime; ui_color=\u00a0\u00bbaccent\u00a0\u00bb zoom=\u00a0\u00bb11&Prime; map_saturation=\u00a0\u00bb-100&Prime; map_brightness=\u00a0\u00bb5&Prime; address=\u00a0\u00bbZ.I. du Vivier 22<br \/>\n1690 Villaz-St-Pierre<br \/>\nSwitzerland\u00a0\u00bb][\/vc_column][\/vc_row]<\/p>\n<\/div>","protected":false},"excerpt":{"rendered":"<p>[vc_row][vc_column width=\u00a0\u00bb1\/1&Prime;][vc_custom_heading heading_semantic=\u00a0\u00bbh1&Prime; text_size=\u00a0\u00bbh1&Prime; uncode_shortcode_id=\u00a0\u00bb169111&Prime;]Emplacement[\/vc_custom_heading][\/vc_column][\/vc_row][vc_row][vc_column width=\u00a0\u00bb1\/3&Prime;][vc_column_text uncode_shortcode_id=\u00a0\u00bb124740&Prime;] Itin\u00e9raire SECH SA est bas\u00e9e au centre technologique \u00ab\u00a0Le Vivier\u00a0\u00bb, situ\u00e9 \u00e0 Villaz-St-Pierre, [&hellip;]<\/p>\n","protected":false},"author":2,"featured_media":0,"parent":820,"menu_order":2,"comment_status":"closed","ping_status":"closed","template":"","meta":{"inline_featured_image":false,"_locale":"fr_FR","_original_post":"75","footnotes":""},"class_list":["post-836","page","type-page","status-publish","hentry","fr-FR"],"_links":{"self":[{"href":"https:\/\/www.sechsa.com\/wp-json\/wp\/v2\/pages\/836","targetHints":{"allow":["GET"]}}],"collection":[{"href":"https:\/\/www.sechsa.com\/wp-json\/wp\/v2\/pages"}],"about":[{"href":"https:\/\/www.sechsa.com\/wp-json\/wp\/v2\/types\/page"}],"author":[{"embeddable":true,"href":"https:\/\/www.sechsa.com\/wp-json\/wp\/v2\/users\/2"}],"replies":[{"embeddable":true,"href":"https:\/\/www.sechsa.com\/wp-json\/wp\/v2\/comments?post=836"}],"version-history":[{"count":7,"href":"https:\/\/www.sechsa.com\/wp-json\/wp\/v2\/pages\/836\/revisions"}],"predecessor-version":[{"id":7674,"href":"https:\/\/www.sechsa.com\/wp-json\/wp\/v2\/pages\/836\/revisions\/7674"}],"up":[{"embeddable":true,"href":"https:\/\/www.sechsa.com\/wp-json\/wp\/v2\/pages\/820"}],"wp:attachment":[{"href":"https:\/\/www.sechsa.com\/wp-json\/wp\/v2\/media?parent=836"}],"curies":[{"name":"wp","href":"https:\/\/api.w.org\/{rel}","templated":true}]}}