{"id":796,"date":"2017-11-15T15:03:48","date_gmt":"2017-11-15T14:03:48","guid":{"rendered":"https:\/\/www.sechsa.com\/?page_id=796"},"modified":"2026-01-20T12:13:38","modified_gmt":"2026-01-20T11:13:38","slug":"technologie","status":"publish","type":"page","link":"https:\/\/www.sechsa.com\/fr\/support-technique\/technologie\/","title":{"rendered":"Technologie"},"content":{"rendered":"<div class=\"wpb-content-wrapper\"><p>[vc_row][vc_column width=\u00a0\u00bb1\/1&Prime;][vc_custom_heading heading_semantic=\u00a0\u00bbh1&Prime; text_size=\u00a0\u00bbh1&Prime; uncode_shortcode_id=\u00a0\u00bb164735&Prime;]Leadership technologique gr\u00e2ce \u00e0 nos produits[\/vc_custom_heading][\/vc_column][\/vc_row][vc_row][vc_column width=\u00a0\u00bb1\/1&Prime;][vc_column_text uncode_shortcode_id=\u00a0\u00bb152208&Prime;]Nous assurons un leadership technologique avec nos gammes de supercondensateurs, ultra-condensateurs et condensateurs hybrides. La performance et les caract\u00e9ristiques de nos ultra-condensateurs sont directement optimis\u00e9es par le choix des mat\u00e9riaux d\u2019\u00e9lectrodes. Pour la r\u00e9alisation des \u00e9lectrodes, SECH utilise une poudre de charbon actif qui fait l\u2019objet d\u2019autres op\u00e9rations d\u2019optimisation par des processus prot\u00e9g\u00e9s par des brevets. Dans ce contexte, la taille des pores du carbone et leur r\u00e9partition sont s\u00e9lectionn\u00e9es de mani\u00e8re \u00e0 ce qu\u2019il en r\u00e9sulte une surface accessible aussi grande que possible. De plus, il y a une harmonisation aussi bonne que possible entre la taille des pores et les ions utilis\u00e9s dans l\u2019\u00e9lectrolyte mis en \u0153uvre, de telle sorte que le mat\u00e9riau des \u00e9lectrodes pr\u00e9sente une grande capacit\u00e9 et une r\u00e9sistance interne plus r\u00e9duite, tout en faisant preuve d\u2019une stabilit\u00e9 \u00e9lectrochimique exceptionnelle. Le mat\u00e9riau des \u00e9lectrodes est r\u00e9alis\u00e9 par des proc\u00e9d\u00e9s simples de fabrication, avec un contr\u00f4le strict de la qualit\u00e9. Compte tenu que nous maitrisons parfaitement la technologie des \u00e9lectrodes, nous sommes \u00e0 tout moment en mesure d\u2019adapter les performances de nos produits aux besoins des diverses applications.<\/p>\n<p>Dans un premier temps le charbon actif est fix\u00e9 sur un collecteur de courant, pour former ainsi une \u00e9lectrode. Dans un deuxi\u00e8me temps un condensateur est form\u00e9 en enroulant conjointement deux \u00e9lectrodes et deux s\u00e9parateurs. La bobine ainsi r\u00e9alis\u00e9e est ins\u00e9r\u00e9e dans un bo\u00eetier robuste, herm\u00e9tique et \u00e9tanche. Apr\u00e8s s\u00e9chage, le condensateur est impr\u00e9gn\u00e9 avec un \u00e9lectrolyte performant. Nos condensateurs se distinguent par des raccords internes uniquement soud\u00e9s au laser, par le recours \u00e0 l\u2019aluminium pur pour les bo\u00eetiers et pour les contacts \u00e9lectriques, ainsi que par un design innovant et brevet\u00e9 pour les bo\u00eetiers. On s\u2019assure ainsi que par rapport aux produits de la concurrence, les ultra-condensateurs SECH fassent preuve de performances uniques dans tous les domaines. Les ultra-condensateurs SECH pr\u00e9sentent un tr\u00e8s haut niveau d\u2019\u00e9nergie et de performances, ils ont une dur\u00e9e de vie extr\u00eamement longue, ils sont fiables et ne n\u00e9cessitent aucun entretien.<\/p>\n<p>Les atouts et les avantages des ultra-condensateurs SECH se refl\u00e8tent \u00e9galement dans nos modules et nos syst\u00e8mes. Ceux-ci se distinguent \u00e9galement par leurs caract\u00e9ristiques \u00e9lectriques mais aussi m\u00e9caniques. Ils constituent ainsi les produits id\u00e9aux pour un nombre quasiment illimit\u00e9 d\u2019applications. Avec nos solutions syst\u00e8mes, nous mettons en avant la grande exp\u00e9rience de notre groupe de tutelle dans le domaine de l\u2019\u00e9lectronique de puissance et de la technologie des communications. Nous sommes ainsi en mesure, conjointement avec eux et au profit de nos clients, de proposer des solutions parfaitement adapt\u00e9es et si possible totalement int\u00e9gr\u00e9es et de les mettre en pratique.<\/p>\n<p>Tandis qu\u2019une grande partie de la recherche et du d\u00e9veloppement des produits a lieu chez SECH en Suisse, nos produits sont exclusivement fabriqu\u00e9s en Chine. Cela nous permet de proposer \u00e0 nos clients des produits avec le meilleur rapport qualit\u00e9-prix. De plus, gr\u00e2ce \u00e0 une grande stabilit\u00e9 financi\u00e8re de l\u2019entreprise, nous sommes en mesure de d\u00e9velopper la capacit\u00e9 de production de mani\u00e8re rapide et efficace afin de soutenir le rythme d\u2019une demande croissante.[\/vc_column_text][\/vc_column][\/vc_row][vc_row][vc_column width=\u00a0\u00bb1\/1&Prime;][vc_column_text uncode_shortcode_id=\u00a0\u00bb498727&Prime;]<\/p>\n<h2>Qu\u2019est ce qui caract\u00e9rise les ultra-condensateurs SECH ?<\/h2>\n<ul>\n<li>Une tension de cellule de 3.0 Vdc<\/li>\n<li>Un tr\u00e8s haut niveau d\u2019\u00e9nergie et de performance<\/li>\n<li>Une r\u00e9sistance interne tr\u00e8s faible, un haut niveau d\u2019efficacit\u00e9 et des pertes r\u00e9duites<\/li>\n<li>Un design innovant des cellules\n<ul>\n<li>Un bo\u00eetier soud\u00e9 au laser pour une \u00e9tanch\u00e9it\u00e9 parfaite de la cellule<\/li>\n<li>Des travers\u00e9es int\u00e9gr\u00e9es pour des produits compacts et l\u00e9gers<\/li>\n<\/ul>\n<\/li>\n<li>Des connexions internes soud\u00e9es au laser pour des valeurs faibles r\u00e9sistance interne et pour une liaison thermique optimale tout au long de la dur\u00e9e de vie<\/li>\n<li>Une tr\u00e8s grande fiabilit\u00e9 et une tr\u00e8s grande dur\u00e9e de vie, gr\u00e2ce \u00e0 l\u2019utilisation de mat\u00e9riaux tr\u00e8s purs et aux structures optimis\u00e9es pour les \u00e9lectrodes<\/li>\n<li>Des raccords \u00e9lectriques avec un concept anti-rotation<\/li>\n<li>Des raccords \u00e0 vis avec un couple de serrage \u00e9lev\u00e9<\/li>\n<li>Une proc\u00e9dure automatis\u00e9e de fabrication avec online Monitoring SPC<\/li>\n<li>Un excellent rapport qualit\u00e9-prix<\/li>\n<\/ul>\n<p>[\/vc_column_text][\/vc_column][\/vc_row][vc_row][vc_column width=\u00a0\u00bb1\/1&Prime;][vc_column_text uncode_shortcode_id=\u00a0\u00bb104668&Prime;]<\/p>\n<h2>Quelles sont les caract\u00e9ristiques propres aux modules et aux syst\u00e8mes SECH ?<\/h2>\n<ul>\n<li>Un tr\u00e8s haut niveau d\u2019\u00e9nergie et de performance<\/li>\n<li>Une r\u00e9sistance interne tr\u00e8s faible, un haut niveau d\u2019efficacit\u00e9 et des pertes r\u00e9duites<\/li>\n<li>Un design modulaire<\/li>\n<li>Des solutions sp\u00e9cifiques aux clients<\/li>\n<li>Des connexions entre les cellules soud\u00e9es au laser pour des valeurs faibles de r\u00e9sistance interne<\/li>\n<li>Des syst\u00e8mes avec une \u00e9lectronique de compensation et de surveillance, une interface de communication et une partie \u00e9lectronique de puissance, incluant par exemple un convertisseur DCDC<\/li>\n<li>Une tr\u00e8s grande fiabilit\u00e9 et une tr\u00e8s grande dur\u00e9e de vie<\/li>\n<li>Un bon rapport qualit\u00e9-prix<\/li>\n<\/ul>\n<p>[\/vc_column_text][\/vc_column][\/vc_row]<\/p>\n<\/div>","protected":false},"excerpt":{"rendered":"<p>[vc_row][vc_column width=\u00a0\u00bb1\/1&Prime;][vc_custom_heading heading_semantic=\u00a0\u00bbh1&Prime; text_size=\u00a0\u00bbh1&Prime; uncode_shortcode_id=\u00a0\u00bb164735&Prime;]Leadership technologique gr\u00e2ce \u00e0 nos produits[\/vc_custom_heading][\/vc_column][\/vc_row][vc_row][vc_column width=\u00a0\u00bb1\/1&Prime;][vc_column_text uncode_shortcode_id=\u00a0\u00bb152208&Prime;]Nous assurons un leadership technologique avec nos gammes de [&hellip;]<\/p>\n","protected":false},"author":2,"featured_media":0,"parent":792,"menu_order":0,"comment_status":"closed","ping_status":"closed","template":"","meta":{"inline_featured_image":false,"_locale":"fr_FR","_original_post":"63","footnotes":""},"class_list":["post-796","page","type-page","status-publish","hentry","fr-FR"],"_links":{"self":[{"href":"https:\/\/www.sechsa.com\/wp-json\/wp\/v2\/pages\/796","targetHints":{"allow":["GET"]}}],"collection":[{"href":"https:\/\/www.sechsa.com\/wp-json\/wp\/v2\/pages"}],"about":[{"href":"https:\/\/www.sechsa.com\/wp-json\/wp\/v2\/types\/page"}],"author":[{"embeddable":true,"href":"https:\/\/www.sechsa.com\/wp-json\/wp\/v2\/users\/2"}],"replies":[{"embeddable":true,"href":"https:\/\/www.sechsa.com\/wp-json\/wp\/v2\/comments?post=796"}],"version-history":[{"count":7,"href":"https:\/\/www.sechsa.com\/wp-json\/wp\/v2\/pages\/796\/revisions"}],"predecessor-version":[{"id":7532,"href":"https:\/\/www.sechsa.com\/wp-json\/wp\/v2\/pages\/796\/revisions\/7532"}],"up":[{"embeddable":true,"href":"https:\/\/www.sechsa.com\/wp-json\/wp\/v2\/pages\/792"}],"wp:attachment":[{"href":"https:\/\/www.sechsa.com\/wp-json\/wp\/v2\/media?parent=796"}],"curies":[{"name":"wp","href":"https:\/\/api.w.org\/{rel}","templated":true}]}}