{"id":792,"date":"2017-11-15T14:48:34","date_gmt":"2017-11-15T13:48:34","guid":{"rendered":"https:\/\/www.sechsa.com\/?page_id=792"},"modified":"2026-01-20T11:25:34","modified_gmt":"2026-01-20T10:25:34","slug":"support-technique","status":"publish","type":"page","link":"https:\/\/www.sechsa.com\/fr\/support-technique\/","title":{"rendered":"Support technique"},"content":{"rendered":"<div class=\"wpb-content-wrapper\"><p>[vc_row][vc_column width=\u00a0\u00bb1\/1&Prime;][vc_custom_heading heading_semantic=\u00a0\u00bbh1&Prime; text_size=\u00a0\u00bbh1&Prime; uncode_shortcode_id=\u00a0\u00bb580417&Prime;]Support technique[\/vc_custom_heading][\/vc_column][\/vc_row][vc_row][vc_column width=\u00a0\u00bb1\/1&Prime;][vc_column_text uncode_shortcode_id=\u00a0\u00bb114818&Prime;]En \u00e9troite collaboration avec nos clients, nous d\u00e9veloppons des solutions d\u00e9di\u00e9es et des produits innovants sur la base des ultra-condensateurs. L\u2019\u00e9quipe SECH de recherche et d\u00e9veloppement exp\u00e9riment\u00e9e s\u2019efforce de projeter et de r\u00e9aliser des produits avec les meilleures performances, pour une mise en \u0153uvre dans le cadre des applications les plus exigeantes. Nos clients peuvent se reposer sur le fait que nous leur apportons notre soutien au cours de la phase de d\u00e9veloppement, afin de pouvoir r\u00e9aliser plus rapidement les produits d\u00e9finitifs. Nos forces dans les \u00e9changes avec les clients sont r\u00e9sum\u00e9es par ces deux d\u00e9clarations : nous <strong>proposons des solutions<\/strong> et nous nous y <strong>tenons tout simplement !<\/strong>[\/vc_column_text][\/vc_column][\/vc_row][vc_row row_height_percent=\u00a0\u00bb0&Prime; overlay_alpha=\u00a0\u00bb50&Prime; gutter_size=\u00a0\u00bb2&Prime; column_width_percent=\u00a0\u00bb100&Prime; shift_y=\u00a0\u00bb0&Prime; z_index=\u00a0\u00bb0&Prime; el_class=\u00a0\u00bbapplication_boxes\u00a0\u00bb][vc_column column_width_percent=\u00a0\u00bb100&Prime; gutter_size=\u00a0\u00bb3&Prime; overlay_alpha=\u00a0\u00bb50&Prime; shift_x=\u00a0\u00bb0&Prime; shift_y=\u00a0\u00bb0&Prime; shift_y_down=\u00a0\u00bb0&Prime; z_index=\u00a0\u00bb0&Prime; medium_width=\u00a0\u00bb0&Prime; mobile_width=\u00a0\u00bb0&Prime; width=\u00a0\u00bb1\/6&Prime;][vc_icon icon_image=\u00a0\u00bb576&Prime; heading_semantic=\u00a0\u00bbh5&Prime; text_size=\u00a0\u00bbh5&Prime; linked_title=\u00a0\u00bbyes\u00a0\u00bb title=\u00a0\u00bbTechnologie\u00a0\u00bb link=\u00a0\u00bburl:https%3A%2F%2Fwww.sechsa.com%2Ffr%2Ftechnical-support%2Ftechnologie%2F|||\u00a0\u00bb el_class=\u00a0\u00bbapplication_icon\u00a0\u00bb]Performance sup\u00e9rieure et caract\u00e9ristiques uniques \u00e0 tous les \u00e9gards.[\/vc_icon][\/vc_column][vc_column width=\u00a0\u00bb1\/6&Prime;][vc_icon icon_image=\u00a0\u00bb575&Prime; heading_semantic=\u00a0\u00bbh5&Prime; text_size=\u00a0\u00bbh5&Prime; linked_title=\u00a0\u00bbyes\u00a0\u00bb title=\u00a0\u00bbSupport\u00a0\u00bb link=\u00a0\u00bburl:https%3A%2F%2Fwww.sechsa.com%2Ffr%2Ftechnical-support%2Fsupport%2F|||\u00a0\u00bb el_class=\u00a0\u00bbapplication_icon\u00a0\u00bb]Pour tout support contactez-nous sans tarder ![\/vc_icon][\/vc_column][vc_column width=\u00a0\u00bb1\/6&Prime;][vc_icon icon_image=\u00a0\u00bb577&Prime; heading_semantic=\u00a0\u00bbh5&Prime; text_size=\u00a0\u00bbh5&Prime; linked_title=\u00a0\u00bbyes\u00a0\u00bb title=\u00a0\u00bbTools\u00a0\u00bb link=\u00a0\u00bburl:https%3A%2F%2Fwww.sechsa.com%2Ffr%2Fsupport-technique%2Ftools%2F|||\u00a0\u00bb el_class=\u00a0\u00bbapplication_icon\u00a0\u00bb]N&rsquo;h\u00e9sitez pas \u00e0 utiliser notre outil de dimensionnement pour faire un premier design de votre solution.[\/vc_icon][\/vc_column][vc_column width=\u00a0\u00bb1\/6&Prime;][vc_icon icon_image=\u00a0\u00bb574&Prime; heading_semantic=\u00a0\u00bbh5&Prime; text_size=\u00a0\u00bbh5&Prime; linked_title=\u00a0\u00bbyes\u00a0\u00bb title=\u00a0\u00bbQuestionnaire\u00a0\u00bb link=\u00a0\u00bburl:https%3A%2F%2Fwww.sechsa.com%2Ffr%2Ftechnical-support%2Fquestionnaire%2F|||\u00a0\u00bb el_class=\u00a0\u00bbapplication_icon\u00a0\u00bb]Faites-nous savoir vos informations sp\u00e9cifiques de votre application.[\/vc_icon][\/vc_column][vc_column width=\u00a0\u00bb1\/6&Prime;][vc_icon icon_image=\u00a0\u00bb573&Prime; heading_semantic=\u00a0\u00bbh5&Prime; text_size=\u00a0\u00bbh5&Prime; linked_title=\u00a0\u00bbyes\u00a0\u00bb title=\u00a0\u00bbDownloads\u00a0\u00bb link=\u00a0\u00bburl:https%3A%2F%2Fwww.sechsa.com%2Ffr%2Ftechnical-support%2Fdownloads%2F|||\u00a0\u00bb el_class=\u00a0\u00bbapplication_icon\u00a0\u00bb]Tous nos documents d\u00e9taill\u00e9s et informatifs sont en un seul endroit.[\/vc_icon][\/vc_column][\/vc_row]<\/p>\n<\/div>","protected":false},"excerpt":{"rendered":"<p>[vc_row][vc_column width=\u00a0\u00bb1\/1&Prime;][vc_custom_heading heading_semantic=\u00a0\u00bbh1&Prime; text_size=\u00a0\u00bbh1&Prime; uncode_shortcode_id=\u00a0\u00bb580417&Prime;]Support technique[\/vc_custom_heading][\/vc_column][\/vc_row][vc_row][vc_column width=\u00a0\u00bb1\/1&Prime;][vc_column_text uncode_shortcode_id=\u00a0\u00bb114818&Prime;]En \u00e9troite collaboration avec nos clients, nous d\u00e9veloppons des solutions d\u00e9di\u00e9es et des [&hellip;]<\/p>\n","protected":false},"author":2,"featured_media":0,"parent":0,"menu_order":20,"comment_status":"closed","ping_status":"closed","template":"","meta":{"inline_featured_image":false,"_locale":"fr_FR","_original_post":"30","footnotes":""},"class_list":["post-792","page","type-page","status-publish","hentry","fr-FR"],"_links":{"self":[{"href":"https:\/\/www.sechsa.com\/wp-json\/wp\/v2\/pages\/792","targetHints":{"allow":["GET"]}}],"collection":[{"href":"https:\/\/www.sechsa.com\/wp-json\/wp\/v2\/pages"}],"about":[{"href":"https:\/\/www.sechsa.com\/wp-json\/wp\/v2\/types\/page"}],"author":[{"embeddable":true,"href":"https:\/\/www.sechsa.com\/wp-json\/wp\/v2\/users\/2"}],"replies":[{"embeddable":true,"href":"https:\/\/www.sechsa.com\/wp-json\/wp\/v2\/comments?post=792"}],"version-history":[{"count":8,"href":"https:\/\/www.sechsa.com\/wp-json\/wp\/v2\/pages\/792\/revisions"}],"predecessor-version":[{"id":7527,"href":"https:\/\/www.sechsa.com\/wp-json\/wp\/v2\/pages\/792\/revisions\/7527"}],"wp:attachment":[{"href":"https:\/\/www.sechsa.com\/wp-json\/wp\/v2\/media?parent=792"}],"curies":[{"name":"wp","href":"https:\/\/api.w.org\/{rel}","templated":true}]}}