{"id":788,"date":"2017-11-15T13:17:30","date_gmt":"2017-11-15T12:17:30","guid":{"rendered":"https:\/\/www.sechsa.com\/?page_id=788"},"modified":"2026-01-19T12:43:25","modified_gmt":"2026-01-19T11:43:25","slug":"industrie","status":"publish","type":"page","link":"https:\/\/www.sechsa.com\/fr\/applications\/industrie\/","title":{"rendered":"Industrie"},"content":{"rendered":"<div class=\"wpb-content-wrapper\"><p>[vc_row][vc_column width=\u00a0\u00bb1\/1&Prime;][vc_custom_heading heading_semantic=\u00a0\u00bbh1&Prime; text_size=\u00a0\u00bbh1&Prime; uncode_shortcode_id=\u00a0\u00bb185491&Prime;]Industrie[\/vc_custom_heading][\/vc_column][\/vc_row][vc_row row_height_percent=\u00a0\u00bb0&Prime; overlay_alpha=\u00a0\u00bb50&Prime; gutter_size=\u00a0\u00bb3&Prime; column_width_percent=\u00a0\u00bb100&Prime; shift_y=\u00a0\u00bb0&Prime; z_index=\u00a0\u00bb0&Prime; desktop_visibility=\u00a0\u00bbyes\u00a0\u00bb][vc_column width=\u00a0\u00bb1\/1&Prime;][vc_gallery el_id=\u00a0\u00bbgallery-128878&Prime; type=\u00a0\u00bbcarousel\u00a0\u00bb medias=\u00a0\u00bb623,948,946&Prime; carousel_lg=\u00a0\u00bb3&Prime; carousel_md=\u00a0\u00bb3&Prime; carousel_sm=\u00a0\u00bb1&Prime; gutter_size=\u00a0\u00bb3&Prime; carousel_interval=\u00a0\u00bb3000&Prime; carousel_navspeed=\u00a0\u00bb400&Prime; carousel_loop=\u00a0\u00bbyes\u00a0\u00bb stage_padding=\u00a0\u00bb0&Prime; single_overlay_opacity=\u00a0\u00bb50&Prime; single_v_position=\u00a0\u00bbtop\u00a0\u00bb single_padding=\u00a0\u00bb2&Prime; single_border=\u00a0\u00bbyes\u00a0\u00bb][\/vc_column][\/vc_row][vc_row row_height_percent=\u00a0\u00bb0&Prime; overlay_alpha=\u00a0\u00bb50&Prime; gutter_size=\u00a0\u00bb3&Prime; column_width_percent=\u00a0\u00bb100&Prime; shift_y=\u00a0\u00bb0&Prime; z_index=\u00a0\u00bb0&Prime;][vc_column column_width_percent=\u00a0\u00bb100&Prime; gutter_size=\u00a0\u00bb3&Prime; overlay_alpha=\u00a0\u00bb50&Prime; shift_x=\u00a0\u00bb0&Prime; shift_y=\u00a0\u00bb0&Prime; shift_y_down=\u00a0\u00bb0&Prime; z_index=\u00a0\u00bb0&Prime; medium_visibility=\u00a0\u00bbyes\u00a0\u00bb medium_width=\u00a0\u00bb0&Prime; mobile_visibility=\u00a0\u00bbyes\u00a0\u00bb mobile_width=\u00a0\u00bb0&Prime; width=\u00a0\u00bb1\/3&Prime;][vc_gallery el_id=\u00a0\u00bbgallery-128878&Prime; type=\u00a0\u00bbjustified\u00a0\u00bb medias=\u00a0\u00bb623,601,611,948,944,946&Prime; justify_row_height=\u00a0\u00bb\u00a0\u00bb gutter_size=\u00a0\u00bb3&Prime; single_overlay_opacity=\u00a0\u00bb50&Prime; single_v_position=\u00a0\u00bbtop\u00a0\u00bb single_padding=\u00a0\u00bb2&Prime; single_border=\u00a0\u00bbyes\u00a0\u00bb][\/vc_column][vc_column width=\u00a0\u00bb2\/3&Prime;][vc_column_text uncode_shortcode_id=\u00a0\u00bb109080&Prime;]De nombreuses applications industrielles requi\u00e8rent des solutions de stockage d\u2019\u00e9nergie alliant fiabilit\u00e9, haute performance et durabilit\u00e9. Les supercondensateurs se sont \u00e9tablis comme une technologie sup\u00e9rieure pour r\u00e9pondre \u00e0 ces exigences telles que :<\/p>\n<ul>\n<li>Chariots \u00e9l\u00e9vateurs<\/li>\n<li>Grues et palans, portiques mobiles de levage<\/li>\n<li>Machines de construction<\/li>\n<li>T\u00e9l\u00e9communication<\/li>\n<li>Robotique, syst\u00e8mes automatis\u00e9s<\/li>\n<li>V\u00e9hicules de transport autonomes<\/li>\n<li>Serrures de porte \u00e9lectroniques, syst\u00e8mes d\u2019ouverture de porte et de ventilation, contr\u00f4le de volets.<\/li>\n<li>Dispositifs m\u00e9dicaux<\/li>\n<li>Electronique grand public<\/li>\n<li>Appareils m\u00e9nagers<\/li>\n<li>Sauvegarde de l\u2019horloge en temps r\u00e9el<\/li>\n<li>Compteurs d\u2019\u00e9lectricit\u00e9<\/li>\n<li>Alimentation \u00e0 distance pour capteurs, LED, interrupteurs<\/li>\n<li>M\u00e9moire de sauvegarde SRAM<\/li>\n<li>Transmission d\u2019\u00e9nergie en mode impulsionnel<\/li>\n<\/ul>\n<p>[\/vc_column_text][vc_column_text uncode_shortcode_id=\u00a0\u00bb864488&Prime;]<\/p>\n<h2>Chariots \u00e9l\u00e9vateurs, grues et palans, portiques mobiles de levage, machines de construction<\/h2>\n<p>Dans le cadre de ces applications, la r\u00e9cup\u00e9ration d\u2019\u00e9nergie se situe au premier plan. Les supercondensateurs sont utilis\u00e9s pour emmagasiner efficacement de l\u2019\u00e9nergie lors de la descente ou du freinage des charges, et pour la restituer rapidement lors du levage ou de la reprise du d\u00e9placement.<\/p>\n<p>Pour les v\u00e9hicule ou appareils entra\u00een\u00e9s par moteur diesel, il est alors possible de r\u00e9duire la puissance du moteur \u00e0 combustion par une hybridation du syst\u00e8me \u00e9lectrique. Gr\u00e2ce \u00e0 ce moteur plus petit, la consommation de carburant diminuera significativement.<\/p>\n<p>Pour un v\u00e9hicule ou un appareil purement \u00e9lectrique, \u00e9quip\u00e9 de batteries d\u2019accumulateur, l\u2019adjonction d\u2019un syst\u00e8me de stockage par supercondensateurs apporte son soutien \u00e0 la batterie en fournissant les pics de puissance et prolonge ainsi la dur\u00e9e de vie de la batterie.[\/vc_column_text][vc_column_text uncode_shortcode_id=\u00a0\u00bb347510&Prime;]<\/p>\n<h2>T\u00e9l\u00e9communication<\/h2>\n<p>Depuis de nombreuses ann\u00e9es les batteries au plomb ont \u00e9quip\u00e9 les applications de t\u00e9l\u00e9communication et les centre de stockage de donn\u00e9es o\u00f9 elles ont fourni l\u2019\u00e9nergie de secours n\u00e9cessaire durant quelques minutes, voir quelques heures. Malheureusement, leur fiabilit\u00e9 n\u2019est pas toujours au rendez-vous. De plus, dans de nombreux cas, les batteries doivent couvrir des interruptions \u00e9lectriques de quelques secondes uniquement. Ces impulsions r\u00e9p\u00e9t\u00e9es d\u2019\u00e9nergie tendent \u00e0 d\u00e9grader la fiabilit\u00e9 des batteries et \u00e0 raccourcir leur dur\u00e9e de vie.<\/p>\n<p>Les supercondensateurs fournissent des impulsions de puissance de mani\u00e8re fiable et peuvent donc \u00eatre utilis\u00e9s en combinaison ou \u00e0 la place des batteries. En fournissant plusieurs secondes de puissance de secours, les supercondensateurs compensent les probl\u00e8mes de fiabilit\u00e9 de la batterie. Cependant ils ne sont pas destin\u00e9s \u00e0 remplacer toutes les solutions de batteries dans la t\u00e9l\u00e9communication, mais uniquement dans des installations o\u00f9 la disponibilit\u00e9 est primordiale et o\u00f9 les supercondensateurs permettent une mise hors tension s\u00fbre du syst\u00e8me ou alors le temps n\u00e9cessaire \u00e0 l\u2019activation d\u2019un g\u00e9n\u00e9rateur, d\u2019une pile \u00e0 combustible ou autres sources d\u2019\u00e9nergie. Des d\u00e9cennies de fonctionnement sans entretien et la capacit\u00e9 de se recharger rapidement pour g\u00e9rer les perturbations successives sont les meilleurs arguments d\u2019utilisation des supercondensateurs.[\/vc_column_text][vc_column_text uncode_shortcode_id=\u00a0\u00bb279776&Prime;]<\/p>\n<h2>Robotique<\/h2>\n<p>Les ultra condensateurs sont utilis\u00e9s dans de nombreuses applications de gestion de l&rsquo;alimentation qui n\u00e9cessitent de nombreux cycles de charge\/d\u00e9charge rapides pour les demandes de puissance \u00e0 court terme. De telles exigences de performance sont typiques des applications robotiques et autres syst\u00e8mes automatis\u00e9s con\u00e7us pour aider les fabricants \u00e0 am\u00e9liorer la productivit\u00e9, la qualit\u00e9 des produits et la s\u00e9curit\u00e9 au travail.[\/vc_column_text][\/vc_column][\/vc_row]<\/p>\n<\/div>","protected":false},"excerpt":{"rendered":"<p>[vc_row][vc_column width=\u00a0\u00bb1\/1&Prime;][vc_custom_heading heading_semantic=\u00a0\u00bbh1&Prime; text_size=\u00a0\u00bbh1&Prime; uncode_shortcode_id=\u00a0\u00bb185491&Prime;]Industrie[\/vc_custom_heading][\/vc_column][\/vc_row][vc_row row_height_percent=\u00a0\u00bb0&Prime; overlay_alpha=\u00a0\u00bb50&Prime; gutter_size=\u00a0\u00bb3&Prime; column_width_percent=\u00a0\u00bb100&Prime; shift_y=\u00a0\u00bb0&Prime; z_index=\u00a0\u00bb0&Prime; desktop_visibility=\u00a0\u00bbyes\u00a0\u00bb][vc_column width=\u00a0\u00bb1\/1&Prime;][vc_gallery el_id=\u00a0\u00bbgallery-128878&Prime; type=\u00a0\u00bbcarousel\u00a0\u00bb medias=\u00a0\u00bb623,948,946&Prime; carousel_lg=\u00a0\u00bb3&Prime; carousel_md=\u00a0\u00bb3&Prime; carousel_sm=\u00a0\u00bb1&Prime; gutter_size=\u00a0\u00bb3&Prime; [&hellip;]<\/p>\n","protected":false},"author":2,"featured_media":0,"parent":738,"menu_order":4,"comment_status":"closed","ping_status":"closed","template":"","meta":{"inline_featured_image":false,"_locale":"fr_FR","_original_post":"62","footnotes":""},"class_list":["post-788","page","type-page","status-publish","hentry","fr-FR"],"_links":{"self":[{"href":"https:\/\/www.sechsa.com\/wp-json\/wp\/v2\/pages\/788","targetHints":{"allow":["GET"]}}],"collection":[{"href":"https:\/\/www.sechsa.com\/wp-json\/wp\/v2\/pages"}],"about":[{"href":"https:\/\/www.sechsa.com\/wp-json\/wp\/v2\/types\/page"}],"author":[{"embeddable":true,"href":"https:\/\/www.sechsa.com\/wp-json\/wp\/v2\/users\/2"}],"replies":[{"embeddable":true,"href":"https:\/\/www.sechsa.com\/wp-json\/wp\/v2\/comments?post=788"}],"version-history":[{"count":7,"href":"https:\/\/www.sechsa.com\/wp-json\/wp\/v2\/pages\/788\/revisions"}],"predecessor-version":[{"id":7630,"href":"https:\/\/www.sechsa.com\/wp-json\/wp\/v2\/pages\/788\/revisions\/7630"}],"up":[{"embeddable":true,"href":"https:\/\/www.sechsa.com\/wp-json\/wp\/v2\/pages\/738"}],"wp:attachment":[{"href":"https:\/\/www.sechsa.com\/wp-json\/wp\/v2\/media?parent=788"}],"curies":[{"name":"wp","href":"https:\/\/api.w.org\/{rel}","templated":true}]}}