{"id":784,"date":"2017-11-15T13:09:01","date_gmt":"2017-11-15T12:09:01","guid":{"rendered":"https:\/\/www.sechsa.com\/?page_id=784"},"modified":"2026-01-19T12:38:35","modified_gmt":"2026-01-19T11:38:35","slug":"energies-renouvelables","status":"publish","type":"page","link":"https:\/\/www.sechsa.com\/fr\/applications\/energies-renouvelables\/","title":{"rendered":"Energies renouvelables"},"content":{"rendered":"<div class=\"wpb-content-wrapper\"><p>[vc_row][vc_column width=\u00a0\u00bb1\/1&Prime;][vc_custom_heading heading_semantic=\u00a0\u00bbh1&Prime; text_size=\u00a0\u00bbh1&Prime; uncode_shortcode_id=\u00a0\u00bb121833&Prime;]Energies renouvelables[\/vc_custom_heading][\/vc_column][\/vc_row][vc_row row_height_percent=\u00a0\u00bb0&Prime; overlay_alpha=\u00a0\u00bb50&Prime; gutter_size=\u00a0\u00bb3&Prime; column_width_percent=\u00a0\u00bb100&Prime; shift_y=\u00a0\u00bb0&Prime; z_index=\u00a0\u00bb0&Prime; desktop_visibility=\u00a0\u00bbyes\u00a0\u00bb][vc_column width=\u00a0\u00bb1\/1&Prime;][vc_gallery el_id=\u00a0\u00bbgallery-128878&Prime; type=\u00a0\u00bbcarousel\u00a0\u00bb medias=\u00a0\u00bb609,599,612&Prime; carousel_lg=\u00a0\u00bb3&Prime; carousel_md=\u00a0\u00bb3&Prime; carousel_sm=\u00a0\u00bb1&Prime; gutter_size=\u00a0\u00bb3&Prime; carousel_interval=\u00a0\u00bb3000&Prime; carousel_navspeed=\u00a0\u00bb400&Prime; carousel_loop=\u00a0\u00bbyes\u00a0\u00bb stage_padding=\u00a0\u00bb0&Prime; single_overlay_opacity=\u00a0\u00bb50&Prime; single_v_position=\u00a0\u00bbtop\u00a0\u00bb single_padding=\u00a0\u00bb2&Prime; single_border=\u00a0\u00bbyes\u00a0\u00bb][\/vc_column][\/vc_row][vc_row row_height_percent=\u00a0\u00bb0&Prime; overlay_alpha=\u00a0\u00bb50&Prime; gutter_size=\u00a0\u00bb3&Prime; column_width_percent=\u00a0\u00bb100&Prime; shift_y=\u00a0\u00bb0&Prime; z_index=\u00a0\u00bb0&Prime;][vc_column column_width_percent=\u00a0\u00bb100&Prime; gutter_size=\u00a0\u00bb3&Prime; overlay_alpha=\u00a0\u00bb50&Prime; shift_x=\u00a0\u00bb0&Prime; shift_y=\u00a0\u00bb0&Prime; shift_y_down=\u00a0\u00bb0&Prime; z_index=\u00a0\u00bb0&Prime; medium_visibility=\u00a0\u00bbyes\u00a0\u00bb medium_width=\u00a0\u00bb0&Prime; mobile_visibility=\u00a0\u00bbyes\u00a0\u00bb mobile_width=\u00a0\u00bb0&Prime; width=\u00a0\u00bb1\/3&Prime;][vc_gallery el_id=\u00a0\u00bbgallery-128878&Prime; type=\u00a0\u00bbjustified\u00a0\u00bb medias=\u00a0\u00bb609,599&Prime; justify_row_height=\u00a0\u00bb\u00a0\u00bb gutter_size=\u00a0\u00bb3&Prime; single_overlay_opacity=\u00a0\u00bb50&Prime; single_v_position=\u00a0\u00bbtop\u00a0\u00bb single_padding=\u00a0\u00bb2&Prime; single_border=\u00a0\u00bbyes\u00a0\u00bb][\/vc_column][vc_column width=\u00a0\u00bb2\/3&Prime;][vc_column_text uncode_shortcode_id=\u00a0\u00bb141122&Prime;]Nos solutions soutiennent l&rsquo;effort de transition mondiale des combustibles fossiles vers des sources d&rsquo;\u00e9nergie durables, comme l&rsquo;\u00e9olien, gr\u00e2ce aux multiples domaines d&rsquo;application des supercondensateurs.<\/p>\n<h2>Installations \u00e9oliennes<\/h2>\n<p>Les installations \u00e9oliennes modernes disposent de ce que l\u2019on appelle des syst\u00e8mes de Pitch-Control qui positionnent les pales des rotors de mani\u00e8re optimale en fonction de la vitesse et de la direction du vent. Cela permet de piloter la puissance de sortie de l\u2019installation \u00e9olienne, d\u2019obtenir un niveau d\u2019efficacit\u00e9 plus \u00e9lev\u00e9 et offre une protection lorsque les vitesses de vent sont trop \u00e9lev\u00e9es ou lorsque l\u2019installation doit \u00eatre retir\u00e9e du r\u00e9seau. Les ultra-condensateurs alimentent le syst\u00e8me de Pitch-Control et garantissent un fonctionnement de longue dur\u00e9e, fiable et en toute s\u00e9curit\u00e9 de l\u2019installation \u00e9olienne.[\/vc_column_text][vc_column_text uncode_shortcode_id=\u00a0\u00bb173757&Prime;]<\/p>\n<h2>Installations solaires<\/h2>\n<p>Afin qu\u2019une installation solaire parvienne \u00e0 sa puissance maximale de sortie, il faut que la position de ses r\u00e9flecteurs ou de ses miroirs soit d\u00e9plac\u00e9e par rapport \u00e0 la position du soleil. L\u2019\u00e9nergie n\u00e9cessaire est id\u00e9alement fournie par des accumulateurs modulaires \u00e0 ultra-condensateurs.[\/vc_column_text][\/vc_column][\/vc_row]<\/p>\n<\/div>","protected":false},"excerpt":{"rendered":"<p>[vc_row][vc_column width=\u00a0\u00bb1\/1&Prime;][vc_custom_heading heading_semantic=\u00a0\u00bbh1&Prime; text_size=\u00a0\u00bbh1&Prime; uncode_shortcode_id=\u00a0\u00bb121833&Prime;]Energies renouvelables[\/vc_custom_heading][\/vc_column][\/vc_row][vc_row row_height_percent=\u00a0\u00bb0&Prime; overlay_alpha=\u00a0\u00bb50&Prime; gutter_size=\u00a0\u00bb3&Prime; column_width_percent=\u00a0\u00bb100&Prime; shift_y=\u00a0\u00bb0&Prime; z_index=\u00a0\u00bb0&Prime; desktop_visibility=\u00a0\u00bbyes\u00a0\u00bb][vc_column width=\u00a0\u00bb1\/1&Prime;][vc_gallery el_id=\u00a0\u00bbgallery-128878&Prime; type=\u00a0\u00bbcarousel\u00a0\u00bb medias=\u00a0\u00bb609,599,612&Prime; carousel_lg=\u00a0\u00bb3&Prime; carousel_md=\u00a0\u00bb3&Prime; carousel_sm=\u00a0\u00bb1&Prime; [&hellip;]<\/p>\n","protected":false},"author":2,"featured_media":0,"parent":738,"menu_order":3,"comment_status":"closed","ping_status":"closed","template":"","meta":{"inline_featured_image":false,"_locale":"fr_FR","_original_post":"61","footnotes":""},"class_list":["post-784","page","type-page","status-publish","hentry","fr-FR"],"_links":{"self":[{"href":"https:\/\/www.sechsa.com\/wp-json\/wp\/v2\/pages\/784","targetHints":{"allow":["GET"]}}],"collection":[{"href":"https:\/\/www.sechsa.com\/wp-json\/wp\/v2\/pages"}],"about":[{"href":"https:\/\/www.sechsa.com\/wp-json\/wp\/v2\/types\/page"}],"author":[{"embeddable":true,"href":"https:\/\/www.sechsa.com\/wp-json\/wp\/v2\/users\/2"}],"replies":[{"embeddable":true,"href":"https:\/\/www.sechsa.com\/wp-json\/wp\/v2\/comments?post=784"}],"version-history":[{"count":3,"href":"https:\/\/www.sechsa.com\/wp-json\/wp\/v2\/pages\/784\/revisions"}],"predecessor-version":[{"id":7520,"href":"https:\/\/www.sechsa.com\/wp-json\/wp\/v2\/pages\/784\/revisions\/7520"}],"up":[{"embeddable":true,"href":"https:\/\/www.sechsa.com\/wp-json\/wp\/v2\/pages\/738"}],"wp:attachment":[{"href":"https:\/\/www.sechsa.com\/wp-json\/wp\/v2\/media?parent=784"}],"curies":[{"name":"wp","href":"https:\/\/api.w.org\/{rel}","templated":true}]}}