{"id":760,"date":"2017-11-15T10:47:54","date_gmt":"2017-11-15T09:47:54","guid":{"rendered":"https:\/\/www.sechsa.com\/?page_id=760"},"modified":"2026-04-10T18:42:37","modified_gmt":"2026-04-10T16:42:37","slug":"systemes","status":"publish","type":"page","link":"https:\/\/www.sechsa.com\/fr\/produits\/systemes\/","title":{"rendered":"Syst\u00e8mes"},"content":{"rendered":"<div class=\"wpb-content-wrapper\"><p>[vc_row][vc_column width=\u00a0\u00bb1\/1&Prime;][vc_custom_heading heading_semantic=\u00a0\u00bbh1&Prime; text_size=\u00a0\u00bbh1&Prime; uncode_shortcode_id=\u00a0\u00bb643930&Prime;]Syst\u00e8mes[\/vc_custom_heading][\/vc_column][\/vc_row][vc_row][vc_column column_width_percent=\u00a0\u00bb100&Prime; gutter_size=\u00a0\u00bb3&Prime; overlay_alpha=\u00a0\u00bb50&Prime; shift_x=\u00a0\u00bb0&Prime; shift_y=\u00a0\u00bb0&Prime; shift_y_down=\u00a0\u00bb0&Prime; z_index=\u00a0\u00bb0&Prime; medium_width=\u00a0\u00bb0&Prime; mobile_width=\u00a0\u00bb0&Prime; width=\u00a0\u00bb2\/3&Prime; css=\u00a0\u00bb.vc_custom_1623945519053{border-bottom-width: 18px !important;}\u00a0\u00bb][vc_single_image media=\u00a0\u00bb15&Prime; media_width_use_pixel=\u00a0\u00bbyes\u00a0\u00bb media_width_pixel=\u00a0\u00bb300&Prime;][\/vc_column][vc_column column_width_percent=\u00a0\u00bb100&Prime; gutter_size=\u00a0\u00bb3&Prime; overlay_alpha=\u00a0\u00bb50&Prime; shift_x=\u00a0\u00bb0&Prime; shift_y=\u00a0\u00bb0&Prime; shift_y_down=\u00a0\u00bb0&Prime; z_index=\u00a0\u00bb0&Prime; medium_visibility=\u00a0\u00bbyes\u00a0\u00bb medium_width=\u00a0\u00bb0&Prime; mobile_visibility=\u00a0\u00bbyes\u00a0\u00bb mobile_width=\u00a0\u00bb0&Prime; width=\u00a0\u00bb1\/3&Prime;][\/vc_column][\/vc_row][vc_row row_height_percent=\u00a0\u00bb0&Prime; override_padding=\u00a0\u00bbyes\u00a0\u00bb h_padding=\u00a0\u00bb2&Prime; top_padding=\u00a0\u00bb0&Prime; bottom_padding=\u00a0\u00bb2&Prime; overlay_alpha=\u00a0\u00bb50&Prime; gutter_size=\u00a0\u00bb3&Prime; column_width_percent=\u00a0\u00bb100&Prime; shift_y=\u00a0\u00bb0&Prime; z_index=\u00a0\u00bb0&Prime; css=\u00a0\u00bb.vc_custom_1624006125512{padding-top: 0px !important;}\u00a0\u00bb][vc_column column_width_percent=\u00a0\u00bb100&Prime; gutter_size=\u00a0\u00bb3&Prime; overlay_alpha=\u00a0\u00bb50&Prime; shift_x=\u00a0\u00bb0&Prime; shift_y=\u00a0\u00bb0&Prime; shift_y_down=\u00a0\u00bb0&Prime; z_index=\u00a0\u00bb0&Prime; medium_width=\u00a0\u00bb0&Prime; mobile_width=\u00a0\u00bb0&Prime; width=\u00a0\u00bb1\/1&Prime; css=\u00a0\u00bb.vc_custom_1623945519053{border-bottom-width: 18px !important;}\u00a0\u00bb][vc_column_text css=\u00a0\u00bb.vc_custom_1764236406097{padding-top: 0px !important;}\u00a0\u00bb]Nous privil\u00e9gions le d\u00e9veloppement de solutions client sp\u00e9cifiques en exploitant pleinement les capacit\u00e9s des supercondensateurs, ultra-condensateurs ou condensateurs hybrides. C\u2019est par cons\u00e9quent une pr\u00e9occupation majeure pour SECH, de d\u00e9velopper pour nos clients un produit qui respecte totalement le cahier des charges. Un tel syst\u00e8me de supercondensateurs, muni d\u2019une \u00e9lectronique active de compensation et de surveillance et d\u2019une interface de communication CAN, peut aussi comporter une partie \u00e9lectronique de puissance, incluant par exemple un convertisseur DCDC.<br \/>\nPar rapport aux batteries, les supercondensateurs proposent quelques avantages d\u00e9terminants pour les applications de Backup et ASI. D\u2019une part la puissance est disponible imm\u00e9diatement en cas de besoin, et elle permet ainsi une transition parfaite dans la plage de la milliseconde. D\u2019autre part, ils sont en mesure, sur un court laps de temps, de d\u00e9livrer jusqu\u2019\u00e0 50 fois plus de puissance. Ils ont encore l\u2019avantage d\u2019\u00eatre relativement insensibles aux basses temp\u00e9ratures et peuvent \u00eatre d\u00e9charg\u00e9s et recharg\u00e9s compl\u00e8tement jusqu\u2019\u00e0 plus d\u2019un million de fois.[\/vc_column_text][\/vc_column][\/vc_row][vc_row row_height_percent=\u00a0\u00bb0&Prime; overlay_alpha=\u00a0\u00bb50&Prime; equal_height=\u00a0\u00bbyes\u00a0\u00bb gutter_size=\u00a0\u00bb3&Prime; column_width_percent=\u00a0\u00bb100&Prime; shift_y=\u00a0\u00bb0&Prime; z_index=\u00a0\u00bb0&Prime; enable_top_divider=\u00a0\u00bbdefault\u00a0\u00bb shape_top_h_use_pixel=\u00a0\u00bb\u00a0\u00bb shape_top_height=\u00a0\u00bb2&Prime; shape_top_color=\u00a0\u00bbcolor-116841&Prime; shape_top_opacity=\u00a0\u00bb100&Prime; shape_top_index=\u00a0\u00bb0&Prime;][vc_column column_width_percent=\u00a0\u00bb100&Prime; position_vertical=\u00a0\u00bbmiddle\u00a0\u00bb gutter_size=\u00a0\u00bb3&Prime; back_color=\u00a0\u00bbcolor-200256&Prime; overlay_alpha=\u00a0\u00bb50&Prime; shift_x=\u00a0\u00bb0&Prime; shift_y=\u00a0\u00bb0&Prime; shift_y_down=\u00a0\u00bb0&Prime; z_index=\u00a0\u00bb0&Prime; medium_width=\u00a0\u00bb2&Prime; mobile_width=\u00a0\u00bb5&Prime; width=\u00a0\u00bb1\/4&Prime; css=\u00a0\u00bb.vc_custom_1624003845781{padding-top: 0px !important;padding-right: 0px !important;padding-bottom: 0px !important;padding-left: 0px !important;}\u00a0\u00bb el_class=\u00a0\u00bbstack_18&Prime;][vc_single_image media=\u00a0\u00bb5212&Prime; media_width_percent=\u00a0\u00bb100&Prime;][\/vc_column][vc_column column_width_percent=\u00a0\u00bb100&Prime; gutter_size=\u00a0\u00bb3&Prime; overlay_alpha=\u00a0\u00bb50&Prime; shift_x=\u00a0\u00bb0&Prime; shift_y=\u00a0\u00bb0&Prime; shift_y_down=\u00a0\u00bb0&Prime; z_index=\u00a0\u00bb0&Prime; medium_width=\u00a0\u00bb6&Prime; mobile_width=\u00a0\u00bb7&Prime; width=\u00a0\u00bb3\/4&Prime;][vc_custom_heading]Syst\u00e8mes de stockage d\u2019\u00e9nergie ESS[\/vc_custom_heading][vc_column_text css=\u00a0\u00bb.vc_custom_1624527037900{margin-top: 18px !important;}\u00a0\u00bb]<strong>Syst\u00e8me de stockage d&rsquo;\u00e9nergie \u00e9volutif en fonction des besoins du client<\/strong><\/p>\n<p>Les modules de syst\u00e8mes de stockage d&rsquo;\u00e9nergie (ESS) de SECH permettent de r\u00e9aliser des syst\u00e8mes de stockage d&rsquo;\u00e9nergie stationnaires \u00e0 plus grande \u00e9chelle, par exemple pour la stabilisation du r\u00e9seau, les sous-stations de transport et les UPS. Des modules ESS connect\u00e9s en s\u00e9rie et en parall\u00e8le permettent de r\u00e9aliser de mani\u00e8re simple des syst\u00e8mes de l&rsquo;ordre du MW. En collaboration avec des int\u00e9grateurs s\u00e9lectionn\u00e9s, SECH aide les clients finaux \u00e0 concevoir, d\u00e9velopper et \u00e0 fournir le syst\u00e8me de stockage d&rsquo;\u00e9nergie appropri\u00e9.[\/vc_column_text][vc_row_inner row_inner_height_percent=\u00a0\u00bb0&Prime; overlay_alpha=\u00a0\u00bb50&Prime; gutter_size=\u00a0\u00bb3&Prime; shift_y=\u00a0\u00bb0&Prime; z_index=\u00a0\u00bb0&Prime; css=\u00a0\u00bb.vc_custom_1623944600694{margin-top: 18px !important;}\u00a0\u00bb][vc_column_inner column_width_percent=\u00a0\u00bb100&Prime; gutter_size=\u00a0\u00bb3&Prime; overlay_alpha=\u00a0\u00bb50&Prime; shift_x=\u00a0\u00bb0&Prime; shift_y=\u00a0\u00bb0&Prime; shift_y_down=\u00a0\u00bb0&Prime; z_index=\u00a0\u00bb0&Prime; medium_width=\u00a0\u00bb2&Prime; mobile_width=\u00a0\u00bb3&Prime; width=\u00a0\u00bb1\/6&Prime; css=\u00a0\u00bb.vc_custom_1623944543540{border-top-width: 18px !important;}\u00a0\u00bb][vc_icon icon_image=\u00a0\u00bb573&Prime; heading_semantic=\u00a0\u00bbh5&Prime; text_size=\u00a0\u00bbh6&Prime; linked_title=\u00a0\u00bbyes\u00a0\u00bb title=\u00a0\u00bbDatasheet\u00a0\u00bb link=\u00a0\u00bburl:https%3A%2F%2Fwww.sechsa.com%2Fwp-content%2Fuploads%2F260213-S1440-062-XX-00-Datasheet.pdf|title:Sech%20datasheet%20small%20cell%20modules\u00a0\u00bb el_class=\u00a0\u00bbsmall_icon\u00a0\u00bb uncode_shortcode_id=\u00a0\u00bb398963&Prime;][\/vc_icon][\/vc_column_inner][vc_column_inner column_width_percent=\u00a0\u00bb100&Prime; gutter_size=\u00a0\u00bb3&Prime; overlay_alpha=\u00a0\u00bb50&Prime; shift_x=\u00a0\u00bb0&Prime; shift_y=\u00a0\u00bb0&Prime; shift_y_down=\u00a0\u00bb0&Prime; z_index=\u00a0\u00bb0&Prime; medium_width=\u00a0\u00bb2&Prime; mobile_width=\u00a0\u00bb3&Prime; width=\u00a0\u00bb1\/6&Prime;][\/vc_column_inner][vc_column_inner column_width_percent=\u00a0\u00bb100&Prime; gutter_size=\u00a0\u00bb3&Prime; overlay_alpha=\u00a0\u00bb50&Prime; shift_x=\u00a0\u00bb0&Prime; shift_y=\u00a0\u00bb0&Prime; shift_y_down=\u00a0\u00bb0&Prime; z_index=\u00a0\u00bb0&Prime; medium_width=\u00a0\u00bb2&Prime; mobile_width=\u00a0\u00bb3&Prime; width=\u00a0\u00bb1\/6&Prime;][\/vc_column_inner][vc_column_inner width=\u00a0\u00bb3\/6&Prime;][\/vc_column_inner][\/vc_row_inner][\/vc_column][\/vc_row][vc_row][vc_column width=\u00a0\u00bb1\/1&Prime;][vc_column_text]Autres syst\u00e8mes personnalis\u00e9s sur demande. Veuillez nous contacter: <a href=\"mailto:info@sechsa.com\">info@sechsa.com<\/a>[\/vc_column_text][\/vc_column][\/vc_row]<\/p>\n<\/div>","protected":false},"excerpt":{"rendered":"<p>[vc_row][vc_column width=\u00a0\u00bb1\/1&Prime;][vc_custom_heading heading_semantic=\u00a0\u00bbh1&Prime; text_size=\u00a0\u00bbh1&Prime; uncode_shortcode_id=\u00a0\u00bb643930&Prime;]Syst\u00e8mes[\/vc_custom_heading][\/vc_column][\/vc_row][vc_row][vc_column column_width_percent=\u00a0\u00bb100&Prime; gutter_size=\u00a0\u00bb3&Prime; overlay_alpha=\u00a0\u00bb50&Prime; shift_x=\u00a0\u00bb0&Prime; shift_y=\u00a0\u00bb0&Prime; shift_y_down=\u00a0\u00bb0&Prime; z_index=\u00a0\u00bb0&Prime; medium_width=\u00a0\u00bb0&Prime; mobile_width=\u00a0\u00bb0&Prime; width=\u00a0\u00bb2\/3&Prime; css=\u00a0\u00bb.vc_custom_1623945519053{border-bottom-width: 18px !important;}\u00a0\u00bb][vc_single_image media=\u00a0\u00bb15&Prime; media_width_use_pixel=\u00a0\u00bbyes\u00a0\u00bb [&hellip;]<\/p>\n","protected":false},"author":2,"featured_media":0,"parent":733,"menu_order":2,"comment_status":"closed","ping_status":"closed","template":"","meta":{"inline_featured_image":false,"_locale":"fr_FR","_original_post":"57","footnotes":""},"class_list":["post-760","page","type-page","status-publish","hentry","fr-FR"],"_links":{"self":[{"href":"https:\/\/www.sechsa.com\/wp-json\/wp\/v2\/pages\/760","targetHints":{"allow":["GET"]}}],"collection":[{"href":"https:\/\/www.sechsa.com\/wp-json\/wp\/v2\/pages"}],"about":[{"href":"https:\/\/www.sechsa.com\/wp-json\/wp\/v2\/types\/page"}],"author":[{"embeddable":true,"href":"https:\/\/www.sechsa.com\/wp-json\/wp\/v2\/users\/2"}],"replies":[{"embeddable":true,"href":"https:\/\/www.sechsa.com\/wp-json\/wp\/v2\/comments?post=760"}],"version-history":[{"count":9,"href":"https:\/\/www.sechsa.com\/wp-json\/wp\/v2\/pages\/760\/revisions"}],"predecessor-version":[{"id":7936,"href":"https:\/\/www.sechsa.com\/wp-json\/wp\/v2\/pages\/760\/revisions\/7936"}],"up":[{"embeddable":true,"href":"https:\/\/www.sechsa.com\/wp-json\/wp\/v2\/pages\/733"}],"wp:attachment":[{"href":"https:\/\/www.sechsa.com\/wp-json\/wp\/v2\/media?parent=760"}],"curies":[{"name":"wp","href":"https:\/\/api.w.org\/{rel}","templated":true}]}}