{"id":7474,"date":"2025-12-03T10:21:03","date_gmt":"2025-12-03T09:21:03","guid":{"rendered":"https:\/\/www.sechsa.com\/?page_id=7474"},"modified":"2026-01-21T09:02:00","modified_gmt":"2026-01-21T08:02:00","slug":"production-location","status":"publish","type":"page","link":"https:\/\/www.sechsa.com\/fr\/about-us\/production-location\/","title":{"rendered":"Site de production"},"content":{"rendered":"<div class=\"wpb-content-wrapper\"><p>[vc_row][vc_column width=\u00a0\u00bb1\/1&Prime;][vc_custom_heading heading_semantic=\u00a0\u00bbh1&Prime; text_size=\u00a0\u00bbh1&Prime; uncode_shortcode_id=\u00a0\u00bb194815&Prime;]Site de production[\/vc_custom_heading][\/vc_column][\/vc_row][vc_row][vc_column width=\u00a0\u00bb1\/1&Prime;][vc_column_text uncode_shortcode_id=\u00a0\u00bb490673&Prime;]<\/p>\n<h2>Un Site de Production de Supercondensateurs d&rsquo;Envergure Mondiale\u00a0GMCC Electronic Technology WUXI Ltd (GMCC)<\/h2>\n<p>Fond\u00e9e en 2010, GMCC se consacre \u00e0 la R&amp;D et \u00e0 la production de poudres actives pour dispositifs de stockage \u00e9lectrochimique, d&rsquo;\u00e9lectrodes s\u00e8ches, de supercondensateurs et de batteries. En 2025, la soci\u00e9t\u00e9 a inaugur\u00e9 une nouvelle usine de production d\u2019une ampleur mondiale, couvrant 192 000 m\u00e8tres carr\u00e9s. Il s&rsquo;agit d&rsquo;une installation ultra-moderne d\u00e9di\u00e9e \u00e0 la fabrication d&rsquo;\u00e9lectrodes et de supercondensateurs.<\/p>\n<p>Cette nouvelle usine est \u00e9quip\u00e9e de lignes de production de supercondensateurs automatis\u00e9es, num\u00e9ris\u00e9es et intelligentes de premier plan. Elle se distingue notamment par sa capacit\u00e9 avanc\u00e9e de production d&rsquo;\u00e9lectrodes s\u00e8ches, r\u00e9pondant \u00e0 des exigences vari\u00e9es. Les produits de GMCC (incluant les cellules, les modules et les syst\u00e8mes) sont con\u00e7us pour atteindre les normes de qualit\u00e9 automobile et disposent de toutes les certifications n\u00e9cessaires.<\/p>\n<p>En tant que filiale de Sieyuan Electric Inc., cette nouvelle unit\u00e9 de production int\u00e8gre une forte dimension de responsabilit\u00e9 environnementale. L&rsquo;ensemble des b\u00e2timents et des processus op\u00e9rationnels visent \u00e0 \u00e9tablir un cycle \u00e9cologique durable, en mettant l&rsquo;accent sur le maintien de l&rsquo;\u00e9quilibre entre l&rsquo;\u00e9cosyst\u00e8me existant et la biodiversit\u00e9.<\/p>\n<p>Pour plus d&rsquo;informations sur nos capacit\u00e9s de production et nos sp\u00e9cifications techniques : <a href=\"https:\/\/www.gmccsieyuan.com\/\" target=\"_blank\" rel=\"noopener\">https:\/\/www.gmccsieyuan.com\/<\/a>[\/vc_column_text][\/vc_column][\/vc_row][vc_row row_height_percent=\u00a0\u00bb0&Prime; overlay_alpha=\u00a0\u00bb50&Prime; gutter_size=\u00a0\u00bb2&Prime; column_width_percent=\u00a0\u00bb100&Prime; shift_y=\u00a0\u00bb0&Prime; z_index=\u00a0\u00bb0&Prime; el_class=\u00a0\u00bbapplication_boxes\u00a0\u00bb][vc_column column_width_percent=\u00a0\u00bb100&Prime; gutter_size=\u00a0\u00bb3&Prime; overlay_alpha=\u00a0\u00bb50&Prime; shift_x=\u00a0\u00bb0&Prime; shift_y=\u00a0\u00bb0&Prime; shift_y_down=\u00a0\u00bb0&Prime; z_index=\u00a0\u00bb0&Prime; medium_width=\u00a0\u00bb0&Prime; mobile_width=\u00a0\u00bb0&Prime; width=\u00a0\u00bb1\/6&Prime;][vc_icon icon_image=\u00a0\u00bb573&Prime; heading_semantic=\u00a0\u00bbh5&Prime; text_size=\u00a0\u00bbh5&Prime; linked_title=\u00a0\u00bbyes\u00a0\u00bb title=\u00a0\u00bbOne Pager\u00a0\u00bb link=\u00a0\u00bburl:https%3A%2F%2Fwww.sechsa.com%2Fwp-content%2Fuploads%2FSech_One-Pager_GMCC.pdf|target:_blank\u00a0\u00bb el_class=\u00a0\u00bbapplication_icon\u00a0\u00bb uncode_shortcode_id=\u00a0\u00bb147959&Prime;][\/vc_icon][\/vc_column][\/vc_row]<\/p>\n<\/div>","protected":false},"excerpt":{"rendered":"<p>[vc_row][vc_column width=\u00a0\u00bb1\/1&Prime;][vc_custom_heading heading_semantic=\u00a0\u00bbh1&Prime; text_size=\u00a0\u00bbh1&Prime; uncode_shortcode_id=\u00a0\u00bb194815&Prime;]Site de production[\/vc_custom_heading][\/vc_column][\/vc_row][vc_row][vc_column width=\u00a0\u00bb1\/1&Prime;][vc_column_text uncode_shortcode_id=\u00a0\u00bb490673&Prime;] Un Site de Production de Supercondensateurs d&rsquo;Envergure Mondiale\u00a0GMCC Electronic Technology WUXI [&hellip;]<\/p>\n","protected":false},"author":2,"featured_media":0,"parent":820,"menu_order":0,"comment_status":"closed","ping_status":"closed","template":"","meta":{"inline_featured_image":false,"_locale":"fr_FR","_original_post":"https:\/\/www.sechsa.com\/?page_id=7442","footnotes":""},"class_list":["post-7474","page","type-page","status-publish","hentry","fr-FR"],"_links":{"self":[{"href":"https:\/\/www.sechsa.com\/wp-json\/wp\/v2\/pages\/7474","targetHints":{"allow":["GET"]}}],"collection":[{"href":"https:\/\/www.sechsa.com\/wp-json\/wp\/v2\/pages"}],"about":[{"href":"https:\/\/www.sechsa.com\/wp-json\/wp\/v2\/types\/page"}],"author":[{"embeddable":true,"href":"https:\/\/www.sechsa.com\/wp-json\/wp\/v2\/users\/2"}],"replies":[{"embeddable":true,"href":"https:\/\/www.sechsa.com\/wp-json\/wp\/v2\/comments?post=7474"}],"version-history":[{"count":7,"href":"https:\/\/www.sechsa.com\/wp-json\/wp\/v2\/pages\/7474\/revisions"}],"predecessor-version":[{"id":7596,"href":"https:\/\/www.sechsa.com\/wp-json\/wp\/v2\/pages\/7474\/revisions\/7596"}],"up":[{"embeddable":true,"href":"https:\/\/www.sechsa.com\/wp-json\/wp\/v2\/pages\/820"}],"wp:attachment":[{"href":"https:\/\/www.sechsa.com\/wp-json\/wp\/v2\/media?parent=7474"}],"curies":[{"name":"wp","href":"https:\/\/api.w.org\/{rel}","templated":true}]}}