{"id":738,"date":"2017-11-14T22:42:47","date_gmt":"2017-11-14T21:42:47","guid":{"rendered":"https:\/\/www.sechsa.com\/?page_id=738"},"modified":"2026-01-19T11:53:03","modified_gmt":"2026-01-19T10:53:03","slug":"applications","status":"publish","type":"page","link":"https:\/\/www.sechsa.com\/fr\/applications\/","title":{"rendered":"Applications"},"content":{"rendered":"<div class=\"wpb-content-wrapper\"><p>[vc_row][vc_column width=\u00a0\u00bb1\/1&Prime;][vc_custom_heading heading_semantic=\u00a0\u00bbh1&Prime; text_size=\u00a0\u00bbh1&Prime; uncode_shortcode_id=\u00a0\u00bb905776&Prime;]Applications[\/vc_custom_heading][\/vc_column][\/vc_row][vc_row][vc_column width=\u00a0\u00bb1\/1&Prime;][vc_column_text uncode_shortcode_id=\u00a0\u00bb163159&Prime;]Les ultra-condensateurs SECH se distinguent par un haut niveau d\u2019\u00e9nergie et de performances, par la plus grande qualit\u00e9 et la plus grande fiabilit\u00e9, ainsi que par une importante dur\u00e9e de vie. Ils sont rapides et peu compliqu\u00e9s \u00e0 charger et \u00e0 d\u00e9charger. M\u00eame dans des conditions extr\u00eames, ils font preuve de performances stables. Nos solutions, bien \u00e9labor\u00e9es et taill\u00e9es sur mesure pour le stockage et l\u2019alimentation en \u00e9nergie, sont mises en \u0153uvre dans les diff\u00e9rentes applications des secteurs de l\u2019automobile, du transport, de l\u2019\u00e9nergie ainsi que dans celui de l\u2019industrie.[\/vc_column_text][\/vc_column][\/vc_row][vc_row row_height_percent=\u00a0\u00bb0&Prime; overlay_alpha=\u00a0\u00bb50&Prime; gutter_size=\u00a0\u00bb2&Prime; column_width_percent=\u00a0\u00bb100&Prime; shift_y=\u00a0\u00bb0&Prime; z_index=\u00a0\u00bb0&Prime; el_class=\u00a0\u00bbapplication_boxes\u00a0\u00bb][vc_column column_width_percent=\u00a0\u00bb100&Prime; gutter_size=\u00a0\u00bb3&Prime; overlay_alpha=\u00a0\u00bb50&Prime; shift_x=\u00a0\u00bb0&Prime; shift_y=\u00a0\u00bb0&Prime; shift_y_down=\u00a0\u00bb0&Prime; z_index=\u00a0\u00bb0&Prime; medium_width=\u00a0\u00bb0&Prime; mobile_width=\u00a0\u00bb0&Prime; width=\u00a0\u00bb1\/6&Prime;][vc_icon icon_image=\u00a0\u00bb568&Prime; heading_semantic=\u00a0\u00bbh5&Prime; text_size=\u00a0\u00bbh5&Prime; linked_title=\u00a0\u00bbyes\u00a0\u00bb title=\u00a0\u00bbAutomotive\u00a0\u00bb link=\u00a0\u00bburl:https%3A%2F%2Fwww.sechsa.com%2Ffr%2Fapplications%2Fautomobile%2F|||\u00a0\u00bb el_class=\u00a0\u00bbapplication_icon\u00a0\u00bb]Des solutions hautes performances fiables et s\u00fbres pour r\u00e9pondre aux exigences de puissance.[\/vc_icon][\/vc_column][vc_column width=\u00a0\u00bb1\/6&Prime;][vc_icon icon_image=\u00a0\u00bb572&Prime; heading_semantic=\u00a0\u00bbh5&Prime; text_size=\u00a0\u00bbh5&Prime; linked_title=\u00a0\u00bbyes\u00a0\u00bb title=\u00a0\u00bbTransport\u00a0\u00bb link=\u00a0\u00bburl:https%3A%2F%2Fwww.sechsa.com%2Ffr%2Fapplications%2Ftransport%2F|||\u00a0\u00bb el_class=\u00a0\u00bbapplication_icon\u00a0\u00bb]Des solutions robustes et \u00e0 l&rsquo;\u00e9preuve des cycles profond pour une efficacit\u00e9 \u00e9nerg\u00e9tique am\u00e9lior\u00e9e et des \u00e9missions r\u00e9duites.[\/vc_icon][\/vc_column][vc_column width=\u00a0\u00bb1\/6&Prime;][vc_icon icon_image=\u00a0\u00bb569&Prime; heading_semantic=\u00a0\u00bbh5&Prime; text_size=\u00a0\u00bbh5&Prime; linked_title=\u00a0\u00bbyes\u00a0\u00bb title=\u00a0\u00bbR\u00e9seau d&rsquo;\u00e9nergie &amp; UPS\u00a0\u00bb link=\u00a0\u00bburl:https%3A%2F%2Fwww.sechsa.com%2Ffr%2Fapplications%2Freseau-ups%2F|||\u00a0\u00bb el_class=\u00a0\u00bbapplication_icon\u00a0\u00bb]Solutions haute puissance et longue dur\u00e9e de vie pour une stabilit\u00e9 et une qualit\u00e9 accrue.[\/vc_icon][\/vc_column][vc_column width=\u00a0\u00bb1\/6&Prime;][vc_icon icon_image=\u00a0\u00bb571&Prime; heading_semantic=\u00a0\u00bbh5&Prime; text_size=\u00a0\u00bbh5&Prime; linked_title=\u00a0\u00bbyes\u00a0\u00bb title=\u00a0\u00bbEnergie renouvelable\u00a0\u00bb link=\u00a0\u00bburl:https%3A%2F%2Fwww.sechsa.com%2Ffr%2Fapplications%2Fenergies-renouvelables%2F|||\u00a0\u00bb el_class=\u00a0\u00bbapplication_icon\u00a0\u00bb]Des solutions fiables et durables favorisant la transition vers des sources d&rsquo;\u00e9nergie renouvelables.[\/vc_icon][\/vc_column][vc_column width=\u00a0\u00bb1\/6&Prime;][vc_icon icon_image=\u00a0\u00bb570&Prime; heading_semantic=\u00a0\u00bbh5&Prime; text_size=\u00a0\u00bbh5&Prime; linked_title=\u00a0\u00bbyes\u00a0\u00bb title=\u00a0\u00bbApplications industrielles\u00a0\u00bb link=\u00a0\u00bburl:https%3A%2F%2Fwww.sechsa.com%2Ffr%2Fapplications%2Findustrie%2F|||\u00a0\u00bb el_class=\u00a0\u00bbapplication_icon\u00a0\u00bb]Des solutions de stockage d&rsquo;\u00e9nergie efficaces et robustes pour des milliers d&rsquo;applications.[\/vc_icon][\/vc_column][\/vc_row]<\/p>\n<\/div>","protected":false},"excerpt":{"rendered":"<p>[vc_row][vc_column width=\u00a0\u00bb1\/1&Prime;][vc_custom_heading heading_semantic=\u00a0\u00bbh1&Prime; text_size=\u00a0\u00bbh1&Prime; uncode_shortcode_id=\u00a0\u00bb905776&Prime;]Applications[\/vc_custom_heading][\/vc_column][\/vc_row][vc_row][vc_column width=\u00a0\u00bb1\/1&Prime;][vc_column_text uncode_shortcode_id=\u00a0\u00bb163159&Prime;]Les ultra-condensateurs SECH se distinguent par un haut niveau d\u2019\u00e9nergie et de performances, par [&hellip;]<\/p>\n","protected":false},"author":2,"featured_media":0,"parent":0,"menu_order":19,"comment_status":"closed","ping_status":"closed","template":"","meta":{"inline_featured_image":false,"_locale":"fr_FR","_original_post":"28","footnotes":""},"class_list":["post-738","page","type-page","status-publish","hentry","fr-FR"],"_links":{"self":[{"href":"https:\/\/www.sechsa.com\/wp-json\/wp\/v2\/pages\/738","targetHints":{"allow":["GET"]}}],"collection":[{"href":"https:\/\/www.sechsa.com\/wp-json\/wp\/v2\/pages"}],"about":[{"href":"https:\/\/www.sechsa.com\/wp-json\/wp\/v2\/types\/page"}],"author":[{"embeddable":true,"href":"https:\/\/www.sechsa.com\/wp-json\/wp\/v2\/users\/2"}],"replies":[{"embeddable":true,"href":"https:\/\/www.sechsa.com\/wp-json\/wp\/v2\/comments?post=738"}],"version-history":[{"count":4,"href":"https:\/\/www.sechsa.com\/wp-json\/wp\/v2\/pages\/738\/revisions"}],"predecessor-version":[{"id":7497,"href":"https:\/\/www.sechsa.com\/wp-json\/wp\/v2\/pages\/738\/revisions\/7497"}],"wp:attachment":[{"href":"https:\/\/www.sechsa.com\/wp-json\/wp\/v2\/media?parent=738"}],"curies":[{"name":"wp","href":"https:\/\/api.w.org\/{rel}","templated":true}]}}