{"id":733,"date":"2017-11-14T22:18:04","date_gmt":"2017-11-14T21:18:04","guid":{"rendered":"https:\/\/www.sechsa.com\/?page_id=733"},"modified":"2026-02-09T16:48:03","modified_gmt":"2026-02-09T15:48:03","slug":"produits","status":"publish","type":"page","link":"https:\/\/www.sechsa.com\/fr\/produits\/","title":{"rendered":"Produits"},"content":{"rendered":"<div class=\"wpb-content-wrapper\"><p>[vc_row][vc_column width=\u00a0\u00bb1\/1&Prime;][vc_custom_heading heading_semantic=\u00a0\u00bbh1&Prime; text_size=\u00a0\u00bbh1&Prime; uncode_shortcode_id=\u00a0\u00bb153002&Prime;]Produits[\/vc_custom_heading][\/vc_column][\/vc_row][vc_row][vc_column width=\u00a0\u00bb1\/1&Prime;][vc_column_text]Les ultra-condensateurs de SECH, aussi appel\u00e9s super-condensateurs sont des accumulateurs d\u2019\u00e9nergie qui sont en mesure d\u2019emmagasiner et de fournir de l\u2019\u00e9nergie \u00e9lectrique tr\u00e8s rapidement, avec un haut niveau d\u2019efficacit\u00e9. Ils pr\u00e9sentent un haut niveau d\u2019\u00e9nergie et une performances in\u00e9gal\u00e9e, ils sont tr\u00e8s surs et fiables \u00e0 utiliser dans une large plage de temp\u00e9ratures, ils font preuve d\u2019une grande dur\u00e9e de vie et sans r\u00e9duction notable de la puissance, ils peuvent \u00eatre charg\u00e9s et d\u00e9charg\u00e9s plusieurs millions de fois. Les produits SECH comprennent des cellules, des modules et des syst\u00e8mes.<\/p>\n<p>Les cellules HUC (hybrid ultracondensatuer) de SECH combinent les caract\u00e9ristiques d&rsquo;un ultracondensateur avec celles d&rsquo;une batterie au lithium pour cr\u00e9er une cellule de stockage d&rsquo;\u00e9nergie \u00e9lev\u00e9e, durable et ultra-rapide, qui peut \u00eatre charg\u00e9e et d\u00e9charg\u00e9e en quelques secondes. Elles pr\u00e9sentent une densit\u00e9 d&rsquo;\u00e9nergie semblable \u00e0 celle d&rsquo;une batterie et une densit\u00e9 de puissance semblable \u00e0 celle d&rsquo;un supercondensateur, sont tr\u00e8s durables pour une utilisation dans des environnements exigeants et peuvent \u00eatre charg\u00e9es et d\u00e9charg\u00e9es des dizaines de milliers de fois sans perte de rendement remarquable \u00e0 des courants \u00e9lev\u00e9s.[\/vc_column_text][\/vc_column][\/vc_row][vc_row row_height_percent=\u00a0\u00bb0&Prime; overlay_alpha=\u00a0\u00bb50&Prime; gutter_size=\u00a0\u00bb3&Prime; column_width_percent=\u00a0\u00bb100&Prime; shift_y=\u00a0\u00bb0&Prime; z_index=\u00a0\u00bb0&Prime;][vc_column column_width_percent=\u00a0\u00bb100&Prime; gutter_size=\u00a0\u00bb3&Prime; override_padding=\u00a0\u00bbyes\u00a0\u00bb column_padding=\u00a0\u00bb0&Prime; expand_height=\u00a0\u00bbyes\u00a0\u00bb overlay_alpha=\u00a0\u00bb50&Prime; shift_x=\u00a0\u00bb0&Prime; shift_y=\u00a0\u00bb0&Prime; shift_y_down=\u00a0\u00bb0&Prime; z_index=\u00a0\u00bb0&Prime; medium_width=\u00a0\u00bb3&Prime; mobile_width=\u00a0\u00bb0&Prime; width=\u00a0\u00bb1\/4&Prime; link_to=\u00a0\u00bburl:https%3A%2F%2Fwww.sechsa.com%2Ffr%2Fproduits%2Fcellules%2F|title:Capacitor%20Cells\u00a0\u00bb][vc_single_image media=\u00a0\u00bb13&Prime; media_width_use_pixel=\u00a0\u00bbyes\u00a0\u00bb alignment=\u00a0\u00bbcenter\u00a0\u00bb media_link=\u00a0\u00bbtitle:Cellules\u00a0\u00bb media_width_pixel=\u00a0\u00bb250&Prime;][vc_single_image media=\u00a0\u00bb5274&Prime; media_width_percent=\u00a0\u00bb100&Prime; alignment=\u00a0\u00bbcenter\u00a0\u00bb][\/vc_column][vc_column column_width_percent=\u00a0\u00bb100&Prime; gutter_size=\u00a0\u00bb3&Prime; overlay_alpha=\u00a0\u00bb50&Prime; shift_x=\u00a0\u00bb0&Prime; shift_y=\u00a0\u00bb0&Prime; shift_y_down=\u00a0\u00bb0&Prime; z_index=\u00a0\u00bb0&Prime; medium_width=\u00a0\u00bb3&Prime; mobile_width=\u00a0\u00bb0&Prime; width=\u00a0\u00bb1\/4&Prime;][vc_single_image media=\u00a0\u00bb6209&Prime; media_width_use_pixel=\u00a0\u00bbyes\u00a0\u00bb alignment=\u00a0\u00bbcenter\u00a0\u00bb media_link=\u00a0\u00bbtitle:Cellules\u00a0\u00bb media_width_pixel=\u00a0\u00bb250&Prime;][vc_single_image media=\u00a0\u00bb6154&Prime; media_width_percent=\u00a0\u00bb100&Prime; alignment=\u00a0\u00bbcenter\u00a0\u00bb][\/vc_column][vc_column column_width_percent=\u00a0\u00bb100&Prime; gutter_size=\u00a0\u00bb3&Prime; overlay_alpha=\u00a0\u00bb50&Prime; shift_x=\u00a0\u00bb0&Prime; shift_y=\u00a0\u00bb0&Prime; shift_y_down=\u00a0\u00bb0&Prime; z_index=\u00a0\u00bb0&Prime; medium_width=\u00a0\u00bb3&Prime; mobile_width=\u00a0\u00bb0&Prime; width=\u00a0\u00bb1\/4&Prime; link_to=\u00a0\u00bburl:https%3A%2F%2Fwww.sechsa.com%2Ffr%2Fproduits%2Fmodules%2F|title:Modules\u00a0\u00bb][vc_single_image media=\u00a0\u00bb14&Prime; media_width_use_pixel=\u00a0\u00bbyes\u00a0\u00bb alignment=\u00a0\u00bbcenter\u00a0\u00bb media_link=\u00a0\u00bbtitle:Modules\u00a0\u00bb media_width_pixel=\u00a0\u00bb250&Prime;][vc_single_image media=\u00a0\u00bb5275&Prime; media_width_percent=\u00a0\u00bb100&Prime; alignment=\u00a0\u00bbcenter\u00a0\u00bb][\/vc_column][vc_column column_width_percent=\u00a0\u00bb100&Prime; gutter_size=\u00a0\u00bb3&Prime; overlay_alpha=\u00a0\u00bb50&Prime; shift_x=\u00a0\u00bb0&Prime; shift_y=\u00a0\u00bb0&Prime; shift_y_down=\u00a0\u00bb0&Prime; z_index=\u00a0\u00bb0&Prime; medium_width=\u00a0\u00bb3&Prime; mobile_width=\u00a0\u00bb0&Prime; width=\u00a0\u00bb1\/4&Prime; link_to=\u00a0\u00bburl:https%3A%2F%2Fwww.sechsa.com%2Ffr%2Fproduits%2Fsystemes%2F|title:Systems%20%26%20Solutions\u00a0\u00bb][vc_single_image media=\u00a0\u00bb15&Prime; media_width_use_pixel=\u00a0\u00bbyes\u00a0\u00bb alignment=\u00a0\u00bbcenter\u00a0\u00bb media_link=\u00a0\u00bbtitle:Systems%20%26%20Solutions\u00a0\u00bb media_width_pixel=\u00a0\u00bb250&Prime;][vc_single_image media=\u00a0\u00bb5276&Prime; media_width_percent=\u00a0\u00bb100&Prime; alignment=\u00a0\u00bbcenter\u00a0\u00bb][\/vc_column][\/vc_row]<\/p>\n<\/div>","protected":false},"excerpt":{"rendered":"<p>[vc_row][vc_column width=\u00a0\u00bb1\/1&Prime;][vc_custom_heading heading_semantic=\u00a0\u00bbh1&Prime; text_size=\u00a0\u00bbh1&Prime; uncode_shortcode_id=\u00a0\u00bb153002&Prime;]Produits[\/vc_custom_heading][\/vc_column][\/vc_row][vc_row][vc_column width=\u00a0\u00bb1\/1&Prime;][vc_column_text]Les ultra-condensateurs de SECH, aussi appel\u00e9s super-condensateurs sont des accumulateurs d\u2019\u00e9nergie qui sont en mesure [&hellip;]<\/p>\n","protected":false},"author":2,"featured_media":0,"parent":0,"menu_order":18,"comment_status":"closed","ping_status":"closed","template":"","meta":{"inline_featured_image":false,"_locale":"fr_FR","_original_post":"26","footnotes":""},"class_list":["post-733","page","type-page","status-publish","hentry","fr-FR"],"_links":{"self":[{"href":"https:\/\/www.sechsa.com\/wp-json\/wp\/v2\/pages\/733","targetHints":{"allow":["GET"]}}],"collection":[{"href":"https:\/\/www.sechsa.com\/wp-json\/wp\/v2\/pages"}],"about":[{"href":"https:\/\/www.sechsa.com\/wp-json\/wp\/v2\/types\/page"}],"author":[{"embeddable":true,"href":"https:\/\/www.sechsa.com\/wp-json\/wp\/v2\/users\/2"}],"replies":[{"embeddable":true,"href":"https:\/\/www.sechsa.com\/wp-json\/wp\/v2\/comments?post=733"}],"version-history":[{"count":12,"href":"https:\/\/www.sechsa.com\/wp-json\/wp\/v2\/pages\/733\/revisions"}],"predecessor-version":[{"id":7894,"href":"https:\/\/www.sechsa.com\/wp-json\/wp\/v2\/pages\/733\/revisions\/7894"}],"wp:attachment":[{"href":"https:\/\/www.sechsa.com\/wp-json\/wp\/v2\/media?parent=733"}],"curies":[{"name":"wp","href":"https:\/\/api.w.org\/{rel}","templated":true}]}}