{"id":1029,"date":"2018-01-24T09:58:01","date_gmt":"2018-01-24T08:58:01","guid":{"rendered":"https:\/\/www.sechsa.com\/?page_id=1029"},"modified":"2026-01-21T09:06:54","modified_gmt":"2026-01-21T08:06:54","slug":"equipe","status":"publish","type":"page","link":"https:\/\/www.sechsa.com\/fr\/about-us\/equipe\/","title":{"rendered":"L&rsquo;\u00e9quipe"},"content":{"rendered":"<div class=\"wpb-content-wrapper\"><p>[vc_row][vc_column width=\u00a0\u00bb1\/1&Prime;][vc_custom_heading heading_semantic=\u00a0\u00bbh1&Prime; text_size=\u00a0\u00bbh1&Prime; uncode_shortcode_id=\u00a0\u00bb513761&Prime;]L&rsquo;\u00e9quipe[\/vc_custom_heading][\/vc_column][\/vc_row][vc_row][vc_column width=\u00a0\u00bb1\/1&Prime;][vc_column_text uncode_shortcode_id=\u00a0\u00bb106831&Prime;]L\u2019\u00e9quipe de Sech SA est compos\u00e9e d\u2019experts qui, depuis la fin des ann\u00e9es 1990, ont activement particip\u00e9 \u00e0 la recherche et au d\u00e9veloppement des mat\u00e9riaux et des composants critiques, ainsi qu\u2019\u00e0 la conception, l\u2019assemblage et la production d\u2019ultracondensateurs (supercondensateurs). Cette exp\u00e9rience couvre toutes les \u00e9tapes du cycle de vie du produit, assurant une ma\u00eetrise compl\u00e8te de la technologie.<\/p>\n<p>Ayant \u00e9t\u00e9 \u00e9troitement impliqu\u00e9e dans le d\u00e9veloppement de produits majeurs chez des leaders tels que Maxwell Technologies, l\u2019\u00e9quipe dispose d\u2019une connaissance approfondie de l\u2019\u00e9lectrochimie et de ses m\u00e9canismes de fonctionnement, essentielle pour optimiser la densit\u00e9 de puissance et la long\u00e9vit\u00e9. Cette expertise est compl\u00e9t\u00e9e par une ma\u00eetrise de l\u2019architecture m\u00e9canique des dispositifs, permettant des solutions d&rsquo;int\u00e9gration robustes. Nous poss\u00e9dons \u00e9galement une excellente compr\u00e9hension du comportement des produits dans une grande vari\u00e9t\u00e9 d\u2019applications critiques. En nous appuyant sur un vaste ensemble de donn\u00e9es de mesure propri\u00e9taires, collect\u00e9es sur nos propres produits au fil des ann\u00e9es, notre \u00e9quipe est capable de simuler et de pr\u00e9dire avec une grande pr\u00e9cision le comportement des produits en conditions r\u00e9elles. Cette capacit\u00e9 unique se traduit par des performances produit exceptionnelles, sp\u00e9cifiquement adapt\u00e9es \u00e0 chaque cas d\u2019utilisation et aux exigences de nos clients dans le stockage \u00e9lectrique.<\/p>\n<p>Notre \u00e9quipe est compl\u00e9t\u00e9e par des sp\u00e9cialistes de la vente et du marketing ayant acquis une exp\u00e9rience significative aupr\u00e8s de Maxwell Technologies et\/ou de Nesscap Energy. Ces professionnels disposent de nombreuses ann\u00e9es d\u2019exp\u00e9rience internationale dans la commercialisation et la vente d\u2019ultracondensateurs pour un large \u00e9ventail d&rsquo;applications industrielles et \u00e9nerg\u00e9tiques.[\/vc_column_text][\/vc_column][\/vc_row]<\/p>\n<\/div>","protected":false},"excerpt":{"rendered":"<p>[vc_row][vc_column width=\u00a0\u00bb1\/1&Prime;][vc_custom_heading heading_semantic=\u00a0\u00bbh1&Prime; text_size=\u00a0\u00bbh1&Prime; uncode_shortcode_id=\u00a0\u00bb513761&Prime;]L&rsquo;\u00e9quipe[\/vc_custom_heading][\/vc_column][\/vc_row][vc_row][vc_column width=\u00a0\u00bb1\/1&Prime;][vc_column_text uncode_shortcode_id=\u00a0\u00bb106831&Prime;]L\u2019\u00e9quipe de Sech SA est compos\u00e9e d\u2019experts qui, depuis la fin des ann\u00e9es 1990, [&hellip;]<\/p>\n","protected":false},"author":2,"featured_media":0,"parent":820,"menu_order":4,"comment_status":"closed","ping_status":"closed","template":"","meta":{"inline_featured_image":false,"_locale":"fr_FR","_original_post":"1025","footnotes":""},"class_list":["post-1029","page","type-page","status-publish","hentry","fr-FR"],"_links":{"self":[{"href":"https:\/\/www.sechsa.com\/wp-json\/wp\/v2\/pages\/1029","targetHints":{"allow":["GET"]}}],"collection":[{"href":"https:\/\/www.sechsa.com\/wp-json\/wp\/v2\/pages"}],"about":[{"href":"https:\/\/www.sechsa.com\/wp-json\/wp\/v2\/types\/page"}],"author":[{"embeddable":true,"href":"https:\/\/www.sechsa.com\/wp-json\/wp\/v2\/users\/2"}],"replies":[{"embeddable":true,"href":"https:\/\/www.sechsa.com\/wp-json\/wp\/v2\/comments?post=1029"}],"version-history":[{"count":4,"href":"https:\/\/www.sechsa.com\/wp-json\/wp\/v2\/pages\/1029\/revisions"}],"predecessor-version":[{"id":7563,"href":"https:\/\/www.sechsa.com\/wp-json\/wp\/v2\/pages\/1029\/revisions\/7563"}],"up":[{"embeddable":true,"href":"https:\/\/www.sechsa.com\/wp-json\/wp\/v2\/pages\/820"}],"wp:attachment":[{"href":"https:\/\/www.sechsa.com\/wp-json\/wp\/v2\/media?parent=1029"}],"curies":[{"name":"wp","href":"https:\/\/api.w.org\/{rel}","templated":true}]}}