{"id":938,"date":"2017-11-27T16:08:31","date_gmt":"2017-11-27T15:08:31","guid":{"rendered":"https:\/\/www.sechsa.com\/?page_id=938"},"modified":"2026-01-20T09:45:22","modified_gmt":"2026-01-20T08:45:22","slug":"impressum","status":"publish","type":"page","link":"https:\/\/www.sechsa.com\/de\/impressum\/","title":{"rendered":"Impressum"},"content":{"rendered":"<div class=\"wpb-content-wrapper\"><p>[vc_row][vc_column width=&#8220;1\/1&#8243;][vc_column_text]<\/p>\n<h1>Impressum<\/h1>\n<h3>Kontaktadresse<\/h3>\n<p>SECH AG<br \/>\nZ.I. du Vivier 22<br \/>\n1690 Villaz-St-Pierre<br \/>\nSchweiz<br \/>\nTelefon: +41 26 552 52 00<br \/>\nE-Mail: <a href=\"mailto:info@sechsa.com\">info@sechsa.com<\/a><br \/>\nInternet: <a href=\"https:\/\/www.sechsa.com\" target=\"_blank\" rel=\"noopener\">www.sechsa.com<\/a><\/p>\n<p>&nbsp;<\/p>\n<h3>Registereintrag<\/h3>\n<p>Eintragung im Handelsregister<br \/>\nRegisternummer: CHE-460.785.944<br \/>\nGerichtsstand: Freiburg \/ Schweiz<\/p>\n<p>&nbsp;<\/p>\n<h3>Haftungsbestimmung<\/h3>\n<h5>Haftung f\u00fcr Inhalte<\/h5>\n<p>Die Inhalte unserer Seiten wurden mit gr\u00f6sster Sorgfalt erstellt. F\u00fcr die Richtigkeit, Vollst\u00e4ndigkeit, Genauigkeit und Aktualit\u00e4t der Inhalte k\u00f6nnen wir jedoch keine Gew\u00e4hr \u00fcbernehmen. Haftungsanspr\u00fcche gegen den Autor wegen Sch\u00e4den materieller oder immaterieller Art, welche aus dem Zugriff oder der Nutzung bzw. Nichtnutzung der ver\u00f6ffentlichten Informationen, durch Missbrauch der Verbindung oder durch technische St\u00f6rungen entstanden sind, werden ausgeschlossen.<\/p>\n<h5>Haftung f\u00fcr Links<\/h5>\n<p>Unsere Seiten enthalten Links zu externen Webseiten Dritter, auf deren Inhalte wir keinen Einfluss haben. Sobald Sie diese anklicken, verlassen Sie unseren Einflussbereich. F\u00fcr fremde Websites, zu welchen von dieser Website aus ein Link besteht, \u00fcbernimmt SECH keine inhaltliche oder rechtliche Verantwortung.<\/p>\n<h5>Haftung f\u00fcr Datensicherheit<\/h5>\n<p>SECH betreibt sichere Datennetze, die den jeweils geltenden technischen Standards entsprechen. Es sind alle erforderlichen und angemessenen technischen und organisatorischen Vorkehrungen getroffen, um Ihre Daten gewissenhaft vor Verlust, Zerst\u00f6rung, Verf\u00e4lschung, Manipulation oder unberechtigtem Zugriff zu sch\u00fctzen.<br \/>\nObwohl sich SECH mit allen sinnvollen Mitteln bem\u00fcht, die Offenlegung der Daten aufgrund von Fehlern bei der Daten\u00fcbertragung und\/oder unberechtigtem Zugriff durch Dritte zu verhindern, kann sie keine Haftung f\u00fcr solche unerw\u00fcnschten Ereignisse \u00fcbernehmen.<\/p>\n<h5>Urheberrecht<\/h5>\n<p>Die Urheber- und alle anderen Rechte an Inhalten, Bildern, Fotos oder anderen Dateien auf der Website geh\u00f6ren ausschliesslich SECH oder den speziell genannten Rechtsinhabern. F\u00fcr die Reproduktion jeglicher Elemente ist die schriftliche Zustimmung der Urheberrechtstr\u00e4ger im Voraus einzuholen.<\/p>\n<p>&nbsp;<\/p>\n<h3>Cookies<\/h3>\n<p>Durch das Aufrufen der SECH Webseite werden im Speicher Ihres Computers sogenannte &#8222;Cookie&#8220; gespeichert. Diese Tracking-Technologie dient prim\u00e4r zur pr\u00e4zisen Erhebung der Besucherzahlen. Das individuelle Verhalten der einzelnen Besucher wird hierdurch nicht beobachtet oder gespeichert. Die Informationen, die wir w\u00e4hrend des normalen Besuches unserer Webseiten erhalten und speichern, werden ausschliesslich von SECH zur Optimierung der Webseite verwendet. Es ist nicht vorgesehen, diese zur Personenidentifikation zu verwenden mit Ausnahme der Abwehr von Angriffen, die Straftatbest\u00e4nde darstellen oder die die Funktionsf\u00e4higkeit unseres Webangebotes zu verhindern oder zu beeintr\u00e4chtigen suchen.<\/p>\n<p>&nbsp;<\/p>\n<h3>Social Media Verlinkungen<\/h3>\n<p>Auf unserer Website werden Links zu verschiedenen sozialen Netzwerken eingesetzt. Sind Sie beim Besuch unserer Website bei einem der hier verwendeten sozialen Netzwerke eingeloggt, kann das betreffende Netzwerk den Besuch unserer Website Ihrem Konto zuordnen. Wenn Sie den Button des betreffenden sozialen Netzwerks auf unserer Website nutzen, entsteht eine direkte Verbindung zwischen Ihrem Browser und den Servern des sozialen Netzwerks, bei dem Sie eingeloggt sind. Die Informationen zu Ihrer Nutzung unserer Website werden auf dem Server des jeweiligen sozialen Netzwerks gespeichert. Zweck und Umfang der Datenerhebung und die weitere Bearbeitung und Nutzung der Daten durch die sozialen Netzwerke sowie Ihre diesbez\u00fcglichen Rechte und Einstellungsm\u00f6glichkeiten zum Schutz Ihrer Privatsph\u00e4re entnehmen Sie bitte den Datenschutzhinweisen der Netzwerke. Wenn Sie nicht w\u00fcnschen, dass die vorangehend erw\u00e4hnten sozialen Netzwerke den Besuch unserer Website Ihrem Konto zuordnen k\u00f6nnen und \u2013 bei Nutzung des Buttons der sozialen Netzwerke auf unserer Website \u2013 eine direkte Verbindung zwischen Ihrem Browser und deren Servern erstellen, loggen Sie sich bitte aus Ihren Nutzerkonten bei den erw\u00e4hnten sozialen Netzwerken aus, bevor Sie unsere Website besuchen.[\/vc_column_text][\/vc_column][\/vc_row]<\/p>\n<\/div>","protected":false},"excerpt":{"rendered":"<p>[vc_row][vc_column width=&#8220;1\/1&#8243;][vc_column_text] Impressum Kontaktadresse SECH AG Z.I. du Vivier 22 1690 Villaz-St-Pierre Schweiz Telefon: +41 26 552 52 00 E-Mail: [&hellip;]<\/p>\n","protected":false},"author":2,"featured_media":0,"parent":0,"menu_order":9,"comment_status":"closed","ping_status":"closed","template":"","meta":{"inline_featured_image":false,"_locale":"de_DE","_original_post":"44","footnotes":""},"class_list":["post-938","page","type-page","status-publish","hentry","de-DE"],"_links":{"self":[{"href":"https:\/\/www.sechsa.com\/wp-json\/wp\/v2\/pages\/938","targetHints":{"allow":["GET"]}}],"collection":[{"href":"https:\/\/www.sechsa.com\/wp-json\/wp\/v2\/pages"}],"about":[{"href":"https:\/\/www.sechsa.com\/wp-json\/wp\/v2\/types\/page"}],"author":[{"embeddable":true,"href":"https:\/\/www.sechsa.com\/wp-json\/wp\/v2\/users\/2"}],"replies":[{"embeddable":true,"href":"https:\/\/www.sechsa.com\/wp-json\/wp\/v2\/comments?post=938"}],"version-history":[{"count":1,"href":"https:\/\/www.sechsa.com\/wp-json\/wp\/v2\/pages\/938\/revisions"}],"predecessor-version":[{"id":939,"href":"https:\/\/www.sechsa.com\/wp-json\/wp\/v2\/pages\/938\/revisions\/939"}],"wp:attachment":[{"href":"https:\/\/www.sechsa.com\/wp-json\/wp\/v2\/media?parent=938"}],"curies":[{"name":"wp","href":"https:\/\/api.w.org\/{rel}","templated":true}]}}