{"id":840,"date":"2017-11-15T17:53:36","date_gmt":"2017-11-15T16:53:36","guid":{"rendered":"https:\/\/www.sechsa.com\/?page_id=840"},"modified":"2026-01-20T12:36:28","modified_gmt":"2026-01-20T11:36:28","slug":"karriere","status":"publish","type":"page","link":"https:\/\/www.sechsa.com\/de\/ueber-uns\/karriere\/","title":{"rendered":"Karriere"},"content":{"rendered":"<div class=\"wpb-content-wrapper\"><p>[vc_row][vc_column width=&#8220;1\/1&#8243;][vc_custom_heading heading_semantic=&#8220;h1&#8243; text_size=&#8220;h1&#8243; uncode_shortcode_id=&#8220;174078&#8243;]Jobs[\/vc_custom_heading][\/vc_column][\/vc_row][vc_row][vc_column width=&#8220;1\/1&#8243;][vc_column_text uncode_shortcode_id=&#8220;324625&#8243;]In der Entwicklung und der Vermarktung von ma\u00dfgeschneiderten Energiespeicher- und Energieversorgungsl\u00f6sungen mit Ultrakondensatoren f\u00fcr Anwendungen im Automobil-, Transport-, Energie- sowie Industriebereich ist SECH bestens positioniert. Langj\u00e4hrige Erfahrung, ein umfassendes Know-how und der Wille zur permanenten Weiterentwicklung unserer Produkte machen uns zu einem leistungsf\u00e4higen und l\u00f6sungsorientierten Partner.<br \/>\nWir sind \u00fcberzeugt, dass Innovation, Integrit\u00e4t, Leistung und \u2018Passion\u2019 die Bausteine f\u00fcr langfristigen Erfolg sind. Wir bieten gute Arbeitsbedingungen und erwarten ein hohes Mass an Engagement, Motivation von unseren Arbeitnehmern.<\/p>\n<h4>Ihr Job bei SECH?<\/h4>\n<p>Sie m\u00f6chten bei SECH einsteigen und Teil unseres energetischen Teams werden? Wir freuen uns auf Ihre Bewerbung f\u00fcr die offenen Stellen. Gerne k\u00f6nnen Sie sich auch spontan bei uns bewerben.<br \/>\nMehr erfahren Sie in der jeweiligen Stellenbeschreibung.[\/vc_column_text][\/vc_column][\/vc_row][vc_row row_height_percent=&#8220;0&#8243; overlay_alpha=&#8220;50&#8243; gutter_size=&#8220;3&#8243; column_width_percent=&#8220;100&#8243; shift_y=&#8220;0&#8243; z_index=&#8220;0&#8243; desktop_visibility=&#8220;yes&#8220; medium_visibility=&#8220;yes&#8220; mobile_visibility=&#8220;yes&#8220;][vc_column width=&#8220;1\/1&#8243;][vc_column_text]F\u00fcr unseren Standort Villaz-St-Pierre suchen wir nach einer\/einem:[\/vc_column_text][vc_accordion active_tab=&#8220;-1&#8243;][vc_accordion_tab title=&#8220;Application Engineer (w\/m)&#8220; tab_id=&#8220;1508143763-1-83&#8243;][vc_column_text]<\/p>\n<h5>Your mission<\/h5>\n<p>Establish and maintain an excellent and trustful relationship with the R&amp;D and technical staff of the customers<br \/>\nUnderstand customers need and recommend the right solution<br \/>\nPush design-ins at the customers in coordination with Sales and do technical follow-ups during qualification phase<br \/>\nPromote and position SECH product portfolio with customer and feedback market needs<br \/>\nPerform technical customer seminars and trainings<br \/>\nPerform first level trouble-shooting for new applications<br \/>\nConsult and support the customers concerning SECH ultracapacitor products<br \/>\nFeed-in customer experience as input to R&amp;D roadmap<br \/>\nConceive target specifications for new products<\/p>\n<h5>Your profile<\/h5>\n<p>Degree in Engineering, Electromechanical or Electrical background, Applied Physics, or related fields<br \/>\nTechnically oriented with sound experience in the energy storage domain and in electronics applications in automotive, traction, energy and industry<br \/>\nMinimum 5 years working experience in similar position<br \/>\nExcellent problem-solving capability at customer site<br \/>\nCan work independently and under pressure to provide competent solution to customers<br \/>\nAdvanced English and German, French could be an asset<br \/>\nGood interpersonal and communication skills<br \/>\nReliable, precise, flexible and motivated personality<\/p>\n<h5>What we offer<\/h5>\n<p>We offer you an interesting challenge in a young, dynamic company with good development opportunities. Admission immediately or by appointment.<br \/>\nExcited? Then take your chance and advertise for yourself! We look forward to your complete online application.<\/p>\n<p>&nbsp;<\/p>\n<p><strong>SECH SA<\/strong><br \/>\n<strong>Manuela Lauper<\/strong><br \/>\n<strong>Phone: +41 26 552 52 00<\/strong>[\/vc_column_text][\/vc_accordion_tab][\/vc_accordion][\/vc_column][\/vc_row]<\/p>\n<\/div>","protected":false},"excerpt":{"rendered":"<p>[vc_row][vc_column width=&#8220;1\/1&#8243;][vc_custom_heading heading_semantic=&#8220;h1&#8243; text_size=&#8220;h1&#8243; uncode_shortcode_id=&#8220;174078&#8243;]Jobs[\/vc_custom_heading][\/vc_column][\/vc_row][vc_row][vc_column width=&#8220;1\/1&#8243;][vc_column_text uncode_shortcode_id=&#8220;324625&#8243;]In der Entwicklung und der Vermarktung von ma\u00dfgeschneiderten Energiespeicher- und Energieversorgungsl\u00f6sungen mit Ultrakondensatoren f\u00fcr [&hellip;]<\/p>\n","protected":false},"author":2,"featured_media":0,"parent":818,"menu_order":3,"comment_status":"closed","ping_status":"closed","template":"","meta":{"inline_featured_image":false,"_locale":"de_DE","_original_post":"72","footnotes":""},"class_list":["post-840","page","type-page","status-publish","hentry","de-DE"],"_links":{"self":[{"href":"https:\/\/www.sechsa.com\/wp-json\/wp\/v2\/pages\/840","targetHints":{"allow":["GET"]}}],"collection":[{"href":"https:\/\/www.sechsa.com\/wp-json\/wp\/v2\/pages"}],"about":[{"href":"https:\/\/www.sechsa.com\/wp-json\/wp\/v2\/types\/page"}],"author":[{"embeddable":true,"href":"https:\/\/www.sechsa.com\/wp-json\/wp\/v2\/users\/2"}],"replies":[{"embeddable":true,"href":"https:\/\/www.sechsa.com\/wp-json\/wp\/v2\/comments?post=840"}],"version-history":[{"count":9,"href":"https:\/\/www.sechsa.com\/wp-json\/wp\/v2\/pages\/840\/revisions"}],"predecessor-version":[{"id":7559,"href":"https:\/\/www.sechsa.com\/wp-json\/wp\/v2\/pages\/840\/revisions\/7559"}],"up":[{"embeddable":true,"href":"https:\/\/www.sechsa.com\/wp-json\/wp\/v2\/pages\/818"}],"wp:attachment":[{"href":"https:\/\/www.sechsa.com\/wp-json\/wp\/v2\/media?parent=840"}],"curies":[{"name":"wp","href":"https:\/\/api.w.org\/{rel}","templated":true}]}}