{"id":834,"date":"2017-11-15T17:25:56","date_gmt":"2017-11-15T16:25:56","guid":{"rendered":"https:\/\/www.sechsa.com\/?page_id=834"},"modified":"2026-01-20T12:29:13","modified_gmt":"2026-01-20T11:29:13","slug":"anfahrtsbeschreibung","status":"publish","type":"page","link":"https:\/\/www.sechsa.com\/de\/ueber-uns\/anfahrtsbeschreibung\/","title":{"rendered":"Standort"},"content":{"rendered":"<div class=\"wpb-content-wrapper\"><p>[vc_row][vc_column width=&#8220;1\/1&#8243;][vc_custom_heading heading_semantic=&#8220;h1&#8243; text_size=&#8220;h1&#8243; uncode_shortcode_id=&#8220;153361&#8243;]Standort[\/vc_custom_heading][\/vc_column][\/vc_row][vc_row][vc_column width=&#8220;1\/3&#8243;][vc_column_text uncode_shortcode_id=&#8220;605465&#8243;]<\/p>\n<h2>Anfahrtsbeschreibung<\/h2>\n<p>SECH SA hat ihren Sitz im Technologiezentrum &#8222;Le Vivier&#8220; in Villaz-St-Pierre, einem Dorf in der N\u00e4he von Romont an der Achse zwischen Freiburg und Lausanne.<\/p>\n<p>Das Unternehmen ist leicht mit \u00f6ffentlichen Verkehrsmitteln oder mit dem Auto erreichbar. Die Entfernungen zu den wichtigsten St\u00e4dten und Flugh\u00e4fen sind:<\/p>\n<p>180 km zum Flughafen Z\u00fcrich<br \/>\n110 km zum Flughafen Genf<br \/>\n50 km nach Bern<br \/>\n20 km nach Fribourg[\/vc_column_text][\/vc_column][vc_column column_width_percent=&#8220;100&#8243; position_vertical=&#8220;middle&#8220; gutter_size=&#8220;3&#8243; override_padding=&#8220;yes&#8220; column_padding=&#8220;0&#8243; expand_height=&#8220;yes&#8220; back_color=&#8220;color-xsdn&#8220; overlay_alpha=&#8220;50&#8243; shift_x=&#8220;0&#8243; shift_y=&#8220;0&#8243; shift_y_down=&#8220;0&#8243; z_index=&#8220;0&#8243; medium_width=&#8220;0&#8243; mobile_width=&#8220;0&#8243; width=&#8220;2\/3&#8243; uncode_shortcode_id=&#8220;151540&#8243; back_color_type=&#8220;uncode-palette&#8220;][vc_single_image media=&#8220;202&#8243; media_width_percent=&#8220;100&#8243; uncode_shortcode_id=&#8220;178972&#8243;][\/vc_column][\/vc_row][vc_row][vc_column width=&#8220;1\/3&#8243;][vc_column_text uncode_shortcode_id=&#8220;139112&#8243;]<\/p>\n<h2>Unterk\u00fcnfte<\/h2>\n<p><b>H\u00f4tel des Innovations<\/b><br \/>\nRoute de l\u2019Ancienne Papeterie 212<br \/>\n1723 Marly<br \/>\n<i id=\"fac_69eb91f4a13f7\" class=\"fa fa-phone\"><\/i>\n +41 26 436 25 25<br \/>\n<i id=\"fac_69eb91f4a2932\" class=\"fa fa-envelope\"><\/i>\n contact@hdi.ch<br \/>\n<i id=\"fac_69eb91f4a3090\" class=\"fa fa-globe\"><\/i>\n www.hdi.ch<\/p>\n<p><b>Hotel aux Remparts<\/b><br \/>\nIn der N\u00e4he der Altstadt<br \/>\nChemin Montrevers 1<br \/>\n1700 Fribourg<br \/>\n<i id=\"fac_69eb91f4a37bb\" class=\"fa fa-phone\"><\/i>\n +41 26 347 56 56<br \/>\n<i id=\"fac_69eb91f4a3f92\" class=\"fa fa-envelope\"><\/i>\n info@hotelremparts.ch<br \/>\n<i id=\"fac_69eb91f4a454c\" class=\"fa fa-globe\"><\/i>\n www.hotel-remparts.ch<\/p>\n<p><b>Hotel ibis Fribourg<\/b><br \/>\nIn der N\u00e4he der Autobahn<br \/>\nRoute du Lac 21<br \/>\n1763 Granges-Paccot<br \/>\n<i id=\"fac_69eb91f4a4bf2\" class=\"fa fa-phone\"><\/i>\n +41 26 469 79 00<br \/>\n<i id=\"fac_69eb91f4a541a\" class=\"fa fa-envelope\"><\/i>\n h5324@accor.com<br \/>\n<i id=\"fac_69eb91f4a5a01\" class=\"fa fa-globe\"><\/i>\n www.ibis.com[\/vc_column_text][\/vc_column][vc_column column_width_percent=&#8220;100&#8243; gutter_size=&#8220;3&#8243; expand_height=&#8220;yes&#8220; overlay_alpha=&#8220;50&#8243; shift_x=&#8220;0&#8243; shift_y=&#8220;0&#8243; shift_y_down=&#8220;0&#8243; z_index=&#8220;0&#8243; medium_width=&#8220;0&#8243; mobile_width=&#8220;0&#8243; width=&#8220;2\/3&#8243;][vc_gmaps latlon=&#8220;46.7182019,6.9607082&#8243; map_color=&#8220;color-116841&#8243; ui_color=&#8220;accent&#8220; zoom=&#8220;11&#8243; map_saturation=&#8220;-100&#8243; map_brightness=&#8220;5&#8243; address=&#8220;Z.I. du Vivier 22<br \/>\n1690 Villaz-St-Pierre<br \/>\nSwitzerland&#8220;][\/vc_column][\/vc_row]<\/p>\n<\/div>","protected":false},"excerpt":{"rendered":"<p>[vc_row][vc_column width=&#8220;1\/1&#8243;][vc_custom_heading heading_semantic=&#8220;h1&#8243; text_size=&#8220;h1&#8243; uncode_shortcode_id=&#8220;153361&#8243;]Standort[\/vc_custom_heading][\/vc_column][\/vc_row][vc_row][vc_column width=&#8220;1\/3&#8243;][vc_column_text uncode_shortcode_id=&#8220;605465&#8243;] Anfahrtsbeschreibung SECH SA hat ihren Sitz im Technologiezentrum &#8222;Le Vivier&#8220; in Villaz-St-Pierre, einem [&hellip;]<\/p>\n","protected":false},"author":2,"featured_media":0,"parent":818,"menu_order":2,"comment_status":"closed","ping_status":"closed","template":"","meta":{"inline_featured_image":false,"_locale":"de_DE","_original_post":"75","footnotes":""},"class_list":["post-834","page","type-page","status-publish","hentry","de-DE"],"_links":{"self":[{"href":"https:\/\/www.sechsa.com\/wp-json\/wp\/v2\/pages\/834","targetHints":{"allow":["GET"]}}],"collection":[{"href":"https:\/\/www.sechsa.com\/wp-json\/wp\/v2\/pages"}],"about":[{"href":"https:\/\/www.sechsa.com\/wp-json\/wp\/v2\/types\/page"}],"author":[{"embeddable":true,"href":"https:\/\/www.sechsa.com\/wp-json\/wp\/v2\/users\/2"}],"replies":[{"embeddable":true,"href":"https:\/\/www.sechsa.com\/wp-json\/wp\/v2\/comments?post=834"}],"version-history":[{"count":6,"href":"https:\/\/www.sechsa.com\/wp-json\/wp\/v2\/pages\/834\/revisions"}],"predecessor-version":[{"id":7601,"href":"https:\/\/www.sechsa.com\/wp-json\/wp\/v2\/pages\/834\/revisions\/7601"}],"up":[{"embeddable":true,"href":"https:\/\/www.sechsa.com\/wp-json\/wp\/v2\/pages\/818"}],"wp:attachment":[{"href":"https:\/\/www.sechsa.com\/wp-json\/wp\/v2\/media?parent=834"}],"curies":[{"name":"wp","href":"https:\/\/api.w.org\/{rel}","templated":true}]}}