{"id":818,"date":"2017-11-15T15:59:49","date_gmt":"2017-11-15T14:59:49","guid":{"rendered":"https:\/\/www.sechsa.com\/?page_id=818"},"modified":"2026-01-20T12:21:57","modified_gmt":"2026-01-20T11:21:57","slug":"ueber-uns","status":"publish","type":"page","link":"https:\/\/www.sechsa.com\/de\/ueber-uns\/","title":{"rendered":"\u00dcber uns"},"content":{"rendered":"<div class=\"wpb-content-wrapper\"><p>[vc_row][vc_column width=&#8220;1\/1&#8243;][vc_custom_heading heading_semantic=&#8220;h1&#8243; text_size=&#8220;h1&#8243; uncode_shortcode_id=&#8220;172633&#8243;]Das Unternehmen[\/vc_custom_heading][\/vc_column][\/vc_row][vc_row][vc_column width=&#8220;1\/1&#8243;][vc_column_text uncode_shortcode_id=&#8220;105977&#8243;]SECH entwirft, entwickelt und liefert ma\u00dfgeschneiderte Energiespeicher- und Energieversorgungsl\u00f6sungen auf Basis von Ultrakondensatoren, auch bekannt als Superkondensatoren, f\u00fcr Anwendungen im Automobil-, Transport-, Stromerzeugungs- und Stromverteilungs- sowie Industriebereich. Unsere Ultrakondensatoren, Module und Systeme zeichnen sich durch hohe Energie- und Leistungsdichte, h\u00f6chste Qualit\u00e4t und Zuverl\u00e4ssigkeit und lange Lebensdauer aus, lassen sich schnell und unkompliziert laden und entladen und weisen selbst unter extremen Bedingungen eine stabile Performance auf.<\/p>\n<p>In unseren Zielm\u00e4rkten z\u00e4hlen wir OEMs, Distributoren und Endverbraucher zu unseren Kunden. In enger Zusammenarbeit mit unseren Kunden entwickeln wir innovative Produkte und L\u00f6sungen auf Basis von Ultrakondensatoren. Das erfahrene Forschungs- und Produktentwicklungs-Team von SECH ist bestrebt, Produkte h\u00f6chster Leistung f\u00fcr den Einsatz in den anspruchsvollsten Anwendungen zu entwerfen und herzustellen. Unsere Kunden k\u00f6nnen sich darauf verlassen, dass wir sie w\u00e4hrend der Entwicklungsphase unterst\u00fctzen um Endprodukte schneller zu realisieren. Unsere St\u00e4rke im Austausch mit Kunden beschrieben die folgenden zwei Aussagen: Wir bieten L\u00f6sungen an und halten es einfach!<\/p>\n<p>Neben unserer kundenorientierten Herangehensweise fokussieren wir uns auch weiterhin auf die Entwicklung von Produkten der n\u00e4chsten Generation, welche letztlich unseren Kunden bei deren Realisierung neuer innovativer Anwendungen helfen. Dabei bauen wir auf ein etabliertes Netzwerk mit weltweiten Experten und Spezialisten sowie den fortschrittlichsten Lieferanten in diesem Bereich.<\/p>\n<p>Als Organisation sind wir engagiert und arbeiten eng mit all unseren zusammen, um mit effizienten, zuverl\u00e4ssigen und kosteng\u00fcnstigen Energiespeicherl\u00f6sung zu einer umweltfreundlicheren, saubereren und nachhaltigeren Welt beizutragen.<\/p>\n<p>SECH ist eine hundert Prozent Tochter von Sieyuan Electric Co. Ltd, einem f\u00fchrenden, b\u00f6rsennotierten Unternehmen in China im Bereich der elektrischen Energietechnik. Sieyuan Electric hat sich zum Ziel gesetzt &#8222;die Elektrizit\u00e4ts\u00fcbertragung und -verteilung sicherer, kontrollierbarer und effizienter zu machen&#8220; und setzt dabei auf komplette, innovative Produktreihen und professionelle Engineering- sowie Design-Dienstleistungen an. Zu den Kunden geh\u00f6ren Stromversorger sowie Firmen im Industrie- und Stromerzeugungssektor in \u00fcber 60 L\u00e4ndern weltweit. Sieyuan Electric darf sich unter anderem \u201cChina Energy Equipment Top Ten Private Company\u201d, \u201cInnovative Company in Shanghai\u201d und \u201cNational Key Fackel Plan High-Tech-Unternehmen\u00bb nennen. Zurzeit umfasst Sieyuan Electric acht Tochtergesellschaften, welche jeweils mit einem breiten Produkte- und Anlagenportfolio auf h\u00f6chstem technischen Niveau die verschiedenen Fachgebiete rund um den T&amp;D Sektor abdecken.<\/p>\n<p><a href=\"http:\/\/www.sieyuan.com\/en\/\" target=\"_blank\" rel=\"noopener\">www.sieyuan.com\/en\/<\/a>[\/vc_column_text][\/vc_column][\/vc_row]<\/p>\n<\/div>","protected":false},"excerpt":{"rendered":"<p>[vc_row][vc_column width=&#8220;1\/1&#8243;][vc_custom_heading heading_semantic=&#8220;h1&#8243; text_size=&#8220;h1&#8243; uncode_shortcode_id=&#8220;172633&#8243;]Das Unternehmen[\/vc_custom_heading][\/vc_column][\/vc_row][vc_row][vc_column width=&#8220;1\/1&#8243;][vc_column_text uncode_shortcode_id=&#8220;105977&#8243;]SECH entwirft, entwickelt und liefert ma\u00dfgeschneiderte Energiespeicher- und Energieversorgungsl\u00f6sungen auf Basis von Ultrakondensatoren, [&hellip;]<\/p>\n","protected":false},"author":2,"featured_media":0,"parent":0,"menu_order":14,"comment_status":"closed","ping_status":"closed","template":"","meta":{"inline_featured_image":false,"_locale":"de_DE","_original_post":"34","footnotes":""},"class_list":["post-818","page","type-page","status-publish","hentry","de-DE"],"_links":{"self":[{"href":"https:\/\/www.sechsa.com\/wp-json\/wp\/v2\/pages\/818","targetHints":{"allow":["GET"]}}],"collection":[{"href":"https:\/\/www.sechsa.com\/wp-json\/wp\/v2\/pages"}],"about":[{"href":"https:\/\/www.sechsa.com\/wp-json\/wp\/v2\/types\/page"}],"author":[{"embeddable":true,"href":"https:\/\/www.sechsa.com\/wp-json\/wp\/v2\/users\/2"}],"replies":[{"embeddable":true,"href":"https:\/\/www.sechsa.com\/wp-json\/wp\/v2\/comments?post=818"}],"version-history":[{"count":8,"href":"https:\/\/www.sechsa.com\/wp-json\/wp\/v2\/pages\/818\/revisions"}],"predecessor-version":[{"id":7833,"href":"https:\/\/www.sechsa.com\/wp-json\/wp\/v2\/pages\/818\/revisions\/7833"}],"wp:attachment":[{"href":"https:\/\/www.sechsa.com\/wp-json\/wp\/v2\/media?parent=818"}],"curies":[{"name":"wp","href":"https:\/\/api.w.org\/{rel}","templated":true}]}}