{"id":802,"date":"2017-11-15T15:30:20","date_gmt":"2017-11-15T14:30:20","guid":{"rendered":"https:\/\/www.sechsa.com\/?page_id=802"},"modified":"2026-01-20T11:43:58","modified_gmt":"2026-01-20T10:43:58","slug":"fragebogen","status":"publish","type":"page","link":"https:\/\/www.sechsa.com\/de\/technischer-support\/fragebogen\/","title":{"rendered":"Fragebogen"},"content":{"rendered":"<div class=\"wpb-content-wrapper\"><p>[vc_row][vc_column width=&#8220;1\/1&#8243;][vc_custom_heading heading_semantic=&#8220;h1&#8243; text_size=&#8220;h1&#8243; uncode_shortcode_id=&#8220;109651&#8243;]Fragebogen[\/vc_custom_heading][\/vc_column][\/vc_row][vc_row][vc_column width=&#8220;1\/1&#8243;][vc_column_text uncode_shortcode_id=&#8220;156193&#8243;]Um eine realisierbare L\u00f6sung mit einem optimalen Produkt f\u00fcr Ihre Anwendung zu finden, ben\u00f6tigen wir so viele Informationen wie m\u00f6glich \u00fcber Ihre Anwendung und die Anforderungen. Der Fragebogen, den Sie hier finden, fasst alle ben\u00f6tigten Daten zusammen.<\/p>\n<p>Wir bitten Sie daher, das interaktive PDF-Formular herunterzuladen, es so detailliert wie m\u00f6glich auszuf\u00fcllen und an folgende E-Mail-Adresse zu senden: <a href=\"mailto:info@sechsa.com\">info@sechsa.com<\/a><\/p>\n<p>Falls Sie Unterst\u00fctzung ben\u00f6tigen, z\u00f6gern Sie nicht uns zu kontaktieren.[\/vc_column_text][\/vc_column][\/vc_row][vc_row][vc_column width=&#8220;1\/6&#8243;][vc_icon icon_image=&#8220;573&#8243; heading_semantic=&#8220;h5&#8243; text_size=&#8220;h5&#8243; linked_title=&#8220;yes&#8220; title=&#8220;Fragebogen&#8220; link=&#8220;url:https%3A%2F%2Fwww.sechsa.com%2Fwp-content%2Fuploads%2F220218-Sech-Questionaire-Form-A4-v08-1.pdf||target:%20_blank|&#8220; el_class=&#8220;application_icon&#8220;][\/vc_icon][\/vc_column][vc_column width=&#8220;1\/6&#8243;][vc_icon icon_image=&#8220;573&#8243; heading_semantic=&#8220;h5&#8243; text_size=&#8220;h5&#8243; linked_title=&#8220;yes&#8220; title=&#8220;Basic&#8220; link=&#8220;url:https%3A%2F%2Fwww.sechsa.com%2Fwp-content%2Fuploads%2F220218_Sech_Basic-questionnaire_10-1.pdf|target:_blank&#8220; el_class=&#8220;application_icon&#8220;][\/vc_icon][\/vc_column][vc_column column_width_percent=&#8220;100&#8243; gutter_size=&#8220;3&#8243; overlay_alpha=&#8220;50&#8243; shift_x=&#8220;0&#8243; shift_y=&#8220;0&#8243; shift_y_down=&#8220;0&#8243; z_index=&#8220;0&#8243; medium_width=&#8220;0&#8243; mobile_visibility=&#8220;yes&#8220; mobile_width=&#8220;0&#8243; width=&#8220;1\/6&#8243;][\/vc_column][vc_column column_width_percent=&#8220;100&#8243; gutter_size=&#8220;3&#8243; overlay_alpha=&#8220;50&#8243; shift_x=&#8220;0&#8243; shift_y=&#8220;0&#8243; shift_y_down=&#8220;0&#8243; z_index=&#8220;0&#8243; medium_width=&#8220;0&#8243; mobile_visibility=&#8220;yes&#8220; mobile_width=&#8220;0&#8243; width=&#8220;1\/6&#8243;][\/vc_column][vc_column column_width_percent=&#8220;100&#8243; gutter_size=&#8220;3&#8243; overlay_alpha=&#8220;50&#8243; shift_x=&#8220;0&#8243; shift_y=&#8220;0&#8243; shift_y_down=&#8220;0&#8243; z_index=&#8220;0&#8243; medium_visibility=&#8220;yes&#8220; medium_width=&#8220;0&#8243; mobile_visibility=&#8220;yes&#8220; mobile_width=&#8220;0&#8243; width=&#8220;1\/6&#8243;][\/vc_column][vc_column column_width_percent=&#8220;100&#8243; gutter_size=&#8220;3&#8243; overlay_alpha=&#8220;50&#8243; shift_x=&#8220;0&#8243; shift_y=&#8220;0&#8243; shift_y_down=&#8220;0&#8243; z_index=&#8220;0&#8243; medium_visibility=&#8220;yes&#8220; medium_width=&#8220;0&#8243; mobile_visibility=&#8220;yes&#8220; mobile_width=&#8220;0&#8243; width=&#8220;1\/6&#8243;][\/vc_column][\/vc_row]<\/p>\n<\/div>","protected":false},"excerpt":{"rendered":"<p>[vc_row][vc_column width=&#8220;1\/1&#8243;][vc_custom_heading heading_semantic=&#8220;h1&#8243; text_size=&#8220;h1&#8243; uncode_shortcode_id=&#8220;109651&#8243;]Fragebogen[\/vc_custom_heading][\/vc_column][\/vc_row][vc_row][vc_column width=&#8220;1\/1&#8243;][vc_column_text uncode_shortcode_id=&#8220;156193&#8243;]Um eine realisierbare L\u00f6sung mit einem optimalen Produkt f\u00fcr Ihre Anwendung zu finden, ben\u00f6tigen [&hellip;]<\/p>\n","protected":false},"author":2,"featured_media":0,"parent":790,"menu_order":3,"comment_status":"closed","ping_status":"closed","template":"","meta":{"inline_featured_image":false,"_locale":"de_DE","_original_post":"66","footnotes":""},"class_list":["post-802","page","type-page","status-publish","hentry","de-DE"],"_links":{"self":[{"href":"https:\/\/www.sechsa.com\/wp-json\/wp\/v2\/pages\/802","targetHints":{"allow":["GET"]}}],"collection":[{"href":"https:\/\/www.sechsa.com\/wp-json\/wp\/v2\/pages"}],"about":[{"href":"https:\/\/www.sechsa.com\/wp-json\/wp\/v2\/types\/page"}],"author":[{"embeddable":true,"href":"https:\/\/www.sechsa.com\/wp-json\/wp\/v2\/users\/2"}],"replies":[{"embeddable":true,"href":"https:\/\/www.sechsa.com\/wp-json\/wp\/v2\/comments?post=802"}],"version-history":[{"count":6,"href":"https:\/\/www.sechsa.com\/wp-json\/wp\/v2\/pages\/802\/revisions"}],"predecessor-version":[{"id":7544,"href":"https:\/\/www.sechsa.com\/wp-json\/wp\/v2\/pages\/802\/revisions\/7544"}],"up":[{"embeddable":true,"href":"https:\/\/www.sechsa.com\/wp-json\/wp\/v2\/pages\/790"}],"wp:attachment":[{"href":"https:\/\/www.sechsa.com\/wp-json\/wp\/v2\/media?parent=802"}],"curies":[{"name":"wp","href":"https:\/\/api.w.org\/{rel}","templated":true}]}}