{"id":794,"date":"2017-11-15T14:56:29","date_gmt":"2017-11-15T13:56:29","guid":{"rendered":"https:\/\/www.sechsa.com\/?page_id=794"},"modified":"2026-01-20T12:14:57","modified_gmt":"2026-01-20T11:14:57","slug":"technologie","status":"publish","type":"page","link":"https:\/\/www.sechsa.com\/de\/technischer-support\/technologie\/","title":{"rendered":"Technologie"},"content":{"rendered":"<div class=\"wpb-content-wrapper\"><p>[vc_row][vc_column width=&#8220;1\/1&#8243;][vc_custom_heading heading_semantic=&#8220;h1&#8243; text_size=&#8220;h1&#8243; uncode_shortcode_id=&#8220;100404&#8243;]Technologief\u00fchrerschaft mit unseren Superkondensator-\/Ultrakondensator- oder Hybridkondensator-Produkten[\/vc_custom_heading][\/vc_column][\/vc_row][vc_row][vc_column width=&#8220;1\/1&#8243;][vc_column_text uncode_shortcode_id=&#8220;109821&#8243;]Die Performance und Eigenschaften von Ultrakondensatoren wird massgeblich durch das eingesetzte Elektrodenmaterial bestimmt. SECH verwendet f\u00fcr die Elektrodenherstellung aktiviertes Kohlenstoffpulver, welches durch patentgesch\u00fctzte Prozesse weiter optimiert wird. Dabei wird die Porengr\u00f6\u00dfe des Kohlenstoffs und deren Verteilung so gew\u00e4hlt, dass eine m\u00f6glichst grosse zug\u00e4ngliche Oberfl\u00e4che resultiert. Zudem erfolgt eine bestm\u00f6gliche Abstimmung zwischen den Porengr\u00f6ssen und den verwendeten Ionen im eingesetzten Elektrolyt, so dass das Elektrodenmaterial eine hohe Kapazit\u00e4t und einen geringeren Innenwiderstand bei hervorragender elektrochemischer Stabilit\u00e4t aufweist. Das Elektrodenmaterial wird unter strenger Qualit\u00e4tskontrolle durch einfache industrielle Fertigungsprozesse hergestellt. Da wir die Elektrodentechnologie durchg\u00e4ngig beherrschen, sind wir jederzeit in der Lage, die Performance unserer Produkte den jeweiligen Anwendungen anzupassen.<\/p>\n<p>In einem ersten Schritt wird das Elektrodenmaterial durch das Aufbringen der Aktivkohle auf einem Stromkollektor hergestellt. In einem zweiten Schritt werden zwei Elektroden und zwei Separatoren zu einem Kondensatorwickel verarbeitet. Danach wird der Wickel in einem robusten, hermetisch dichten Geh\u00e4use verbaut. Nach der Trocknung wird der Kondensator mit einem leistungsf\u00e4higen Elektrolyten impr\u00e4gniert. Unsere Kondensatoren kennzeichnen sich durch ausschliesslich Laser geschweisste interne Verbindungen, die Verwendung von reinem Aluminium f\u00fcr Geh\u00e4use und elektrische Kontakte sowie ein innovatives und patentiertes Geh\u00e4usedesign. Dadurch wird sichergestellt, dass SECH Ultrakondensatoren im Vergleich zu Konkurrenzprodukten eine in allen Belangen einzigartige Performance aufweisen. SECH Ultrakondensatoren haben eine sehr hohe Energie- und Leistungsdichte, sind extrem langlebig, zuverl\u00e4ssig und wartungsfrei.<\/p>\n<p>Die St\u00e4rken und Vorteile von SECH Ultrakondensatoren widerspiegeln sich auch in unseren Modulen und Systemen. Diese zeichnen sich ebenfalls durch hervorragende elektrische wie mechanische Eigenschaften aus und sind somit ideale Produkte f\u00fcr eine nahezu unbeschr\u00e4nkte Anzahl von Anwendungen. Bei unseren Systeml\u00f6sungen kommt die grosse Erfahrung unseres Mutterkonzerns im Bereich Leistungselektronik und Kommunikationstechnologie zum Tragen. Dadurch sind wir in der Lage, zusammen mit und f\u00fcr unsere Kunden perfekt abgestimmte und m\u00f6glichst vollst\u00e4ndig integrierte L\u00f6sungen anzubieten und zu verwirklichen.<br \/>\nW\u00e4hrenddem ein Grossteil der Forschung und Produktentwicklung bei SECH in der Schweiz stattfindet, lassen wir unsere Produkte ausschliesslich in China fertigen. Dort lassen sich die Vorteile einer kosteng\u00fcnstigen Arbeitskraft- und Rohstoffmaterialbeschaffung bestens nutzen, so dass wir in der Lage sind, unseren Kunden Produkte mit einem vorteilhaften Kosten-Nutzen Verh\u00e4ltnis anzubieten. Zudem k\u00f6nnen wir dank einer grossen finanziellen Stabilit\u00e4t jederzeit die Produktionskapazit\u00e4t schnell und effizient erweitern, um mit der wachsenden Nachfrage Schritt zu halten.[\/vc_column_text][\/vc_column][\/vc_row][vc_row][vc_column width=&#8220;1\/1&#8243;][vc_column_text uncode_shortcode_id=&#8220;205001&#8243;]<\/p>\n<h2>Was kennzeichnet SECH Ultrakondensatoren?<\/h2>\n<ul>\n<li>Einzelzellspannung von 3.0V<\/li>\n<li>Sehr hohe Energie- und Leistungsdichte<\/li>\n<li>Tiefer Innenwiderstand, hoher Wirkungsgrad und geringe Verluste<\/li>\n<li>Innovatives Zelldesign\n<ul>\n<li>Laser geschweisstes Geh\u00e4use f\u00fcr eine hervorragende Dichtigkeit der Zelle<\/li>\n<li>Integrierte Durchf\u00fchrungen f\u00fcr kompakte und leichte Produkte<\/li>\n<\/ul>\n<\/li>\n<li>Laser geschweisste interne Verbindungen f\u00fcr tiefe Innenwiderstandswerte und eine optimale thermische Anbindung \u00fcber die gesamte Lebensdauer<\/li>\n<li>Sehr hohe Zuverl\u00e4ssigkeit und Lebensdauer, u.a. durch die Verwendung von hochreinen und strukturoptimierten Elektrodenmaterialien<\/li>\n<li>Elektrische Anschl\u00fcsse mit Antirotationskonzept<\/li>\n<li>Schraubanschl\u00fcsse mit extrem hohem Anzugsdrehmoment<\/li>\n<li>Automatisierte Fertigungsverfahren mit online Monitoring SPC<\/li>\n<li>Vorteilhaftes Preis-Performances Verh\u00e4ltnis<\/li>\n<\/ul>\n<p>[\/vc_column_text][\/vc_column][\/vc_row][vc_row][vc_column width=&#8220;1\/1&#8243;][vc_column_text uncode_shortcode_id=&#8220;656778&#8243;]<\/p>\n<h2>Was kennzeichnet SECH Module und Systeme?<\/h2>\n<ul>\n<li>Sehr hohe Energie- und Leistungsdichte<\/li>\n<li>Tiefer Innenwiderstand, hoher Wirkungsgrad, geringe Verluste<\/li>\n<li>Modulares Design<\/li>\n<li>Kundenspezifische L\u00f6sungen<\/li>\n<li>Laser geschweisste Zellverbindungen f\u00fcr tiefe Innenwiderstandswerte<\/li>\n<li>Systeme mit Ausgleichs- und \u00dcberwachungselektronik, Kommunikationsschnittstelle und Leistungselektronikteil, beispielsweise inklusive DCDC Wandler<\/li>\n<li>Sehr hohe Zuverl\u00e4ssigkeit und Lebensdauer<\/li>\n<li>Gutes Preis-Performance Verh\u00e4ltnis<\/li>\n<\/ul>\n<p>[\/vc_column_text][\/vc_column][\/vc_row]<\/p>\n<\/div>","protected":false},"excerpt":{"rendered":"<p>[vc_row][vc_column width=&#8220;1\/1&#8243;][vc_custom_heading heading_semantic=&#8220;h1&#8243; text_size=&#8220;h1&#8243; uncode_shortcode_id=&#8220;100404&#8243;]Technologief\u00fchrerschaft mit unseren Superkondensator-\/Ultrakondensator- oder Hybridkondensator-Produkten[\/vc_custom_heading][\/vc_column][\/vc_row][vc_row][vc_column width=&#8220;1\/1&#8243;][vc_column_text uncode_shortcode_id=&#8220;109821&#8243;]Die Performance und Eigenschaften von Ultrakondensatoren wird massgeblich durch [&hellip;]<\/p>\n","protected":false},"author":2,"featured_media":0,"parent":790,"menu_order":0,"comment_status":"closed","ping_status":"closed","template":"","meta":{"inline_featured_image":false,"_locale":"de_DE","_original_post":"63","footnotes":""},"class_list":["post-794","page","type-page","status-publish","hentry","de-DE"],"_links":{"self":[{"href":"https:\/\/www.sechsa.com\/wp-json\/wp\/v2\/pages\/794","targetHints":{"allow":["GET"]}}],"collection":[{"href":"https:\/\/www.sechsa.com\/wp-json\/wp\/v2\/pages"}],"about":[{"href":"https:\/\/www.sechsa.com\/wp-json\/wp\/v2\/types\/page"}],"author":[{"embeddable":true,"href":"https:\/\/www.sechsa.com\/wp-json\/wp\/v2\/users\/2"}],"replies":[{"embeddable":true,"href":"https:\/\/www.sechsa.com\/wp-json\/wp\/v2\/comments?post=794"}],"version-history":[{"count":5,"href":"https:\/\/www.sechsa.com\/wp-json\/wp\/v2\/pages\/794\/revisions"}],"predecessor-version":[{"id":7534,"href":"https:\/\/www.sechsa.com\/wp-json\/wp\/v2\/pages\/794\/revisions\/7534"}],"up":[{"embeddable":true,"href":"https:\/\/www.sechsa.com\/wp-json\/wp\/v2\/pages\/790"}],"wp:attachment":[{"href":"https:\/\/www.sechsa.com\/wp-json\/wp\/v2\/media?parent=794"}],"curies":[{"name":"wp","href":"https:\/\/api.w.org\/{rel}","templated":true}]}}