{"id":790,"date":"2017-11-15T14:45:03","date_gmt":"2017-11-15T13:45:03","guid":{"rendered":"https:\/\/www.sechsa.com\/?page_id=790"},"modified":"2026-01-20T11:29:59","modified_gmt":"2026-01-20T10:29:59","slug":"technischer-support","status":"publish","type":"page","link":"https:\/\/www.sechsa.com\/de\/technischer-support\/","title":{"rendered":"Tech Support"},"content":{"rendered":"<div class=\"wpb-content-wrapper\"><p>[vc_row][vc_column width=&#8220;1\/1&#8243;][vc_custom_heading heading_semantic=&#8220;h1&#8243; text_size=&#8220;h1&#8243; uncode_shortcode_id=&#8220;100346&#8243;]Technischer Support[\/vc_custom_heading][\/vc_column][\/vc_row][vc_row][vc_column width=&#8220;1\/1&#8243;][vc_column_text uncode_shortcode_id=&#8220;146074&#8243;]Wir streben eine enge Zusammenarbeit mit unseren Kunden an, um Produkte und L\u00f6sungen auf der Basis von Ultrakondensatoren zu entwickeln. Das erfahrene Forschungs- und Produktentwicklungsteam von SECH ist bestrebt, Produkte zu entwerfen und zu bauen, die auf dem neuesten Stand der Technik sind und f\u00fcr die anspruchsvollsten Anwendungen geeignet sind. Kunden k\u00f6nnen sich darauf verlassen, dass wir sie bei der Entwicklung unterst\u00fctzen und Endprodukte schneller generieren. Unser Ansatz gegen\u00fcber dem Kunden ist durch die beiden folgenden Aussagen gekennzeichnet: Wir <strong>bieten L\u00f6sungen<\/strong> an und wir <strong>halten es einfach!<\/strong>[\/vc_column_text][\/vc_column][\/vc_row][vc_row row_height_percent=&#8220;0&#8243; overlay_alpha=&#8220;50&#8243; gutter_size=&#8220;2&#8243; column_width_percent=&#8220;100&#8243; shift_y=&#8220;0&#8243; z_index=&#8220;0&#8243; el_class=&#8220;application_boxes&#8220;][vc_column column_width_percent=&#8220;100&#8243; gutter_size=&#8220;3&#8243; overlay_alpha=&#8220;50&#8243; shift_x=&#8220;0&#8243; shift_y=&#8220;0&#8243; shift_y_down=&#8220;0&#8243; z_index=&#8220;0&#8243; medium_width=&#8220;0&#8243; mobile_width=&#8220;0&#8243; width=&#8220;1\/6&#8243;][vc_icon icon_image=&#8220;576&#8243; heading_semantic=&#8220;h5&#8243; text_size=&#8220;h5&#8243; linked_title=&#8220;yes&#8220; title=&#8220;Technologie&#8220; link=&#8220;url:https%3A%2F%2Fwww.sechsa.com%2Fde%2Ftechnical-support%2Ftechnologie%2F|||&#8220; el_class=&#8220;application_icon&#8220;]In jeder Hinsicht \u00fcberlegene Leistung und einzigartige Eigenschaften.[\/vc_icon][\/vc_column][vc_column width=&#8220;1\/6&#8243;][vc_icon icon_image=&#8220;575&#8243; heading_semantic=&#8220;h5&#8243; text_size=&#8220;h5&#8243; linked_title=&#8220;yes&#8220; title=&#8220;Support&#8220; link=&#8220;url:https%3A%2F%2Fwww.sechsa.com%2Fde%2Ftechnical-support%2Fsupport%2F|||&#8220; el_class=&#8220;application_icon&#8220;]Z\u00e4hlen Sie auf uns, falls Sie Unterst\u00fctzung ben\u00f6tigen![\/vc_icon][\/vc_column][vc_column width=&#8220;1\/6&#8243;][vc_icon icon_image=&#8220;577&#8243; heading_semantic=&#8220;h5&#8243; text_size=&#8220;h5&#8243; linked_title=&#8220;yes&#8220; title=&#8220;Tools&#8220; link=&#8220;url:https%3A%2F%2Fwww.sechsa.com%2Fde%2Ftechnischer-support%2Ftools%2F|||&#8220; el_class=&#8220;application_icon&#8220;]Nutzen Sie unser Sizing-Tool, um eine erste Dimensionierung vorzunehmen.[\/vc_icon][\/vc_column][vc_column width=&#8220;1\/6&#8243;][vc_icon icon_image=&#8220;574&#8243; heading_semantic=&#8220;h5&#8243; text_size=&#8220;h5&#8243; linked_title=&#8220;yes&#8220; title=&#8220;Fragebogen&#8220; link=&#8220;url:https%3A%2F%2Fwww.sechsa.com%2Fde%2Ftechnical-support%2Ffragebogen%2F|||&#8220; el_class=&#8220;application_icon&#8220;]Lassen Sie uns Ihre anwendungsspezifischen Informationen zukommen.[\/vc_icon][\/vc_column][vc_column width=&#8220;1\/6&#8243;][vc_icon icon_image=&#8220;573&#8243; heading_semantic=&#8220;h5&#8243; text_size=&#8220;h5&#8243; linked_title=&#8220;yes&#8220; title=&#8220;Downloads&#8220; link=&#8220;url:https%3A%2F%2Fwww.sechsa.com%2Fde%2Ftechnical-support%2Fdownloads%2F|||&#8220; el_class=&#8220;application_icon&#8220;]Alle unsere detaillierten und informativen Dokumente an einem Ort.[\/vc_icon][\/vc_column][\/vc_row]<\/p>\n<\/div>","protected":false},"excerpt":{"rendered":"<p>[vc_row][vc_column width=&#8220;1\/1&#8243;][vc_custom_heading heading_semantic=&#8220;h1&#8243; text_size=&#8220;h1&#8243; uncode_shortcode_id=&#8220;100346&#8243;]Technischer Support[\/vc_custom_heading][\/vc_column][\/vc_row][vc_row][vc_column width=&#8220;1\/1&#8243;][vc_column_text uncode_shortcode_id=&#8220;146074&#8243;]Wir streben eine enge Zusammenarbeit mit unseren Kunden an, um Produkte und L\u00f6sungen [&hellip;]<\/p>\n","protected":false},"author":2,"featured_media":0,"parent":0,"menu_order":12,"comment_status":"closed","ping_status":"closed","template":"","meta":{"inline_featured_image":false,"_locale":"de_DE","_original_post":"30","footnotes":""},"class_list":["post-790","page","type-page","status-publish","hentry","de-DE"],"_links":{"self":[{"href":"https:\/\/www.sechsa.com\/wp-json\/wp\/v2\/pages\/790","targetHints":{"allow":["GET"]}}],"collection":[{"href":"https:\/\/www.sechsa.com\/wp-json\/wp\/v2\/pages"}],"about":[{"href":"https:\/\/www.sechsa.com\/wp-json\/wp\/v2\/types\/page"}],"author":[{"embeddable":true,"href":"https:\/\/www.sechsa.com\/wp-json\/wp\/v2\/users\/2"}],"replies":[{"embeddable":true,"href":"https:\/\/www.sechsa.com\/wp-json\/wp\/v2\/comments?post=790"}],"version-history":[{"count":8,"href":"https:\/\/www.sechsa.com\/wp-json\/wp\/v2\/pages\/790\/revisions"}],"predecessor-version":[{"id":7669,"href":"https:\/\/www.sechsa.com\/wp-json\/wp\/v2\/pages\/790\/revisions\/7669"}],"wp:attachment":[{"href":"https:\/\/www.sechsa.com\/wp-json\/wp\/v2\/media?parent=790"}],"curies":[{"name":"wp","href":"https:\/\/api.w.org\/{rel}","templated":true}]}}