{"id":786,"date":"2017-11-15T13:14:17","date_gmt":"2017-11-15T12:14:17","guid":{"rendered":"https:\/\/www.sechsa.com\/?page_id=786"},"modified":"2026-01-19T12:44:32","modified_gmt":"2026-01-19T11:44:32","slug":"industrie","status":"publish","type":"page","link":"https:\/\/www.sechsa.com\/de\/anwendungen\/industrie\/","title":{"rendered":"Industrie"},"content":{"rendered":"<div class=\"wpb-content-wrapper\"><p>[vc_row][vc_column width=&#8220;1\/1&#8243;][vc_custom_heading heading_semantic=&#8220;h1&#8243; text_size=&#8220;h1&#8243; uncode_shortcode_id=&#8220;123001&#8243;]Industrie[\/vc_custom_heading][\/vc_column][\/vc_row][vc_row row_height_percent=&#8220;0&#8243; overlay_alpha=&#8220;50&#8243; gutter_size=&#8220;3&#8243; column_width_percent=&#8220;100&#8243; shift_y=&#8220;0&#8243; z_index=&#8220;0&#8243; desktop_visibility=&#8220;yes&#8220;][vc_column width=&#8220;1\/1&#8243;][vc_gallery el_id=&#8220;gallery-128878&#8243; type=&#8220;carousel&#8220; medias=&#8220;623,948,946&#8243; carousel_lg=&#8220;3&#8243; carousel_md=&#8220;3&#8243; carousel_sm=&#8220;1&#8243; gutter_size=&#8220;3&#8243; carousel_interval=&#8220;3000&#8243; carousel_navspeed=&#8220;400&#8243; carousel_loop=&#8220;yes&#8220; stage_padding=&#8220;0&#8243; single_overlay_opacity=&#8220;50&#8243; single_v_position=&#8220;top&#8220; single_padding=&#8220;2&#8243; single_border=&#8220;yes&#8220;][\/vc_column][\/vc_row][vc_row row_height_percent=&#8220;0&#8243; overlay_alpha=&#8220;50&#8243; gutter_size=&#8220;3&#8243; column_width_percent=&#8220;100&#8243; shift_y=&#8220;0&#8243; z_index=&#8220;0&#8243;][vc_column column_width_percent=&#8220;100&#8243; gutter_size=&#8220;3&#8243; overlay_alpha=&#8220;50&#8243; shift_x=&#8220;0&#8243; shift_y=&#8220;0&#8243; shift_y_down=&#8220;0&#8243; z_index=&#8220;0&#8243; medium_visibility=&#8220;yes&#8220; medium_width=&#8220;0&#8243; mobile_visibility=&#8220;yes&#8220; mobile_width=&#8220;0&#8243; width=&#8220;1\/3&#8243;][vc_gallery el_id=&#8220;gallery-128878&#8243; type=&#8220;justified&#8220; medias=&#8220;623,601,611,948,944,946&#8243; justify_row_height=&#8220;&#8220; gutter_size=&#8220;3&#8243; single_overlay_opacity=&#8220;50&#8243; single_v_position=&#8220;top&#8220; single_padding=&#8220;2&#8243; single_border=&#8220;yes&#8220;][\/vc_column][vc_column width=&#8220;2\/3&#8243;][vc_column_text uncode_shortcode_id=&#8220;634369&#8243;]Unz\u00e4hlige industrielle Anwendungen erfordern zuverl\u00e4ssige, leistungsf\u00e4hige und langlebige Energiespeicherl\u00f6sungen. Ultrakondensatoren \/ Superkondensatoren haben sich dabei in zahlreichen Anwendungen als \u00fcberlegene Technologie erwiesen, wie z.B.:<\/p>\n<ul>\n<li>Gabelstapler<\/li>\n<li>Kr\u00e4ne, Portalhubwagen, RTG-Kr\u00e4ne<\/li>\n<li>Baumaschinen<\/li>\n<li>Telekommunikation<\/li>\n<li>Robotik, automatisierte Systeme<\/li>\n<li>Fahrerlose Transportfahrzeuge<\/li>\n<li>Elektronische T\u00fcrschl\u00f6sser, T\u00fcr- und L\u00fcftungssysteme,<\/li>\n<li>Klappensteuerungen<\/li>\n<li>Medizinische Ger\u00e4te<\/li>\n<li>Unterhaltungselektronik<\/li>\n<li>K\u00fcchenger\u00e4te<\/li>\n<li>Echtzeituhr-Backup<\/li>\n<li>Verbrauchsz\u00e4hler<\/li>\n<li>Speisung von Sensoren, LEDs, Schaltern<\/li>\n<li>SRAM Backup Speicher<\/li>\n<li>Burst-Mode Stromversorgung<\/li>\n<\/ul>\n<p>[\/vc_column_text][vc_column_text uncode_shortcode_id=&#8220;155972&#8243;]<\/p>\n<h2>Gabelstapler, Kr\u00e4ne, Portalhubwagen, Baumaschinen<\/h2>\n<p>Bei diesen Anwendungen steht die Rekuperation von Energie im Vordergrund. Ultrakondensatoren werden hier verwendet, um Energie w\u00e4hrend dem Absenken oder Bremsen der Last jederzeit effizient zu speichern und beim Heben oder Fortbewegen schnell wieder abzugeben.<\/p>\n<p>Handelt es sich um ein dieselbetriebenes Fahrzeug oder Ger\u00e4t, dann kann durch die Elektrifizierung des Antriebs ein Downsizing des Verbrennungsmotors realisiert werden. Durch einen kleineren Verbrennungsmotor wird der Treibstoffverbrauch markant gesenkt.<br \/>\nBei einem rein elektrischen Fahrzeug oder Ger\u00e4t mit Batteriespeicher unterst\u00fctzt ein Ultrakondensatorspeicher die Batterie durch Pufferung der Spitzenlast und verl\u00e4ngert dadurch die Lebensdauer der Batterie.[\/vc_column_text][vc_column_text uncode_shortcode_id=&#8220;163106&#8243;]<\/p>\n<h2>Telekommunikation<\/h2>\n<p>Traditionell wurden in der Vergangenheit Batterien als Energiespeicher in Telekommunikations- und Datenkommunikationsanwendungen eingesetzt, wo sie Backup-Leistungen \u00fcber einige Minuten bis zu mehreren Stunden erm\u00f6glichen. Ihre Zuverl\u00e4ssigkeit ist jedoch h\u00e4ufig ein Problem. In vielen Systemen m\u00fcssen die Batterien meist kurzzeitige St\u00f6rungen bew\u00e4ltigen, welche nur Bruchteile einer Sekunde bis hin zu wenigen Sekunden andauern. Die wiederholt geforderten Energieimpulse f\u00fchren zu einer verminderten Zuverl\u00e4ssigkeit und einer verk\u00fcrzten Lebensdauer der Batterie.<\/p>\n<p>Ultrakondensatoren liefern zuverl\u00e4ssig hohe Leistungen und k\u00f6nnen daher ideal mit oder anstelle von Batterien verwendet werden. Durch die Bereitstellung von mehreren Sekunden an Backup-Leistung kompensieren Ultrakondensatoren die Zuverl\u00e4ssigkeitsprobleme von Batterien. Allerdings soll nicht jede Batteriel\u00f6sung in der Telekommunikation ersetzt werden &#8211; nur solche in Installationen, bei denen die Verf\u00fcgbarkeit an erster Stelle steht und Ultrakondensatoren ein sicheres Herunterfahren des Systems erm\u00f6glichen oder die \u00dcberbr\u00fcckung auf einen Generator, eine Brennstoffzelle oder eine andere langfristige Backup-Quelle sicherstellen. Das Ergebnis sind ein jahrzehntelanger wartungsfreier Betrieb und die F\u00e4higkeit, dank schneller Wiederaufladung auch aufeinanderfolgende St\u00f6rungen problemlos zu bew\u00e4ltigen.[\/vc_column_text][vc_column_text uncode_shortcode_id=&#8220;180814&#8243;]<\/p>\n<h2>Robotik<\/h2>\n<p>Ultrakondensatoren werden in vielen Power-Management-Anwendungen eingesetzt, die zahlreiche schnelle Lade- und Entladezyklen f\u00fcr kurzfristige Strombedarfe ben\u00f6tigen. Solche Leistungsanforderungen sind typisch f\u00fcr Robotik-Anwendungen und andere automatisierte Systeme, bei denen es darum geht, Herstellern zu helfen die Produktivit\u00e4t, die Produktqualit\u00e4t und die Arbeitssicherheit zu verbessern.[\/vc_column_text][\/vc_column][\/vc_row]<\/p>\n<\/div>","protected":false},"excerpt":{"rendered":"<p>[vc_row][vc_column width=&#8220;1\/1&#8243;][vc_custom_heading heading_semantic=&#8220;h1&#8243; text_size=&#8220;h1&#8243; uncode_shortcode_id=&#8220;123001&#8243;]Industrie[\/vc_custom_heading][\/vc_column][\/vc_row][vc_row row_height_percent=&#8220;0&#8243; overlay_alpha=&#8220;50&#8243; gutter_size=&#8220;3&#8243; column_width_percent=&#8220;100&#8243; shift_y=&#8220;0&#8243; z_index=&#8220;0&#8243; desktop_visibility=&#8220;yes&#8220;][vc_column width=&#8220;1\/1&#8243;][vc_gallery el_id=&#8220;gallery-128878&#8243; type=&#8220;carousel&#8220; medias=&#8220;623,948,946&#8243; carousel_lg=&#8220;3&#8243; carousel_md=&#8220;3&#8243; carousel_sm=&#8220;1&#8243; gutter_size=&#8220;3&#8243; [&hellip;]<\/p>\n","protected":false},"author":2,"featured_media":0,"parent":736,"menu_order":4,"comment_status":"closed","ping_status":"closed","template":"","meta":{"inline_featured_image":false,"_locale":"de_DE","_original_post":"62","footnotes":""},"class_list":["post-786","page","type-page","status-publish","hentry","de-DE"],"_links":{"self":[{"href":"https:\/\/www.sechsa.com\/wp-json\/wp\/v2\/pages\/786","targetHints":{"allow":["GET"]}}],"collection":[{"href":"https:\/\/www.sechsa.com\/wp-json\/wp\/v2\/pages"}],"about":[{"href":"https:\/\/www.sechsa.com\/wp-json\/wp\/v2\/types\/page"}],"author":[{"embeddable":true,"href":"https:\/\/www.sechsa.com\/wp-json\/wp\/v2\/users\/2"}],"replies":[{"embeddable":true,"href":"https:\/\/www.sechsa.com\/wp-json\/wp\/v2\/comments?post=786"}],"version-history":[{"count":9,"href":"https:\/\/www.sechsa.com\/wp-json\/wp\/v2\/pages\/786\/revisions"}],"predecessor-version":[{"id":7631,"href":"https:\/\/www.sechsa.com\/wp-json\/wp\/v2\/pages\/786\/revisions\/7631"}],"up":[{"embeddable":true,"href":"https:\/\/www.sechsa.com\/wp-json\/wp\/v2\/pages\/736"}],"wp:attachment":[{"href":"https:\/\/www.sechsa.com\/wp-json\/wp\/v2\/media?parent=786"}],"curies":[{"name":"wp","href":"https:\/\/api.w.org\/{rel}","templated":true}]}}