{"id":7792,"date":"2025-12-10T22:07:21","date_gmt":"2025-12-10T21:07:21","guid":{"rendered":"https:\/\/www.sechsa.com\/?page_id=7792"},"modified":"2026-02-09T16:46:13","modified_gmt":"2026-02-09T15:46:13","slug":"home","status":"publish","type":"page","link":"https:\/\/www.sechsa.com\/","title":{"rendered":"HOME"},"content":{"rendered":"<div class=\"wpb-content-wrapper\"><p>[vc_row row_height_percent=&#8220;0&#8243; back_color=&#8220;color-195483&#8243; overlay_alpha=&#8220;50&#8243; gutter_size=&#8220;3&#8243; column_width_percent=&#8220;100&#8243; shift_y=&#8220;0&#8243; z_index=&#8220;0&#8243; content_parallax=&#8220;0&#8243; uncode_shortcode_id=&#8220;586797&#8243; css=&#8220;.vc_custom_1765140425967{padding-bottom: 10vh !important;}&#8220; back_color_type=&#8220;uncode-palette&#8220;][vc_column width=&#8220;1\/1&#8243;][vc_custom_heading heading_semantic=&#8220;h1&#8243; text_size=&#8220;h1&#8243; uncode_shortcode_id=&#8220;822209&#8243;]Das Unternehmen[\/vc_custom_heading][vc_row_inner row_inner_height_percent=&#8220;0&#8243; overlay_alpha=&#8220;50&#8243; gutter_size=&#8220;3&#8243; shift_y=&#8220;0&#8243; z_index=&#8220;0&#8243; medium_visibility=&#8220;yes&#8220; mobile_visibility=&#8220;yes&#8220; uncode_shortcode_id=&#8220;409867&#8243;][vc_column_inner width=&#8220;1\/4&#8243;][vc_single_image media=&#8220;16&#8243; media_width_percent=&#8220;85&#8243; alignment=&#8220;center&#8220; uncode_shortcode_id=&#8220;450040&#8243;][\/vc_column_inner][vc_column_inner width=&#8220;1\/2&#8243;][vc_column_text uncode_shortcode_id=&#8220;152365&#8243;]SECH entwirft, entwickelt und liefert ma\u00dfgeschneiderte Energiespeicher- und Energieversorgungsl\u00f6sungen auf Basis von Ultrakondensatoren, auch bekannt als Superkondensatoren, f\u00fcr Anwendungen im Automobil-, Transport-, Stromerzeugungs- und Stromverteilungs- sowie Industriebereich. Unsere Ultrakondensatoren, Module und Systeme zeichnen sich durch hohe Energie- und Leistungsdichte, h\u00f6chste Qualit\u00e4t und Zuverl\u00e4ssigkeit und lange Lebensdauer aus, lassen sich schnell und unkompliziert laden und entladen und weisen selbst unter extremen Bedingungen eine stabile Performance auf.[\/vc_column_text][\/vc_column_inner][vc_column_inner width=&#8220;1\/4&#8243;][vc_single_image media=&#8220;1972&#8243; media_width_percent=&#8220;75&#8243; alignment=&#8220;center&#8220; uncode_shortcode_id=&#8220;192204&#8243;][\/vc_column_inner][\/vc_row_inner][vc_row_inner row_inner_height_percent=&#8220;0&#8243; overlay_alpha=&#8220;50&#8243; gutter_size=&#8220;3&#8243; shift_y=&#8220;0&#8243; z_index=&#8220;0&#8243; desktop_visibility=&#8220;yes&#8220; uncode_shortcode_id=&#8220;138043&#8243;][vc_column_inner width=&#8220;1\/1&#8243;][vc_column_text uncode_shortcode_id=&#8220;968044&#8243;]SECH entwirft, entwickelt und liefert ma\u00dfgeschneiderte Energiespeicher- und Energieversorgungsl\u00f6sungen auf Basis von Ultrakondensatoren, auch bekannt als Superkondensatoren, f\u00fcr Anwendungen im Automobil-, Transport-, Stromerzeugungs- und Stromverteilungs- sowie Industriebereich. Unsere Ultrakondensatoren, Module und Systeme zeichnen sich durch hohe Energie- und Leistungsdichte, h\u00f6chste Qualit\u00e4t und Zuverl\u00e4ssigkeit und lange Lebensdauer aus, lassen sich schnell und unkompliziert laden und entladen und weisen selbst unter extremen Bedingungen eine stabile Performance auf.[\/vc_column_text][vc_single_image media=&#8220;16&#8243; media_width_percent=&#8220;50&#8243; alignment=&#8220;center&#8220; uncode_shortcode_id=&#8220;451038&#8243;][vc_single_image media=&#8220;1972&#8243; media_width_percent=&#8220;42&#8243; alignment=&#8220;center&#8220; uncode_shortcode_id=&#8220;158137&#8243;][\/vc_column_inner][\/vc_row_inner][\/vc_column][\/vc_row][vc_row row_height_percent=&#8220;0&#8243; back_color=&#8220;color-151138&#8243; overlay_alpha=&#8220;50&#8243; equal_height=&#8220;yes&#8220; gutter_size=&#8220;3&#8243; column_width_percent=&#8220;100&#8243; shift_y=&#8220;0&#8243; z_index=&#8220;0&#8243; content_parallax=&#8220;0&#8243; uncode_shortcode_id=&#8220;172369&#8243; back_color_type=&#8220;uncode-palette&#8220; row_name=&#8220;Products&#8220; css=&#8220;.vc_custom_1765196376788{padding-bottom: 5vh !important;}&#8220;][vc_column column_width_percent=&#8220;100&#8243; gutter_size=&#8220;3&#8243; overlay_alpha=&#8220;50&#8243; shift_x=&#8220;0&#8243; shift_y=&#8220;0&#8243; shift_y_down=&#8220;0&#8243; z_index=&#8220;0&#8243; medium_width=&#8220;0&#8243; mobile_width=&#8220;0&#8243; width=&#8220;1\/1&#8243; uncode_shortcode_id=&#8220;826266&#8243;][vc_custom_heading text_size=&#8220;h1&#8243; uncode_shortcode_id=&#8220;994110&#8243;]SECH Produkte[\/vc_custom_heading][vc_row_inner row_inner_height_percent=&#8220;0&#8243; overlay_alpha=&#8220;50&#8243; equal_height=&#8220;yes&#8220; gutter_size=&#8220;3&#8243; shift_y=&#8220;0&#8243; z_index=&#8220;0&#8243; uncode_shortcode_id=&#8220;139391&#8243;][vc_column_inner column_width_percent=&#8220;100&#8243; gutter_size=&#8220;3&#8243; overlay_alpha=&#8220;50&#8243; shift_x=&#8220;0&#8243; shift_y=&#8220;0&#8243; shift_y_down=&#8220;0&#8243; z_index=&#8220;0&#8243; medium_width=&#8220;0&#8243; mobile_width=&#8220;0&#8243; width=&#8220;1\/4&#8243; uncode_shortcode_id=&#8220;165432&#8243; link_to=&#8220;url:https%3A%2F%2Fwww.sechsa.com%2Fproducts%2Fcells%2F|title:Capacitor%20Cells&#8220;][vc_single_image media=&#8220;13&#8243; media_width_use_pixel=&#8220;yes&#8220; media_link=&#8220;url:https%3A%2F%2Fwww.sechsa.com%2Fproducts%2Fcells%2F|||&#8220; uncode_shortcode_id=&#8220;140209&#8243; media_width_pixel=&#8220;200&#8243;][vc_single_image media=&#8220;5274&#8243; media_width_use_pixel=&#8220;yes&#8220; alignment=&#8220;center&#8220; lbox_title=&#8220;yes&#8220; lbox_caption=&#8220;yes&#8220; uncode_shortcode_id=&#8220;188918&#8243; media_width_pixel=&#8220;300&#8243;][\/vc_column_inner][vc_column_inner column_width_percent=&#8220;100&#8243; gutter_size=&#8220;3&#8243; overlay_alpha=&#8220;50&#8243; shift_x=&#8220;0&#8243; shift_y=&#8220;0&#8243; shift_y_down=&#8220;0&#8243; z_index=&#8220;0&#8243; medium_width=&#8220;0&#8243; mobile_width=&#8220;0&#8243; width=&#8220;1\/4&#8243; uncode_shortcode_id=&#8220;108448&#8243; link_to=&#8220;url:https%3A%2F%2Fwww.sechsa.com%2Fproducts%2Fcells%2F|title:Capacitor%20Cells&#8220;][vc_single_image media=&#8220;6209&#8243; media_width_use_pixel=&#8220;yes&#8220; media_link=&#8220;url:https%3A%2F%2Fwww.sechsa.com%2Fproducts%2Fcells%2F|||&#8220; uncode_shortcode_id=&#8220;166589&#8243; media_width_pixel=&#8220;200&#8243;][vc_single_image media=&#8220;6154&#8243; media_width_use_pixel=&#8220;yes&#8220; alignment=&#8220;center&#8220; lbox_title=&#8220;yes&#8220; lbox_caption=&#8220;yes&#8220; uncode_shortcode_id=&#8220;177476&#8243; media_width_pixel=&#8220;300&#8243;][\/vc_column_inner][vc_column_inner column_width_percent=&#8220;100&#8243; gutter_size=&#8220;3&#8243; overlay_alpha=&#8220;50&#8243; shift_x=&#8220;0&#8243; shift_y=&#8220;0&#8243; shift_y_down=&#8220;0&#8243; z_index=&#8220;0&#8243; medium_width=&#8220;0&#8243; mobile_width=&#8220;0&#8243; width=&#8220;1\/4&#8243; uncode_shortcode_id=&#8220;181788&#8243; link_to=&#8220;url:https%3A%2F%2Fwww.sechsa.com%2Fproducts%2Fmodules%2F|title:Modules&#8220;][vc_single_image media=&#8220;14&#8243; media_width_use_pixel=&#8220;yes&#8220; media_link=&#8220;url:https%3A%2F%2Fwww.sechsa.com%2Fproducts%2Fmodules%2F|||&#8220; uncode_shortcode_id=&#8220;127694&#8243; media_width_pixel=&#8220;200&#8243;][vc_single_image media=&#8220;5275&#8243; media_width_use_pixel=&#8220;yes&#8220; alignment=&#8220;center&#8220; lbox_title=&#8220;yes&#8220; lbox_caption=&#8220;yes&#8220; uncode_shortcode_id=&#8220;920995&#8243; media_width_pixel=&#8220;300&#8243;][\/vc_column_inner][vc_column_inner column_width_percent=&#8220;100&#8243; gutter_size=&#8220;3&#8243; overlay_alpha=&#8220;50&#8243; shift_x=&#8220;0&#8243; shift_y=&#8220;0&#8243; shift_y_down=&#8220;0&#8243; z_index=&#8220;0&#8243; medium_width=&#8220;0&#8243; mobile_width=&#8220;0&#8243; width=&#8220;1\/4&#8243; uncode_shortcode_id=&#8220;124475&#8243; link_to=&#8220;url:https%3A%2F%2Fwww.sechsa.com%2Fproducts%2Fsystems-solutions%2F|title:Systeme&#8220;][vc_single_image media=&#8220;15&#8243; media_width_use_pixel=&#8220;yes&#8220; uncode_shortcode_id=&#8220;176981&#8243; media_width_pixel=&#8220;200&#8243;][vc_single_image media=&#8220;5276&#8243; media_width_use_pixel=&#8220;yes&#8220; alignment=&#8220;center&#8220; lbox_title=&#8220;yes&#8220; lbox_caption=&#8220;yes&#8220; uncode_shortcode_id=&#8220;240303&#8243; media_width_pixel=&#8220;300&#8243;][\/vc_column_inner][\/vc_row_inner][vc_button radius=&#8220;btn-round&#8220; hover_fx=&#8220;full-colored&#8220; border_width=&#8220;0&#8243; link=&#8220;url:https%3A%2F%2Fwww.sechsa.com%2Fde%2Fprodukte%2F|title:Produkte&#8220; uncode_shortcode_id=&#8220;190424&#8243; icon=&#8220;fa fa-chevron-right&#8220; el_class=&#8220;a_right&#8220;]Weiterlesen[\/vc_button][\/vc_column][\/vc_row][vc_row row_height_percent=&#8220;0&#8243; back_color=&#8220;color-195483&#8243; overlay_alpha=&#8220;50&#8243; overlay_color_blend=&#8220;color-dodge&#8220; equal_height=&#8220;yes&#8220; gutter_size=&#8220;3&#8243; column_width_percent=&#8220;100&#8243; shift_y=&#8220;0&#8243; z_index=&#8220;0&#8243; content_parallax=&#8220;0&#8243; uncode_shortcode_id=&#8220;199842&#8243; row_name=&#8220;Products&#8220; back_color_type=&#8220;uncode-palette&#8220; css=&#8220;.vc_custom_1765196382621{padding-bottom: 5vh !important;}&#8220;][vc_column column_width_percent=&#8220;100&#8243; gutter_size=&#8220;3&#8243; overlay_alpha=&#8220;50&#8243; shift_x=&#8220;0&#8243; shift_y=&#8220;0&#8243; shift_y_down=&#8220;0&#8243; z_index=&#8220;0&#8243; medium_width=&#8220;0&#8243; mobile_width=&#8220;0&#8243; width=&#8220;1\/1&#8243; uncode_shortcode_id=&#8220;826266&#8243;][vc_custom_heading text_size=&#8220;h1&#8243; uncode_shortcode_id=&#8220;119204&#8243;]SECH Anwendungen[\/vc_custom_heading][vc_row_inner row_inner_height_percent=&#8220;0&#8243; overlay_alpha=&#8220;50&#8243; equal_height=&#8220;yes&#8220; gutter_size=&#8220;3&#8243; shift_y=&#8220;0&#8243; z_index=&#8220;0&#8243; uncode_shortcode_id=&#8220;525494&#8243;][vc_column_inner column_width_percent=&#8220;100&#8243; gutter_size=&#8220;3&#8243; style=&#8220;dark&#8220; back_image=&#8220;614&#8243; overlay_color=&#8220;color-jevc&#8220; overlay_alpha=&#8220;20&#8243; radius=&#8220;std&#8220; shift_x=&#8220;0&#8243; shift_y=&#8220;0&#8243; shift_y_down=&#8220;0&#8243; z_index=&#8220;0&#8243; align_medium=&#8220;align_center_tablet&#8220; medium_width=&#8220;0&#8243; align_mobile=&#8220;align_center_mobile&#8220; mobile_width=&#8220;0&#8243; width=&#8220;1\/6&#8243; uncode_shortcode_id=&#8220;195523&#8243; overlay_color_type=&#8220;uncode-palette&#8220; css=&#8220;.vc_custom_1765448301331{padding-right: 1vw !important;padding-bottom: 10vw !important;padding-left: 1vw !important;}&#8220; link_to=&#8220;url:https%3A%2F%2Fwww.sechsa.com%2Fde%2Fanwendungen%2Fautomobil%2F|title:Automobil&#8220;][vc_column_text uncode_shortcode_id=&#8220;135806&#8243; el_class=&#8220;textshadow&#8220;]<\/p>\n<h3 style=\"text-align: center;\">Automotive<\/h3>\n<p>[\/vc_column_text][\/vc_column_inner][vc_column_inner column_width_percent=&#8220;100&#8243; gutter_size=&#8220;3&#8243; style=&#8220;dark&#8220; back_image=&#8220;620&#8243; overlay_color=&#8220;color-jevc&#8220; overlay_alpha=&#8220;20&#8243; radius=&#8220;std&#8220; shift_x=&#8220;0&#8243; shift_y=&#8220;0&#8243; shift_y_down=&#8220;0&#8243; z_index=&#8220;0&#8243; align_medium=&#8220;align_center_tablet&#8220; medium_width=&#8220;0&#8243; align_mobile=&#8220;align_center_mobile&#8220; mobile_width=&#8220;0&#8243; width=&#8220;1\/6&#8243; uncode_shortcode_id=&#8220;140636&#8243; overlay_color_type=&#8220;uncode-palette&#8220; css=&#8220;.vc_custom_1765448340912{padding-right: 1vw !important;padding-left: 1vw !important;}&#8220; link_to=&#8220;url:https%3A%2F%2Fwww.sechsa.com%2Fde%2Fanwendungen%2Ftransport%2F|title:Transport&#8220;][vc_column_text uncode_shortcode_id=&#8220;224599&#8243; el_class=&#8220;textshadow&#8220;]<\/p>\n<h3 style=\"text-align: center;\">Transport<\/h3>\n<p>[\/vc_column_text][\/vc_column_inner][vc_column_inner column_width_percent=&#8220;100&#8243; gutter_size=&#8220;3&#8243; style=&#8220;dark&#8220; back_image=&#8220;618&#8243; overlay_color=&#8220;color-jevc&#8220; overlay_alpha=&#8220;20&#8243; radius=&#8220;std&#8220; shift_x=&#8220;0&#8243; shift_y=&#8220;0&#8243; shift_y_down=&#8220;0&#8243; z_index=&#8220;0&#8243; align_medium=&#8220;align_center_tablet&#8220; medium_width=&#8220;0&#8243; align_mobile=&#8220;align_center_mobile&#8220; mobile_width=&#8220;0&#8243; width=&#8220;1\/6&#8243; uncode_shortcode_id=&#8220;128660&#8243; overlay_color_type=&#8220;uncode-palette&#8220; css=&#8220;.vc_custom_1765448402713{padding-right: 1vw !important;padding-left: 1vw !important;}&#8220; link_to=&#8220;url:https%3A%2F%2Fwww.sechsa.com%2Fde%2Fanwendungen%2Fenergienetz-usv%2F|title:Energienetz%20%26%20USV&#8220;][vc_column_text uncode_shortcode_id=&#8220;538338&#8243; el_class=&#8220;textshadow&#8220;]<\/p>\n<h3 style=\"text-align: center;\">Energienetz &amp; USV<\/h3>\n<p>[\/vc_column_text][\/vc_column_inner][vc_column_inner column_width_percent=&#8220;100&#8243; gutter_size=&#8220;3&#8243; style=&#8220;dark&#8220; back_image=&#8220;609&#8243; overlay_color=&#8220;color-jevc&#8220; overlay_alpha=&#8220;20&#8243; radius=&#8220;std&#8220; shift_x=&#8220;0&#8243; shift_y=&#8220;0&#8243; shift_y_down=&#8220;0&#8243; z_index=&#8220;0&#8243; align_medium=&#8220;align_center_tablet&#8220; medium_width=&#8220;0&#8243; align_mobile=&#8220;align_center_mobile&#8220; mobile_width=&#8220;0&#8243; width=&#8220;1\/6&#8243; uncode_shortcode_id=&#8220;129309&#8243; overlay_color_type=&#8220;uncode-palette&#8220; css=&#8220;.vc_custom_1765448459356{padding-right: 1vw !important;padding-left: 1vw !important;}&#8220; link_to=&#8220;url:https%3A%2F%2Fwww.sechsa.com%2Fde%2Fanwendungen%2Ferneuerbare-energien%2F|title:Erneuerbare%20Energien&#8220;][vc_column_text uncode_shortcode_id=&#8220;106121&#8243; el_class=&#8220;textshadow&#8220;]<\/p>\n<h3 style=\"text-align: center;\">Erneuerbare Energien<\/h3>\n<p>[\/vc_column_text][\/vc_column_inner][vc_column_inner column_width_percent=&#8220;100&#8243; gutter_size=&#8220;3&#8243; style=&#8220;dark&#8220; back_image=&#8220;611&#8243; overlay_color=&#8220;color-jevc&#8220; overlay_alpha=&#8220;20&#8243; radius=&#8220;std&#8220; shift_x=&#8220;0&#8243; shift_y=&#8220;0&#8243; shift_y_down=&#8220;0&#8243; z_index=&#8220;0&#8243; align_medium=&#8220;align_center_tablet&#8220; medium_width=&#8220;0&#8243; align_mobile=&#8220;align_center_mobile&#8220; mobile_width=&#8220;0&#8243; width=&#8220;1\/6&#8243; uncode_shortcode_id=&#8220;977543&#8243; overlay_color_type=&#8220;uncode-palette&#8220; css=&#8220;.vc_custom_1765448499154{padding-right: 1vw !important;padding-left: 1vw !important;}&#8220; link_to=&#8220;url:https%3A%2F%2Fwww.sechsa.com%2Fde%2Fanwendungen%2Findustrie%2F|title:Industrie&#8220;][vc_column_text uncode_shortcode_id=&#8220;312408&#8243; el_class=&#8220;textshadow&#8220;]<\/p>\n<h3 style=\"text-align: center;\">Industrie<\/h3>\n<p>[\/vc_column_text][\/vc_column_inner][\/vc_row_inner][vc_button radius=&#8220;btn-round&#8220; hover_fx=&#8220;full-colored&#8220; border_width=&#8220;0&#8243; link=&#8220;url:https%3A%2F%2Fwww.sechsa.com%2Fde%2Fanwendungen%2F|title:Anwendungen&#8220; uncode_shortcode_id=&#8220;120533&#8243; icon=&#8220;fa fa-chevron-right&#8220; el_class=&#8220;a_right&#8220;]Weiterlesen[\/vc_button][\/vc_column][\/vc_row][vc_row row_height_percent=&#8220;0&#8243; back_color=&#8220;color-151138&#8243; overlay_alpha=&#8220;50&#8243; equal_height=&#8220;yes&#8220; gutter_size=&#8220;3&#8243; column_width_percent=&#8220;100&#8243; shift_y=&#8220;0&#8243; z_index=&#8220;0&#8243; content_parallax=&#8220;0&#8243; uncode_shortcode_id=&#8220;865490&#8243; back_color_type=&#8220;uncode-palette&#8220; row_name=&#8220;Products&#8220; css=&#8220;.vc_custom_1765314030067{padding-bottom: 5vh !important;}&#8220;][vc_column column_width_percent=&#8220;100&#8243; gutter_size=&#8220;3&#8243; overlay_alpha=&#8220;50&#8243; shift_x=&#8220;0&#8243; shift_y=&#8220;0&#8243; shift_y_down=&#8220;0&#8243; z_index=&#8220;0&#8243; medium_width=&#8220;0&#8243; mobile_width=&#8220;0&#8243; width=&#8220;1\/1&#8243; uncode_shortcode_id=&#8220;826266&#8243;][vc_custom_heading text_size=&#8220;h1&#8243; uncode_shortcode_id=&#8220;263288&#8243;]Sizing tool[\/vc_custom_heading][vc_row_inner][vc_column_inner column_width_percent=&#8220;100&#8243; gutter_size=&#8220;3&#8243; overlay_alpha=&#8220;50&#8243; shift_x=&#8220;0&#8243; shift_y=&#8220;0&#8243; shift_y_down=&#8220;0&#8243; z_index=&#8220;0&#8243; medium_width=&#8220;0&#8243; mobile_width=&#8220;0&#8243; width=&#8220;2\/3&#8243; uncode_shortcode_id=&#8220;210981&#8243;][vc_icon position=&#8220;left&#8220; title_aligned_icon=&#8220;yes&#8220; display=&#8220;inline&#8220; icon=&#8220;fa fa-info&#8220; icon_image=&#8220;575&#8243; icon_color=&#8220;color-200184&#8243; media_size=&#8220;32&#8243; uncode_shortcode_id=&#8220;106254&#8243; icon_color_type=&#8220;uncode-palette&#8220;]<\/p>\n<p style=\"text-align: left;\">Ein Einsatz von Ultrakondensatoren \/ Superkondensatoren bedarf einer genauen Planung und Berechnung. SECH bietet ein Online Dimensionierungstool an, mit dem Sie selbst\u00e4ndig die Dimensionierung Ihrer Energiespeicherl\u00f6sung vornehmen k\u00f6nnen. Die vorgeschlagenen Auslegungen basieren auf Ultrakondensatorzellen und -modulen von SECH. Das Tool bietet die M\u00f6glichkeit unterschiedliche Anwendungsbedingungen zu simulieren.<\/p>\n<p>[\/vc_icon][\/vc_column_inner][vc_column_inner width=&#8220;1\/3&#8243;][\/vc_column_inner][\/vc_row_inner][vc_button radius=&#8220;btn-round&#8220; hover_fx=&#8220;full-colored&#8220; border_width=&#8220;0&#8243; link=&#8220;url:https%3A%2F%2Fwww.sechsa.com%2Fde%2Ftechnischer-support%2Ftools%2F|title:Tools&#8220; uncode_shortcode_id=&#8220;158952&#8243; icon=&#8220;fa fa-chevron-right&#8220; el_class=&#8220;a_right&#8220;]Weiterlesen[\/vc_button][\/vc_column][\/vc_row][vc_row row_height_percent=&#8220;0&#8243; override_padding=&#8220;yes&#8220; h_padding=&#8220;2&#8243; top_padding=&#8220;3&#8243; bottom_padding=&#8220;2&#8243; back_color=&#8220;color-195483&#8243; overlay_alpha=&#8220;50&#8243; equal_height=&#8220;yes&#8220; gutter_size=&#8220;3&#8243; column_width_percent=&#8220;100&#8243; shift_y=&#8220;0&#8243; z_index=&#8220;0&#8243; content_parallax=&#8220;0&#8243; uncode_shortcode_id=&#8220;143619&#8243; back_color_type=&#8220;uncode-palette&#8220; row_name=&#8220;Products&#8220; css=&#8220;.vc_custom_1765313894942{padding-bottom: 15vh !important;}&#8220;][vc_column column_width_percent=&#8220;100&#8243; gutter_size=&#8220;3&#8243; overlay_alpha=&#8220;50&#8243; shift_x=&#8220;0&#8243; shift_y=&#8220;0&#8243; shift_y_down=&#8220;0&#8243; z_index=&#8220;0&#8243; medium_width=&#8220;0&#8243; mobile_width=&#8220;0&#8243; width=&#8220;1\/1&#8243; uncode_shortcode_id=&#8220;826266&#8243;][uncode_index el_id=&#8220;index-690721&#8243; index_type=&#8220;carousel&#8220; loop=&#8220;size:1|order_by:date|post_type:post|taxonomy_count:10&#8243; carousel_lg=&#8220;1&#8243; carousel_md=&#8220;1&#8243; carousel_sm=&#8220;1&#8243; gutter_size=&#8220;3&#8243; post_items=&#8220;media|featured|onpost|poster,title|-,text|excerpt,spacer|half,link|link|default_size|scale_mobile|default_width|default_outline&#8220; carousel_interval=&#8220;3000&#8243; carousel_navspeed=&#8220;400&#8243; stage_padding=&#8220;0&#8243; single_overlay_opacity=&#8220;50&#8243; single_overlay_anim=&#8220;no&#8220; single_text_visible=&#8220;yes&#8220; single_image_anim=&#8220;no&#8220; single_padding=&#8220;2&#8243; single_title_semantic=&#8220;h2&#8243; single_title_dimension=&#8220;h1&#8243; uncode_shortcode_id=&#8220;572831&#8243; el_class=&#8220;posts&#8220;][\/vc_column][\/vc_row]<\/p>\n<\/div>","protected":false},"excerpt":{"rendered":"<p>[vc_row row_height_percent=&#8220;0&#8243; back_color=&#8220;color-195483&#8243; overlay_alpha=&#8220;50&#8243; gutter_size=&#8220;3&#8243; column_width_percent=&#8220;100&#8243; shift_y=&#8220;0&#8243; z_index=&#8220;0&#8243; content_parallax=&#8220;0&#8243; uncode_shortcode_id=&#8220;586797&#8243; css=&#8220;.vc_custom_1765140425967{padding-bottom: 10vh !important;}&#8220; back_color_type=&#8220;uncode-palette&#8220;][vc_column width=&#8220;1\/1&#8243;][vc_custom_heading heading_semantic=&#8220;h1&#8243; text_size=&#8220;h1&#8243; uncode_shortcode_id=&#8220;822209&#8243;]Das Unternehmen[\/vc_custom_heading][vc_row_inner row_inner_height_percent=&#8220;0&#8243; [&hellip;]<\/p>\n","protected":false},"author":1,"featured_media":0,"parent":0,"menu_order":8,"comment_status":"closed","ping_status":"closed","template":"","meta":{"inline_featured_image":false,"_locale":"de_DE","_original_post":"https:\/\/www.sechsa.com\/?page_id=7578","footnotes":""},"class_list":["post-7792","page","type-page","status-publish","hentry","de-DE"],"_links":{"self":[{"href":"https:\/\/www.sechsa.com\/wp-json\/wp\/v2\/pages\/7792","targetHints":{"allow":["GET"]}}],"collection":[{"href":"https:\/\/www.sechsa.com\/wp-json\/wp\/v2\/pages"}],"about":[{"href":"https:\/\/www.sechsa.com\/wp-json\/wp\/v2\/types\/page"}],"author":[{"embeddable":true,"href":"https:\/\/www.sechsa.com\/wp-json\/wp\/v2\/users\/1"}],"replies":[{"embeddable":true,"href":"https:\/\/www.sechsa.com\/wp-json\/wp\/v2\/comments?post=7792"}],"version-history":[{"count":11,"href":"https:\/\/www.sechsa.com\/wp-json\/wp\/v2\/pages\/7792\/revisions"}],"predecessor-version":[{"id":7891,"href":"https:\/\/www.sechsa.com\/wp-json\/wp\/v2\/pages\/7792\/revisions\/7891"}],"wp:attachment":[{"href":"https:\/\/www.sechsa.com\/wp-json\/wp\/v2\/media?parent=7792"}],"curies":[{"name":"wp","href":"https:\/\/api.w.org\/{rel}","templated":true}]}}