{"id":762,"date":"2017-11-15T10:57:25","date_gmt":"2017-11-15T09:57:25","guid":{"rendered":"https:\/\/www.sechsa.com\/?page_id=762"},"modified":"2026-01-19T12:27:26","modified_gmt":"2026-01-19T11:27:26","slug":"automobil","status":"publish","type":"page","link":"https:\/\/www.sechsa.com\/de\/anwendungen\/automobil\/","title":{"rendered":"Automobil"},"content":{"rendered":"<div class=\"wpb-content-wrapper\"><p>[vc_row][vc_column width=&#8220;1\/1&#8243;][vc_custom_heading uncode_shortcode_id=&#8220;150346&#8243;]Automobil[\/vc_custom_heading][\/vc_column][\/vc_row][vc_row row_height_percent=&#8220;0&#8243; overlay_alpha=&#8220;50&#8243; gutter_size=&#8220;3&#8243; column_width_percent=&#8220;100&#8243; shift_y=&#8220;0&#8243; z_index=&#8220;0&#8243; desktop_visibility=&#8220;yes&#8220;][vc_column width=&#8220;1\/1&#8243;][vc_gallery el_id=&#8220;gallery-128878&#8243; type=&#8220;carousel&#8220; random=&#8220;yes&#8220; medias=&#8220;614,947,621&#8243; carousel_lg=&#8220;3&#8243; carousel_md=&#8220;3&#8243; carousel_sm=&#8220;1&#8243; gutter_size=&#8220;3&#8243; carousel_interval=&#8220;3000&#8243; carousel_navspeed=&#8220;400&#8243; carousel_loop=&#8220;yes&#8220; stage_padding=&#8220;0&#8243; single_overlay_opacity=&#8220;50&#8243; single_v_position=&#8220;top&#8220; single_padding=&#8220;2&#8243; single_border=&#8220;yes&#8220;][\/vc_column][\/vc_row][vc_row row_height_percent=&#8220;0&#8243; overlay_alpha=&#8220;50&#8243; gutter_size=&#8220;3&#8243; column_width_percent=&#8220;100&#8243; shift_y=&#8220;0&#8243; z_index=&#8220;0&#8243;][vc_column column_width_percent=&#8220;100&#8243; gutter_size=&#8220;3&#8243; overlay_alpha=&#8220;50&#8243; shift_x=&#8220;0&#8243; shift_y=&#8220;0&#8243; shift_y_down=&#8220;0&#8243; z_index=&#8220;0&#8243; medium_visibility=&#8220;yes&#8220; medium_width=&#8220;0&#8243; mobile_visibility=&#8220;yes&#8220; mobile_width=&#8220;0&#8243; width=&#8220;1\/3&#8243;][vc_gallery el_id=&#8220;gallery-128878&#8243; type=&#8220;justified&#8220; medias=&#8220;614,622,947,621&#8243; justify_row_height=&#8220;&#8220; gutter_size=&#8220;3&#8243; single_overlay_opacity=&#8220;50&#8243; single_v_position=&#8220;top&#8220; single_padding=&#8220;2&#8243; single_border=&#8220;yes&#8220; items=&#8220;eyJ1bmRlZmluZWRfaSI6e319&#8243;][\/vc_column][vc_column width=&#8220;2\/3&#8243;][vc_column_text uncode_shortcode_id=&#8220;401955&#8243;]Mit dem Einsatz von Superkondensatoren \/ Ultrakondensatoren oder Hybridkondensatoren lassen sich Emissionen in Automobilanwendungen reduzieren. Die Automobilindustrie steht aufgrund zusehends versch\u00e4rfter CO2 Emissions-Vorschriften dauerhaft unter Druck noch deutlich effizientere Antriebskonzepte zu finden.[\/vc_column_text][vc_column_text]Hierbei werden Ultrakondensatoren ihren Vorteilen gegen\u00fcber herk\u00f6mmlichen Batterien gerecht. Als langlebige, sichere und sehr zyklenfeste Energiespeicher hoher Leistungsdichte sind sie f\u00fcr Anwendungen wie regeneratives Bremsen, Start-Stopp-Systeme, Drive-by-wire Systeme wie elektrische Lenkung, elektrisches Bremsen und aktive Fahrwerke sowie L\u00f6sungen zur Spannungsstabilisierung und Spitzenlastabdeckung im zuk\u00fcnftigen Fahrzeugbordnetz besonders geeignet.[\/vc_column_text][vc_column_text uncode_shortcode_id=&#8220;139292&#8243;]<\/p>\n<h2>Start-Stopp<\/h2>\n<p>Start-Stopp-Systeme etablieren sich zusehends in allen modernen Fahrzeugklassen. Sie bringen erhebliche Kraftstoffeinsparungen und reduzieren die Emissionen. Ultrakondensatoren liefern jederzeit, unabh\u00e4ngig von den \u00e4usseren Bedingungen, die zum effizienten und \u00fcbergangslosen Starten des Motors ben\u00f6tigten hohen Str\u00f6me. Die herk\u00f6mmliche Fahrzeugbatterie wird damit wesentlich entlastet.[\/vc_column_text][vc_column_text uncode_shortcode_id=&#8220;111350&#8243;]<\/p>\n<h2>Regeneratives Bremsen<\/h2>\n<p>Beim Bremsvorgang wird kinetische Energie gespeichert und beim Beschleunigen des Fahrzeugs wieder abgegeben. Durch derartige Systeme kann der Kraftstoffverbrauch markant gesenkt werden. Dank ihrer hohen Leistungsdichte, einer sehr hohen Zyklenfestigkeit und einem hervorragenden Wirkungsgrad eignen sich Ultrakondensatoren bestens f\u00fcr diese Anwendung.[\/vc_column_text][vc_column_text uncode_shortcode_id=&#8220;876125&#8243;]<\/p>\n<h2>Bordnetz-Spannungsstabilisierung<\/h2>\n<p>Das Bordnetz muss in der Lage sein, den Energie- und Leistungsbedarf f\u00fcr eine stets steigende Zahl elektrischer Verbraucher zur Verf\u00fcgung zu stellen. Heute werden deshalb Bordnetze h\u00f6herer Spannung eingesetzt. Um die Bordnetzspannung zu stabilisieren und transiente Vorg\u00e4nge abzudecken, kommen Ultrakondensatoren zum Einsatz. Sie liefern die kurzzeitig ben\u00f6tigten hohen Str\u00f6me und bilden so zusammen mit der Fahrzeugbatterie ein effizientes und robustes Energie- und Leistungssystem.[\/vc_column_text][vc_column_text uncode_shortcode_id=&#8220;156491&#8243;]<\/p>\n<h2>Spitzenlastabdeckung von Leistungsbez\u00fcger<\/h2>\n<p>Herk\u00f6mmliche Energiespeicher sind in vielen F\u00e4llen nicht in der Lage die Leistungsanforderungen heutiger elektrischer und elektromechanischer Fahrzeugsysteme abzudecken. Anwendungen wie das elektrische Lenken, das elektrische Bremsen oder auch moderne aktive Fahrwerke ben\u00f6tigen kurzzeitig hohe bis sehr hohe Leistungen. Ultrakondensatoren schliessen diese L\u00fccke, indem sie die erforderlichen Lastspitzen innerhalb der ben\u00f6tigten Zeit abdecken.[\/vc_column_text][vc_column_text uncode_shortcode_id=&#8220;962880&#8243;]<\/p>\n<h2>Leistungsunterst\u00fctzung f\u00fcr hybridelektrische Fahrzeuge<\/h2>\n<p>Bei Leicht- und Vollhybrid-Fahrzeugen k\u00f6nnen Ultrakondensatoren den prim\u00e4ren Batteriespeicher wesentlich entlasten und dadurch die Batterielebensdauer erh\u00f6hen. Auch in solchen Anwendungen gilt es im praktischen Betrieb Lastspitzen abzudecken. Durch die Kombination eines Ultrakondensators mit dem Batteriespeicher l\u00e4sst sich dies am effizientesten umsetzen.[\/vc_column_text][\/vc_column][\/vc_row]<\/p>\n<\/div>","protected":false},"excerpt":{"rendered":"<p>[vc_row][vc_column width=&#8220;1\/1&#8243;][vc_custom_heading uncode_shortcode_id=&#8220;150346&#8243;]Automobil[\/vc_custom_heading][\/vc_column][\/vc_row][vc_row row_height_percent=&#8220;0&#8243; overlay_alpha=&#8220;50&#8243; gutter_size=&#8220;3&#8243; column_width_percent=&#8220;100&#8243; shift_y=&#8220;0&#8243; z_index=&#8220;0&#8243; desktop_visibility=&#8220;yes&#8220;][vc_column width=&#8220;1\/1&#8243;][vc_gallery el_id=&#8220;gallery-128878&#8243; type=&#8220;carousel&#8220; random=&#8220;yes&#8220; medias=&#8220;614,947,621&#8243; carousel_lg=&#8220;3&#8243; carousel_md=&#8220;3&#8243; carousel_sm=&#8220;1&#8243; gutter_size=&#8220;3&#8243; carousel_interval=&#8220;3000&#8243; [&hellip;]<\/p>\n","protected":false},"author":2,"featured_media":0,"parent":736,"menu_order":0,"comment_status":"closed","ping_status":"closed","template":"","meta":{"inline_featured_image":false,"_locale":"de_DE","_original_post":"58","footnotes":""},"class_list":["post-762","page","type-page","status-publish","hentry","de-DE"],"_links":{"self":[{"href":"https:\/\/www.sechsa.com\/wp-json\/wp\/v2\/pages\/762","targetHints":{"allow":["GET"]}}],"collection":[{"href":"https:\/\/www.sechsa.com\/wp-json\/wp\/v2\/pages"}],"about":[{"href":"https:\/\/www.sechsa.com\/wp-json\/wp\/v2\/types\/page"}],"author":[{"embeddable":true,"href":"https:\/\/www.sechsa.com\/wp-json\/wp\/v2\/users\/2"}],"replies":[{"embeddable":true,"href":"https:\/\/www.sechsa.com\/wp-json\/wp\/v2\/comments?post=762"}],"version-history":[{"count":10,"href":"https:\/\/www.sechsa.com\/wp-json\/wp\/v2\/pages\/762\/revisions"}],"predecessor-version":[{"id":7515,"href":"https:\/\/www.sechsa.com\/wp-json\/wp\/v2\/pages\/762\/revisions\/7515"}],"up":[{"embeddable":true,"href":"https:\/\/www.sechsa.com\/wp-json\/wp\/v2\/pages\/736"}],"wp:attachment":[{"href":"https:\/\/www.sechsa.com\/wp-json\/wp\/v2\/media?parent=762"}],"curies":[{"name":"wp","href":"https:\/\/api.w.org\/{rel}","templated":true}]}}