{"id":7472,"date":"2025-12-03T10:10:18","date_gmt":"2025-12-03T09:10:18","guid":{"rendered":"https:\/\/www.sechsa.com\/?page_id=7472"},"modified":"2026-01-21T09:03:18","modified_gmt":"2026-01-21T08:03:18","slug":"production-location","status":"publish","type":"page","link":"https:\/\/www.sechsa.com\/de\/ueber-uns\/production-location\/","title":{"rendered":"Fertigungsst\u00e4tte"},"content":{"rendered":"<div class=\"wpb-content-wrapper\"><p>[vc_row][vc_column width=&#8220;1\/1&#8243;][vc_custom_heading heading_semantic=&#8220;h1&#8243; text_size=&#8220;h1&#8243; uncode_shortcode_id=&#8220;928906&#8243;]Fertigungsst\u00e4tte[\/vc_custom_heading][\/vc_column][\/vc_row][vc_row][vc_column width=&#8220;1\/1&#8243;][vc_column_text uncode_shortcode_id=&#8220;109270&#8243;]<\/p>\n<h2>Weltweit f\u00fchrender Hersteller von Ultrakondensatoren\/Superkondensatoren GMCC (GMCC Electronic Technology WUXI Ltd)<\/h2>\n<p>GMCC wurde 2010 gegr\u00fcndet und besch\u00e4ftigt sich mit der Forschung und Entwicklung sowie der Herstellung von aktiven Kohlenstoffen f\u00fcr elektrochemische Energiespeicher, Trockenelektroden, Superkondensatoren und sonstige Energiespeicher. Im Jahr 2025 nahm das Unternehmen eine brandneue Produktionsst\u00e4tte in Betrieb, eine weltweit gro\u00dfe und moderne Fabrik zur Herstellung von Elektroden und Ultrakondensatoren mit einer Fl\u00e4che von 192.000 Quadratmetern. Ausgestattet mit weltweit f\u00fchrenden modernen automatisierten, digitalisierten und intelligenten Produktionslinien f\u00fcr Superkondensatoren verf\u00fcgt die neue Fabrik \u00fcber eine gro\u00dfe Fertigungskapazit\u00e4t sowohl f\u00fcr das Elektrodenmaterial als auch f\u00fcr Einzelkondensatoren oder Module. Alle Produkte (einschlie\u00dflich Einzelzellen, Module und\/oder Systeme) erf\u00fcllen alle erforderlichen Zertifizierungen und entsprechen den Automobilstandards.<\/p>\n<p>Als Tochtergesellschaft von Sieyuan Electric Inc. hat sich die neue Fabrik zusammen mit ihren Geb\u00e4uden und Betriebsbereichen dem Aufbau eines nachhaltigen \u00f6kologischen Kreislaufs verschrieben. Der Schwerpunkt liegt auf der Aufrechterhaltung eines optimalen Gleichgewichts zwischen dem bestehenden \u00d6kosystem und der biologischen Vielfalt.<\/p>\n<p>F\u00fcr mehr Informationen klicken Sie hier: <a href=\"https:\/\/www.gmccsieyuan.com\/\" target=\"_blank\" rel=\"noopener\">https:\/\/www.gmccsieyuan.com\/<\/a>[\/vc_column_text][\/vc_column][\/vc_row][vc_row row_height_percent=&#8220;0&#8243; overlay_alpha=&#8220;50&#8243; gutter_size=&#8220;2&#8243; column_width_percent=&#8220;100&#8243; shift_y=&#8220;0&#8243; z_index=&#8220;0&#8243; el_class=&#8220;application_boxes&#8220;][vc_column column_width_percent=&#8220;100&#8243; gutter_size=&#8220;3&#8243; overlay_alpha=&#8220;50&#8243; shift_x=&#8220;0&#8243; shift_y=&#8220;0&#8243; shift_y_down=&#8220;0&#8243; z_index=&#8220;0&#8243; medium_width=&#8220;0&#8243; mobile_width=&#8220;0&#8243; width=&#8220;1\/6&#8243;][vc_icon icon_image=&#8220;573&#8243; heading_semantic=&#8220;h5&#8243; text_size=&#8220;h5&#8243; linked_title=&#8220;yes&#8220; title=&#8220;One Pager&#8220; link=&#8220;url:https%3A%2F%2Fwww.sechsa.com%2Fwp-content%2Fuploads%2FSech_One-Pager_GMCC.pdf|target:_blank&#8220; el_class=&#8220;application_icon&#8220; uncode_shortcode_id=&#8220;147959&#8243;][\/vc_icon][\/vc_column][\/vc_row]<\/p>\n<\/div>","protected":false},"excerpt":{"rendered":"<p>[vc_row][vc_column width=&#8220;1\/1&#8243;][vc_custom_heading heading_semantic=&#8220;h1&#8243; text_size=&#8220;h1&#8243; uncode_shortcode_id=&#8220;928906&#8243;]Fertigungsst\u00e4tte[\/vc_custom_heading][\/vc_column][\/vc_row][vc_row][vc_column width=&#8220;1\/1&#8243;][vc_column_text uncode_shortcode_id=&#8220;109270&#8243;] Weltweit f\u00fchrender Hersteller von Ultrakondensatoren\/Superkondensatoren GMCC (GMCC Electronic Technology WUXI Ltd) GMCC wurde [&hellip;]<\/p>\n","protected":false},"author":2,"featured_media":0,"parent":818,"menu_order":0,"comment_status":"closed","ping_status":"closed","template":"","meta":{"inline_featured_image":false,"_locale":"de_DE","_original_post":"https:\/\/www.sechsa.com\/?page_id=7442","footnotes":""},"class_list":["post-7472","page","type-page","status-publish","hentry","de-DE"],"_links":{"self":[{"href":"https:\/\/www.sechsa.com\/wp-json\/wp\/v2\/pages\/7472","targetHints":{"allow":["GET"]}}],"collection":[{"href":"https:\/\/www.sechsa.com\/wp-json\/wp\/v2\/pages"}],"about":[{"href":"https:\/\/www.sechsa.com\/wp-json\/wp\/v2\/types\/page"}],"author":[{"embeddable":true,"href":"https:\/\/www.sechsa.com\/wp-json\/wp\/v2\/users\/2"}],"replies":[{"embeddable":true,"href":"https:\/\/www.sechsa.com\/wp-json\/wp\/v2\/comments?post=7472"}],"version-history":[{"count":4,"href":"https:\/\/www.sechsa.com\/wp-json\/wp\/v2\/pages\/7472\/revisions"}],"predecessor-version":[{"id":7597,"href":"https:\/\/www.sechsa.com\/wp-json\/wp\/v2\/pages\/7472\/revisions\/7597"}],"up":[{"embeddable":true,"href":"https:\/\/www.sechsa.com\/wp-json\/wp\/v2\/pages\/818"}],"wp:attachment":[{"href":"https:\/\/www.sechsa.com\/wp-json\/wp\/v2\/media?parent=7472"}],"curies":[{"name":"wp","href":"https:\/\/api.w.org\/{rel}","templated":true}]}}