{"id":731,"date":"2017-11-14T21:59:40","date_gmt":"2017-11-14T20:59:40","guid":{"rendered":"https:\/\/www.sechsa.com\/?page_id=731"},"modified":"2026-02-09T16:48:53","modified_gmt":"2026-02-09T15:48:53","slug":"produkte","status":"publish","type":"page","link":"https:\/\/www.sechsa.com\/de\/produkte\/","title":{"rendered":"Produkte"},"content":{"rendered":"<div class=\"wpb-content-wrapper\"><p>[vc_row][vc_column width=&#8220;1\/1&#8243;][vc_custom_heading heading_semantic=&#8220;h1&#8243; text_size=&#8220;h1&#8243; uncode_shortcode_id=&#8220;141667&#8243;]Produkte[\/vc_custom_heading][\/vc_column][\/vc_row][vc_row][vc_column width=&#8220;1\/1&#8243;][vc_column_text]SECH Ultrakondensatoren oder auch Superkondensatoren sind Energiespeicher, welche in der Lage sind Energie sehr schnell und mit hohem Wirkungsgrad zu speichern und abzugeben. Sie weisen eine hohe Energie- und un\u00fcbertroffene Leistungsdichte auf, sind sehr sicher und zuverl\u00e4ssig in einem breiten Temperaturband zu betreiben, weisen eine lange Lebensdauer auf und k\u00f6nnen ohne merkliche Leistungseinbussen viele 100 Tausendmale geladen und entladen werden. SECH Produkte umfassen Zellen, Module und Systeme.<\/p>\n<p>SECH Hybrid-Ultrakondensator (HUC)-Zellen HUC-Zellen kombinieren die Eigenschaften eines Ultrakondensators mit denen einer Lithiumbatterie, um eine langlebige und ultraschnelle Hochenergie-Speicherzelle zu schaffen, die in Sekunden aufgeladen und entladen werden kann. Sie weisen eine batterie\u00e4hnliche Energiedichte und eine ultrakondensator\u00e4hnliche Leistungsdichte auf, sind sehr langlebig und dadurch ideal f\u00fcr den Einsatz in anspruchsvollen Umgebungen und k\u00f6nnen zehntausende Male ohne nennenswerte Leistungsverluste bei hohen Str\u00f6men geladen und entladen werden.[\/vc_column_text][\/vc_column][\/vc_row][vc_row row_height_percent=&#8220;0&#8243; overlay_alpha=&#8220;50&#8243; gutter_size=&#8220;3&#8243; column_width_percent=&#8220;100&#8243; shift_y=&#8220;0&#8243; z_index=&#8220;0&#8243;][vc_column column_width_percent=&#8220;100&#8243; gutter_size=&#8220;3&#8243; override_padding=&#8220;yes&#8220; column_padding=&#8220;0&#8243; expand_height=&#8220;yes&#8220; overlay_alpha=&#8220;50&#8243; shift_x=&#8220;0&#8243; shift_y=&#8220;0&#8243; shift_y_down=&#8220;0&#8243; z_index=&#8220;0&#8243; medium_width=&#8220;3&#8243; mobile_width=&#8220;0&#8243; width=&#8220;1\/4&#8243; link_to=&#8220;url:https%3A%2F%2Fwww.sechsa.com%2Fde%2Fprodukte%2Fzellen%2F|title:Capacitor%20Cells&#8220;][vc_single_image media=&#8220;13&#8243; media_width_use_pixel=&#8220;yes&#8220; alignment=&#8220;center&#8220; media_link=&#8220;title:Zellen&#8220; media_width_pixel=&#8220;250&#8243;][vc_single_image media=&#8220;5274&#8243; media_width_percent=&#8220;100&#8243; alignment=&#8220;center&#8220;][\/vc_column][vc_column column_width_percent=&#8220;100&#8243; gutter_size=&#8220;3&#8243; overlay_alpha=&#8220;50&#8243; shift_x=&#8220;0&#8243; shift_y=&#8220;0&#8243; shift_y_down=&#8220;0&#8243; z_index=&#8220;0&#8243; medium_width=&#8220;3&#8243; mobile_width=&#8220;0&#8243; width=&#8220;1\/4&#8243;][vc_single_image media=&#8220;6209&#8243; media_width_use_pixel=&#8220;yes&#8220; alignment=&#8220;center&#8220; media_link=&#8220;title:Zellen&#8220; media_width_pixel=&#8220;250&#8243;][vc_single_image media=&#8220;6154&#8243; media_width_percent=&#8220;100&#8243; alignment=&#8220;center&#8220;][\/vc_column][vc_column column_width_percent=&#8220;100&#8243; gutter_size=&#8220;3&#8243; overlay_alpha=&#8220;50&#8243; shift_x=&#8220;0&#8243; shift_y=&#8220;0&#8243; shift_y_down=&#8220;0&#8243; z_index=&#8220;0&#8243; medium_width=&#8220;3&#8243; mobile_width=&#8220;0&#8243; width=&#8220;1\/4&#8243; link_to=&#8220;url:https%3A%2F%2Fwww.sechsa.com%2Fde%2Fprodukte%2Fmodule%2F|title:Modules&#8220;][vc_single_image media=&#8220;14&#8243; media_width_use_pixel=&#8220;yes&#8220; alignment=&#8220;center&#8220; media_link=&#8220;title:Module&#8220; media_width_pixel=&#8220;250&#8243;][vc_single_image media=&#8220;5275&#8243; media_width_percent=&#8220;100&#8243; alignment=&#8220;center&#8220;][\/vc_column][vc_column column_width_percent=&#8220;100&#8243; gutter_size=&#8220;3&#8243; overlay_alpha=&#8220;50&#8243; shift_x=&#8220;0&#8243; shift_y=&#8220;0&#8243; shift_y_down=&#8220;0&#8243; z_index=&#8220;0&#8243; medium_width=&#8220;3&#8243; mobile_width=&#8220;0&#8243; width=&#8220;1\/4&#8243; link_to=&#8220;url:https%3A%2F%2Fwww.sechsa.com%2Fde%2Fprodukte%2Fsysteme%2F|title:Systems%20%26%20Solutions&#8220;][vc_single_image media=&#8220;15&#8243; media_width_use_pixel=&#8220;yes&#8220; alignment=&#8220;center&#8220; media_link=&#8220;title:Systems%20%26%20Solutions&#8220; media_width_pixel=&#8220;250&#8243;][vc_single_image media=&#8220;5276&#8243; media_width_percent=&#8220;100&#8243; alignment=&#8220;center&#8220;][\/vc_column][\/vc_row]<\/p>\n<\/div>","protected":false},"excerpt":{"rendered":"<p>[vc_row][vc_column width=&#8220;1\/1&#8243;][vc_custom_heading heading_semantic=&#8220;h1&#8243; text_size=&#8220;h1&#8243; uncode_shortcode_id=&#8220;141667&#8243;]Produkte[\/vc_custom_heading][\/vc_column][\/vc_row][vc_row][vc_column width=&#8220;1\/1&#8243;][vc_column_text]SECH Ultrakondensatoren oder auch Superkondensatoren sind Energiespeicher, welche in der Lage sind Energie sehr schnell [&hellip;]<\/p>\n","protected":false},"author":2,"featured_media":0,"parent":0,"menu_order":10,"comment_status":"closed","ping_status":"closed","template":"","meta":{"inline_featured_image":false,"_locale":"de_DE","_original_post":"26","footnotes":""},"class_list":["post-731","page","type-page","status-publish","hentry","de-DE"],"_links":{"self":[{"href":"https:\/\/www.sechsa.com\/wp-json\/wp\/v2\/pages\/731","targetHints":{"allow":["GET"]}}],"collection":[{"href":"https:\/\/www.sechsa.com\/wp-json\/wp\/v2\/pages"}],"about":[{"href":"https:\/\/www.sechsa.com\/wp-json\/wp\/v2\/types\/page"}],"author":[{"embeddable":true,"href":"https:\/\/www.sechsa.com\/wp-json\/wp\/v2\/users\/2"}],"replies":[{"embeddable":true,"href":"https:\/\/www.sechsa.com\/wp-json\/wp\/v2\/comments?post=731"}],"version-history":[{"count":12,"href":"https:\/\/www.sechsa.com\/wp-json\/wp\/v2\/pages\/731\/revisions"}],"predecessor-version":[{"id":7895,"href":"https:\/\/www.sechsa.com\/wp-json\/wp\/v2\/pages\/731\/revisions\/7895"}],"wp:attachment":[{"href":"https:\/\/www.sechsa.com\/wp-json\/wp\/v2\/media?parent=731"}],"curies":[{"name":"wp","href":"https:\/\/api.w.org\/{rel}","templated":true}]}}